{"id":2694,"date":"2018-11-13T11:32:10","date_gmt":"2018-11-13T10:32:10","guid":{"rendered":"https:\/\/patchstrips.eu\/patch-varianten\/"},"modified":"2024-12-02T12:27:55","modified_gmt":"2024-12-02T11:27:55","slug":"patch-varianten","status":"publish","type":"page","link":"https:\/\/patchstrips.eu\/at\/patch-varianten\/","title":{"rendered":"PATCH Varianten"},"content":{"rendered":"\n\t<section class=\"section dark\" id=\"section_880407572\">\n\t\t<div class=\"section-bg fill\" >\n\t\t\t\t\t\t\t\t\t\n\t\t\t\n\n\t\t<\/div>\n\n\t\t\n\n\t\t<div class=\"section-content relative\">\n\t\t\t\n\n<div class=\"row\"  id=\"row-1320918198\">\n\n\n\t<div id=\"col-109017474\" class=\"col medium-3 small-12 large-3\"  >\n\t\t\t\t<div class=\"col-inner text-center\"  >\n\t\t\t\n\t\t\t\n\n\t<div class=\"img has-hover x md-x lg-x y md-y lg-y\" id=\"image_826284568\">\n\t\t<a class=\"\" href=\"\/at\/produkt\/patch-tube-bundle\/\" >\t\t\t\t\t\t<div class=\"img-inner dark\" >\n\t\t\t<img loading=\"lazy\" decoding=\"async\" width=\"512\" height=\"512\" src=\"https:\/\/patchstrips.eu\/wp-content\/uploads\/2019\/04\/Patchstrips-Aloe-Vera.png\" class=\"attachment-large size-large\" alt=\"\" srcset=\"https:\/\/patchstrips.eu\/wp-content\/uploads\/2019\/04\/Patchstrips-Aloe-Vera.png 512w, https:\/\/patchstrips.eu\/wp-content\/uploads\/2019\/04\/Patchstrips-Aloe-Vera-280x280.png 280w, https:\/\/patchstrips.eu\/wp-content\/uploads\/2019\/04\/Patchstrips-Aloe-Vera-400x400.png 400w, https:\/\/patchstrips.eu\/wp-content\/uploads\/2019\/04\/Patchstrips-Aloe-Vera-500x500.png 500w, https:\/\/patchstrips.eu\/wp-content\/uploads\/2019\/04\/Patchstrips-Aloe-Vera-510x510.png 510w, https:\/\/patchstrips.eu\/wp-content\/uploads\/2019\/04\/Patchstrips-Aloe-Vera-100x100.png 100w\" sizes=\"auto, (max-width: 512px) 100vw, 512px\" \/>\t\t\t\t\t\t\n\t\t\t\t\t<\/div>\n\t\t\t\t\t\t<\/a>\t\t\n<style>\n#image_826284568 {\n  width: 48%;\n}\n@media (min-width:550px) {\n  #image_826284568 {\n    width: 100%;\n  }\n}\n<\/style>\n\t<\/div>\n\t\n\n\n\t\t<\/div>\n\t\t\t\t\t<\/div>\n\n\t\n\n\t<div id=\"col-1779016785\" class=\"col medium-3 small-12 large-3\"  >\n\t\t\t\t<div class=\"col-inner text-center\"  >\n\t\t\t\n\t\t\t\n\n\t<div class=\"img has-hover x md-x lg-x y md-y lg-y\" id=\"image_77798026\">\n\t\t<a class=\"\" href=\"\/at\/produkt\/patch-grossformat\/\" >\t\t\t\t\t\t<div class=\"img-inner dark\" >\n\t\t\t<img loading=\"lazy\" decoding=\"async\" width=\"800\" height=\"800\" src=\"https:\/\/patchstrips.eu\/wp-content\/uploads\/2022\/11\/PATCH-Grossformat-Pflaster-PATLFAL10EN-800x800.jpg\" class=\"attachment-large size-large\" alt=\"PATCH Gro\u00dfformat Pflaster Aloe Vera\" srcset=\"https:\/\/patchstrips.eu\/wp-content\/uploads\/2022\/11\/PATCH-Grossformat-Pflaster-PATLFAL10EN-800x800.jpg 800w, https:\/\/patchstrips.eu\/wp-content\/uploads\/2022\/11\/PATCH-Grossformat-Pflaster-PATLFAL10EN-400x400.jpg 400w, https:\/\/patchstrips.eu\/wp-content\/uploads\/2022\/11\/PATCH-Grossformat-Pflaster-PATLFAL10EN-280x280.jpg 280w, https:\/\/patchstrips.eu\/wp-content\/uploads\/2022\/11\/PATCH-Grossformat-Pflaster-PATLFAL10EN-768x768.jpg 768w, https:\/\/patchstrips.eu\/wp-content\/uploads\/2022\/11\/PATCH-Grossformat-Pflaster-PATLFAL10EN-500x500.jpg 500w, https:\/\/patchstrips.eu\/wp-content\/uploads\/2022\/11\/PATCH-Grossformat-Pflaster-PATLFAL10EN-510x510.jpg 510w, https:\/\/patchstrips.eu\/wp-content\/uploads\/2022\/11\/PATCH-Grossformat-Pflaster-PATLFAL10EN-100x100.jpg 100w, https:\/\/patchstrips.eu\/wp-content\/uploads\/2022\/11\/PATCH-Grossformat-Pflaster-PATLFAL10EN.jpg 1000w\" sizes=\"auto, (max-width: 800px) 100vw, 800px\" \/>\t\t\t\t\t\t\n\t\t\t\t\t<\/div>\n\t\t\t\t\t\t<\/a>\t\t\n<style>\n#image_77798026 {\n  width: 48%;\n}\n@media (min-width:550px) {\n  #image_77798026 {\n    width: 100%;\n  }\n}\n<\/style>\n\t<\/div>\n\t\n\n\n\t\t<\/div>\n\t\t\t\t\t<\/div>\n\n\t\n\n\t<div id=\"col-1208281691\" class=\"col medium-6 small-12 large-6\"  >\n\t\t\t\t<div class=\"col-inner\"  >\n\t\t\t\n\t\t\t\n\n<h3 class=\"uppercase\"><strong>PATCH Aloe Vera<\/strong><\/h3>\n<h4><span style=\"font-size: 75%;\">BAMBUSPFLASTER<\/span><\/h4>\n<p>Das Bambuspflaster mit Aloe Vera bei leichten Verbrennungen oder Blasen. Perfekt zur Erstversorgung. Beruhigend und lindernd.<\/p>\n<a href=\"\/at\/produkt\/patch-tube-bundle\/\" class=\"button white\" style=\"border-radius:99px;\">\n\t\t<span>PATCH Bambuspflaster<\/span>\n\t<\/a>\n\n\n<a href=\"\/at\/produkt\/patch-grossformat\/\" class=\"button white\" style=\"border-radius:99px;\">\n\t\t<span>PATCH Gro\u00dfformat<\/span>\n\t<\/a>\n\n\n\n\t\t<\/div>\n\t\t\t\t\t<\/div>\n\n\t\n\n\n<style>\n#row-1320918198 > .col > .col-inner {\n  padding: 40px 0px 0px 0px;\n}\n<\/style>\n<\/div>\n\n\t\t<\/div>\n\n\t\t\n<style>\n#section_880407572 {\n  padding-top: 60px;\n  padding-bottom: 60px;\n  background-color: #65a22e;\n}\n<\/style>\n\t<\/section>\n\t\n\n\t<section class=\"section dark\" id=\"section_1635072835\">\n\t\t<div class=\"section-bg fill\" >\n\t\t\t\t\t\t\t\t\t\n\t\t\t\n\n\t\t<\/div>\n\n\t\t\n\n\t\t<div class=\"section-content relative\">\n\t\t\t\n\n<div class=\"row\"  id=\"row-220981623\">\n\n\n\t<div id=\"col-805461138\" class=\"col medium-6 small-12 large-6\"  >\n\t\t\t\t<div class=\"col-inner\"  >\n\t\t\t\n\t\t\t\n\n<h3 class=\"uppercase\"><span style=\"color: #ffffff;\"><strong>PATCH Kokos\u00f6l<\/strong><\/span><\/h3>\n<h4><span style=\"font-size: 75%;\">BAMBUSPFLASTER<\/span><\/h4>\n<p><span style=\"color: #ffffff;\">Das Bambuspflaster mit Kokos\u00f6l speziell entwickelt f\u00fcr sensible Kinderhaut. Im lustigen Panda-Design. Auch f\u00fcr Babys geeignet.<\/span><\/p>\n<a href=\"\/at\/produkt\/patch-tube-bundle\/\" class=\"button white\" style=\"border-radius:99px;\">\n\t\t<span>PATCH Bambuspflaster<\/span>\n\t<\/a>\n\n\n<a href=\"\/at\/produkt\/patch-grossformat\/\" class=\"button white\" style=\"border-radius:99px;\">\n\t\t<span>PATCH Gro\u00dfformat<\/span>\n\t<\/a>\n\n\n\n\t\t<\/div>\n\t\t\t\t\t<\/div>\n\n\t\n\n\t<div id=\"col-1776565370\" class=\"col medium-3 small-12 large-3 small-col-first\"  >\n\t\t\t\t<div class=\"col-inner text-center\"  >\n\t\t\t\n\t\t\t\n\n\t<div class=\"img has-hover x md-x lg-x y md-y lg-y\" id=\"image_1396058409\">\n\t\t<a class=\"\" href=\"\/at\/produkt\/patch-tube-bundle\/\" >\t\t\t\t\t\t<div class=\"img-inner dark\" >\n\t\t\t<img loading=\"lazy\" decoding=\"async\" width=\"512\" height=\"512\" src=\"https:\/\/patchstrips.eu\/wp-content\/uploads\/2019\/04\/Patcghstrips-kokos.png\" class=\"attachment-large size-large\" alt=\"\" srcset=\"https:\/\/patchstrips.eu\/wp-content\/uploads\/2019\/04\/Patcghstrips-kokos.png 512w, https:\/\/patchstrips.eu\/wp-content\/uploads\/2019\/04\/Patcghstrips-kokos-280x280.png 280w, https:\/\/patchstrips.eu\/wp-content\/uploads\/2019\/04\/Patcghstrips-kokos-400x400.png 400w, https:\/\/patchstrips.eu\/wp-content\/uploads\/2019\/04\/Patcghstrips-kokos-500x500.png 500w, https:\/\/patchstrips.eu\/wp-content\/uploads\/2019\/04\/Patcghstrips-kokos-510x510.png 510w, https:\/\/patchstrips.eu\/wp-content\/uploads\/2019\/04\/Patcghstrips-kokos-100x100.png 100w\" sizes=\"auto, (max-width: 512px) 100vw, 512px\" \/>\t\t\t\t\t\t\n\t\t\t\t\t<\/div>\n\t\t\t\t\t\t<\/a>\t\t\n<style>\n#image_1396058409 {\n  width: 48%;\n}\n@media (min-width:550px) {\n  #image_1396058409 {\n    width: 100%;\n  }\n}\n<\/style>\n\t<\/div>\n\t\n\n\n\t\t<\/div>\n\t\t\t\t\t<\/div>\n\n\t\n\n\t<div id=\"col-1547550314\" class=\"col medium-3 small-12 large-3 small-col-first\"  >\n\t\t\t\t<div class=\"col-inner text-center\"  >\n\t\t\t\n\t\t\t\n\n\t<div class=\"img has-hover x md-x lg-x y md-y lg-y\" id=\"image_130587209\">\n\t\t<a class=\"\" href=\"\/at\/produkt\/patch-grossformat\/\" >\t\t\t\t\t\t<div class=\"img-inner dark\" >\n\t\t\t<img loading=\"lazy\" decoding=\"async\" width=\"800\" height=\"800\" src=\"https:\/\/patchstrips.eu\/wp-content\/uploads\/2022\/11\/PATCH-Grossformat-Pflaster-PATLFCO10EN-800x800.jpg\" class=\"attachment-large size-large\" alt=\"PATCH Gro\u00dfformat Pflaster Kokos\u00f6l\" srcset=\"https:\/\/patchstrips.eu\/wp-content\/uploads\/2022\/11\/PATCH-Grossformat-Pflaster-PATLFCO10EN-800x800.jpg 800w, https:\/\/patchstrips.eu\/wp-content\/uploads\/2022\/11\/PATCH-Grossformat-Pflaster-PATLFCO10EN-400x400.jpg 400w, https:\/\/patchstrips.eu\/wp-content\/uploads\/2022\/11\/PATCH-Grossformat-Pflaster-PATLFCO10EN-280x280.jpg 280w, https:\/\/patchstrips.eu\/wp-content\/uploads\/2022\/11\/PATCH-Grossformat-Pflaster-PATLFCO10EN-768x768.jpg 768w, https:\/\/patchstrips.eu\/wp-content\/uploads\/2022\/11\/PATCH-Grossformat-Pflaster-PATLFCO10EN-500x500.jpg 500w, https:\/\/patchstrips.eu\/wp-content\/uploads\/2022\/11\/PATCH-Grossformat-Pflaster-PATLFCO10EN-510x510.jpg 510w, https:\/\/patchstrips.eu\/wp-content\/uploads\/2022\/11\/PATCH-Grossformat-Pflaster-PATLFCO10EN-100x100.jpg 100w, https:\/\/patchstrips.eu\/wp-content\/uploads\/2022\/11\/PATCH-Grossformat-Pflaster-PATLFCO10EN.jpg 1000w\" sizes=\"auto, (max-width: 800px) 100vw, 800px\" \/>\t\t\t\t\t\t\n\t\t\t\t\t<\/div>\n\t\t\t\t\t\t<\/a>\t\t\n<style>\n#image_130587209 {\n  width: 48%;\n}\n@media (min-width:550px) {\n  #image_130587209 {\n    width: 100%;\n  }\n}\n<\/style>\n\t<\/div>\n\t\n\n\n\t\t<\/div>\n\t\t\t\t\t<\/div>\n\n\t\n\n\n<style>\n#row-220981623 > .col > .col-inner {\n  padding: 40px 0px 0px 0px;\n}\n<\/style>\n<\/div>\n\n\t\t<\/div>\n\n\t\t\n<style>\n#section_1635072835 {\n  padding-top: 60px;\n  padding-bottom: 60px;\n  background-color: rgb(170, 172, 115);\n}\n<\/style>\n\t<\/section>\n\t\n\n\t<section class=\"section dark\" id=\"section_596004533\">\n\t\t<div class=\"section-bg fill\" >\n\t\t\t\t\t\t\t\t\t\n\t\t\t\n\n\t\t<\/div>\n\n\t\t\n\n\t\t<div class=\"section-content relative\">\n\t\t\t\n\n<div class=\"row\"  id=\"row-1308228927\">\n\n\n\t<div id=\"col-2087762275\" class=\"col medium-3 small-12 large-3\"  >\n\t\t\t\t<div class=\"col-inner text-center\"  >\n\t\t\t\n\t\t\t\n\n\t<div class=\"img has-hover x md-x lg-x y md-y lg-y\" id=\"image_1624512551\">\n\t\t<a class=\"\" href=\"\/at\/produkt\/patch-tube-bundle\/\" >\t\t\t\t\t\t<div class=\"img-inner dark\" >\n\t\t\t<img loading=\"lazy\" decoding=\"async\" width=\"512\" height=\"512\" src=\"https:\/\/patchstrips.eu\/wp-content\/uploads\/2019\/04\/Patchstrips-Aktiv-Kohle.png\" class=\"attachment-large size-large\" alt=\"\" srcset=\"https:\/\/patchstrips.eu\/wp-content\/uploads\/2019\/04\/Patchstrips-Aktiv-Kohle.png 512w, https:\/\/patchstrips.eu\/wp-content\/uploads\/2019\/04\/Patchstrips-Aktiv-Kohle-280x280.png 280w, https:\/\/patchstrips.eu\/wp-content\/uploads\/2019\/04\/Patchstrips-Aktiv-Kohle-400x400.png 400w, https:\/\/patchstrips.eu\/wp-content\/uploads\/2019\/04\/Patchstrips-Aktiv-Kohle-500x500.png 500w, https:\/\/patchstrips.eu\/wp-content\/uploads\/2019\/04\/Patchstrips-Aktiv-Kohle-510x510.png 510w, https:\/\/patchstrips.eu\/wp-content\/uploads\/2019\/04\/Patchstrips-Aktiv-Kohle-100x100.png 100w\" sizes=\"auto, (max-width: 512px) 100vw, 512px\" \/>\t\t\t\t\t\t\n\t\t\t\t\t<\/div>\n\t\t\t\t\t\t<\/a>\t\t\n<style>\n#image_1624512551 {\n  width: 48%;\n}\n@media (min-width:550px) {\n  #image_1624512551 {\n    width: 100%;\n  }\n}\n<\/style>\n\t<\/div>\n\t\n\n\n\t\t<\/div>\n\t\t\t\t\t<\/div>\n\n\t\n\n\t<div id=\"col-1849188637\" class=\"col medium-3 small-12 large-3\"  >\n\t\t\t\t<div class=\"col-inner text-center\"  >\n\t\t\t\n\t\t\t\n\n\t<div class=\"img has-hover x md-x lg-x y md-y lg-y\" id=\"image_580049213\">\n\t\t<a class=\"\" href=\"\/at\/produkt\/patch-grossformat\/\" >\t\t\t\t\t\t<div class=\"img-inner dark\" >\n\t\t\t<img loading=\"lazy\" decoding=\"async\" width=\"800\" height=\"800\" src=\"https:\/\/patchstrips.eu\/wp-content\/uploads\/2022\/11\/PATCH-Grossformat-Pflaster-PATLFAC10EN-800x800.jpg\" class=\"attachment-large size-large\" alt=\"PATCh Gro\u00dfformat Pflaster Aktivkohle\" srcset=\"https:\/\/patchstrips.eu\/wp-content\/uploads\/2022\/11\/PATCH-Grossformat-Pflaster-PATLFAC10EN-800x800.jpg 800w, https:\/\/patchstrips.eu\/wp-content\/uploads\/2022\/11\/PATCH-Grossformat-Pflaster-PATLFAC10EN-400x400.jpg 400w, https:\/\/patchstrips.eu\/wp-content\/uploads\/2022\/11\/PATCH-Grossformat-Pflaster-PATLFAC10EN-280x280.jpg 280w, https:\/\/patchstrips.eu\/wp-content\/uploads\/2022\/11\/PATCH-Grossformat-Pflaster-PATLFAC10EN-768x768.jpg 768w, https:\/\/patchstrips.eu\/wp-content\/uploads\/2022\/11\/PATCH-Grossformat-Pflaster-PATLFAC10EN-500x500.jpg 500w, https:\/\/patchstrips.eu\/wp-content\/uploads\/2022\/11\/PATCH-Grossformat-Pflaster-PATLFAC10EN-510x510.jpg 510w, https:\/\/patchstrips.eu\/wp-content\/uploads\/2022\/11\/PATCH-Grossformat-Pflaster-PATLFAC10EN-100x100.jpg 100w, https:\/\/patchstrips.eu\/wp-content\/uploads\/2022\/11\/PATCH-Grossformat-Pflaster-PATLFAC10EN.jpg 1000w\" sizes=\"auto, (max-width: 800px) 100vw, 800px\" \/>\t\t\t\t\t\t\n\t\t\t\t\t<\/div>\n\t\t\t\t\t\t<\/a>\t\t\n<style>\n#image_580049213 {\n  width: 48%;\n}\n@media (min-width:550px) {\n  #image_580049213 {\n    width: 100%;\n  }\n}\n<\/style>\n\t<\/div>\n\t\n\n\n\t\t<\/div>\n\t\t\t\t\t<\/div>\n\n\t\n\n\t<div id=\"col-980701815\" class=\"col medium-6 small-12 large-6\"  >\n\t\t\t\t<div class=\"col-inner\"  >\n\t\t\t\n\t\t\t\n\n<h3 class=\"uppercase\"><strong>PATCH AktivKohle<\/strong><\/h3>\n<h4><span style=\"font-size: 75%;\">BAMBUSPFLASTER<\/span><\/h4>\n<p>Das Bambuspflaster mit Aktiv-Kohle, das alles mitmacht, immer gut aussieht und zuverl\u00e4ssig vor Infektionen sch\u00fctzt. Ob drau\u00dfen beim Sport oder drinnen am Schreibtisch.<\/p>\n<a href=\"\/at\/produkt\/patch-tube-bundle\/\" class=\"button white\" style=\"border-radius:99px;\">\n\t\t<span>PATCH Bambuspflaster<\/span>\n\t<\/a>\n\n\n<a href=\"\/at\/produkt\/patch-grossformat\/\" class=\"button white\" style=\"border-radius:99px;\">\n\t\t<span>PATCH Gro\u00dfformat<\/span>\n\t<\/a>\n\n\n\n\t\t<\/div>\n\t\t\t\t\t<\/div>\n\n\t\n\n\n<style>\n#row-1308228927 > .col > .col-inner {\n  padding: 40px 0px 0px 0px;\n}\n<\/style>\n<\/div>\n\n\t\t<\/div>\n\n\t\t\n<style>\n#section_596004533 {\n  padding-top: 70px;\n  padding-bottom: 70px;\n  background-color: rgb(0, 0, 0);\n}\n<\/style>\n\t<\/section>\n\t\n\n\t<section class=\"section dark\" id=\"section_209713711\">\n\t\t<div class=\"section-bg fill\" >\n\t\t\t\t\t\t\t\t\t\n\t\t\t\n\n\t\t<\/div>\n\n\t\t\n\n\t\t<div class=\"section-content relative\">\n\t\t\t\n\n<div class=\"row\"  id=\"row-797433393\">\n\n\n\t<div id=\"col-1650226997\" class=\"col medium-6 small-12 large-6\"  >\n\t\t\t\t<div class=\"col-inner\"  >\n\t\t\t\n\t\t\t\n\n<h3 class=\"uppercase\"><strong>PATCH Neutral<\/strong><\/h3>\n<h4><span style=\"font-size: 75%;\">BAMBUSPFLASTER<\/span><\/h4>\n<p>Das neutrale Bambuspflaster ohne Inhaltsstoffe. Zur Versorgung einfacher Schnittwunden und leichter Haut-Verletzungen<span class=\"Apple-converted-space\">\u00a0<\/span><\/p>\n<a href=\"\/at\/produkt\/patch-tube-bundle\/\" class=\"button white\" style=\"border-radius:99px;\">\n\t\t<span>PATCH Bambuspflaster<\/span>\n\t<\/a>\n\n\n<a href=\"\/at\/produkt\/patch-grossformat\/\" class=\"button white\" style=\"border-radius:99px;\">\n\t\t<span>PATCH Gro\u00dfformat<\/span>\n\t<\/a>\n\n\n\n\t\t<\/div>\n\t\t\t\t\t<\/div>\n\n\t\n\n\t<div id=\"col-1101599142\" class=\"col medium-3 small-12 large-3 small-col-first\"  >\n\t\t\t\t<div class=\"col-inner text-center\"  >\n\t\t\t\n\t\t\t\n\n\t<div class=\"img has-hover x md-x lg-x y md-y lg-y\" id=\"image_183664321\">\n\t\t<a class=\"\" href=\"\/at\/produkt\/patch-tube-bundle\/\" >\t\t\t\t\t\t<div class=\"img-inner dark\" >\n\t\t\t<img loading=\"lazy\" decoding=\"async\" width=\"512\" height=\"512\" src=\"https:\/\/patchstrips.eu\/wp-content\/uploads\/2019\/04\/Patchstrips-neutral.png\" class=\"attachment-large size-large\" alt=\"\" srcset=\"https:\/\/patchstrips.eu\/wp-content\/uploads\/2019\/04\/Patchstrips-neutral.png 512w, https:\/\/patchstrips.eu\/wp-content\/uploads\/2019\/04\/Patchstrips-neutral-280x280.png 280w, https:\/\/patchstrips.eu\/wp-content\/uploads\/2019\/04\/Patchstrips-neutral-400x400.png 400w, https:\/\/patchstrips.eu\/wp-content\/uploads\/2019\/04\/Patchstrips-neutral-500x500.png 500w, https:\/\/patchstrips.eu\/wp-content\/uploads\/2019\/04\/Patchstrips-neutral-510x510.png 510w, https:\/\/patchstrips.eu\/wp-content\/uploads\/2019\/04\/Patchstrips-neutral-100x100.png 100w\" sizes=\"auto, (max-width: 512px) 100vw, 512px\" \/>\t\t\t\t\t\t\n\t\t\t\t\t<\/div>\n\t\t\t\t\t\t<\/a>\t\t\n<style>\n#image_183664321 {\n  width: 48%;\n}\n@media (min-width:550px) {\n  #image_183664321 {\n    width: 100%;\n  }\n}\n<\/style>\n\t<\/div>\n\t\n\n\n\t\t<\/div>\n\t\t\t\t\t<\/div>\n\n\t\n\n\t<div id=\"col-88181376\" class=\"col medium-3 small-12 large-3 small-col-first\"  >\n\t\t\t\t<div class=\"col-inner text-center\"  >\n\t\t\t\n\t\t\t\n\n\t<div class=\"img has-hover x md-x lg-x y md-y lg-y\" id=\"image_1628620583\">\n\t\t<a class=\"\" href=\"\/at\/produkt\/patch-grossformat\/\" >\t\t\t\t\t\t<div class=\"img-inner dark\" >\n\t\t\t<img loading=\"lazy\" decoding=\"async\" width=\"800\" height=\"800\" src=\"https:\/\/patchstrips.eu\/wp-content\/uploads\/2022\/11\/PATCH-Grossformat-Pflaster-PATLFNA10EN-800x800.jpg\" class=\"attachment-large size-large\" alt=\"PATCH Gro\u00dfformat Pflaster Natural\" srcset=\"https:\/\/patchstrips.eu\/wp-content\/uploads\/2022\/11\/PATCH-Grossformat-Pflaster-PATLFNA10EN-800x800.jpg 800w, https:\/\/patchstrips.eu\/wp-content\/uploads\/2022\/11\/PATCH-Grossformat-Pflaster-PATLFNA10EN-400x400.jpg 400w, https:\/\/patchstrips.eu\/wp-content\/uploads\/2022\/11\/PATCH-Grossformat-Pflaster-PATLFNA10EN-280x280.jpg 280w, https:\/\/patchstrips.eu\/wp-content\/uploads\/2022\/11\/PATCH-Grossformat-Pflaster-PATLFNA10EN-768x768.jpg 768w, https:\/\/patchstrips.eu\/wp-content\/uploads\/2022\/11\/PATCH-Grossformat-Pflaster-PATLFNA10EN-500x500.jpg 500w, https:\/\/patchstrips.eu\/wp-content\/uploads\/2022\/11\/PATCH-Grossformat-Pflaster-PATLFNA10EN-510x510.jpg 510w, https:\/\/patchstrips.eu\/wp-content\/uploads\/2022\/11\/PATCH-Grossformat-Pflaster-PATLFNA10EN-100x100.jpg 100w, https:\/\/patchstrips.eu\/wp-content\/uploads\/2022\/11\/PATCH-Grossformat-Pflaster-PATLFNA10EN.jpg 1000w\" sizes=\"auto, (max-width: 800px) 100vw, 800px\" \/>\t\t\t\t\t\t\n\t\t\t\t\t<\/div>\n\t\t\t\t\t\t<\/a>\t\t\n<style>\n#image_1628620583 {\n  width: 48%;\n}\n@media (min-width:550px) {\n  #image_1628620583 {\n    width: 100%;\n  }\n}\n<\/style>\n\t<\/div>\n\t\n\n\n\t\t<\/div>\n\t\t\t\t\t<\/div>\n\n\t\n\n\n<style>\n#row-797433393 > .col > .col-inner {\n  padding: 40px 0px 0px 0px;\n}\n<\/style>\n<\/div>\n\n\t\t<\/div>\n\n\t\t\n<style>\n#section_209713711 {\n  padding-top: 60px;\n  padding-bottom: 60px;\n  background-color: rgb(170, 172, 115);\n}\n<\/style>\n\t<\/section>\n\t\n\n  <div class=\"banner has-hover has-parallax\" id=\"banner-138111491\">\n          <div class=\"banner-inner fill\">\n        <div class=\"banner-bg fill\" data-parallax=\"-3\" data-parallax-container=\".banner\" data-parallax-background>\n                                    <div class=\"overlay\"><\/div>            \n                    <\/div>\n\t\t\n        <div class=\"banner-layers container\">\n            <div class=\"fill banner-link\"><\/div>            \n\n   <div id=\"text-box-802668782\" class=\"text-box banner-layer x50 md-x50 lg-x50 y50 md-y50 lg-y50 res-text\">\n              <div data-parallax=\"2\" data-parallax-fade=\"true\">                  <div class=\"text-box-content text dark\">\n              \n              <div class=\"text-inner text-center\">\n                  \n\n<h3 class=\"uppercase\"><strong>Der PATCH Newsletter<\/strong><\/h3>\n<p>Melden Sie sich jetzt an beim PATCH-Newsletter und sichern Sie sich unsere News sowie Infos f\u00fcr zuk\u00fcnftige Aktionen. Melden Sie sich jetzt an.<\/p>\n<script>(function() {\n\twindow.mc4wp = window.mc4wp || {\n\t\tlisteners: [],\n\t\tforms: {\n\t\t\ton: function(evt, cb) {\n\t\t\t\twindow.mc4wp.listeners.push(\n\t\t\t\t\t{\n\t\t\t\t\t\tevent   : evt,\n\t\t\t\t\t\tcallback: cb\n\t\t\t\t\t}\n\t\t\t\t);\n\t\t\t}\n\t\t}\n\t}\n})();\n<\/script><!-- Mailchimp for WordPress v4.12.0 - https:\/\/wordpress.org\/plugins\/mailchimp-for-wp\/ --><form id=\"mc4wp-form-1\" class=\"mc4wp-form mc4wp-form-1164\" method=\"post\" data-id=\"1164\" data-name=\"Newsletter\" ><div class=\"mc4wp-form-fields\"><p>\r\n\t<label>Email Adresse: <\/label>\r\n\t<input type=\"email\" name=\"EMAIL\" placeholder=\"Ihre E-Mail Adresse\" required \/>\r\n<\/p>\r\n<p>\r\n    <label>\r\n        <input name=\"AGREE_TO_TERMS\" type=\"checkbox\" value=\"1\" required=\"\"> <a href=\"\/datenschutzerklaerung\" target=\"_blank\">Ich habe die Datenschutzbestimmungen gelesen und akzeptiert.<\/a>\r\n    <\/label>\r\n<\/p>\r\n\r\n<p>\r\n\t<input type=\"submit\" value=\"Anmelden\" \/>\r\n<\/p><\/div><label style=\"display: none !important;\">Leave this field empty if you're human: <input type=\"text\" name=\"_mc4wp_honeypot\" value=\"\" tabindex=\"-1\" autocomplete=\"off\" \/><\/label><input type=\"hidden\" name=\"_mc4wp_timestamp\" value=\"1775502025\" \/><input type=\"hidden\" name=\"_mc4wp_form_id\" value=\"1164\" \/><input type=\"hidden\" name=\"_mc4wp_form_element_id\" value=\"mc4wp-form-1\" \/><div class=\"mc4wp-response\"><\/div><\/form><!-- \/ Mailchimp for WordPress Plugin -->\n\n              <\/div>\n           <\/div>\n              <\/div>              \n<style>\n#text-box-802668782 {\n  width: 93%;\n}\n#text-box-802668782 .text-box-content {\n  font-size: 100%;\n}\n@media (min-width:550px) {\n  #text-box-802668782 {\n    width: 60%;\n  }\n}\n<\/style>\n    <\/div>\n \n\n        <\/div>\n      <\/div>\n\n            \n<style>\n#banner-138111491 {\n  padding-top: 450px;\n  background-color: rgb(101, 162, 46);\n}\n#banner-138111491 .overlay {\n  background-color: rgb(101, 162, 46);\n}\n<\/style>\n  <\/div>\n\n\n<p><\/p><!-- \/wp:post-content -->","protected":false},"excerpt":{"rendered":"","protected":false},"author":29,"featured_media":0,"parent":0,"menu_order":0,"comment_status":"closed","ping_status":"closed","template":"page-blank.php","meta":{"footnotes":""},"class_list":["post-2694","page","type-page","status-publish","hentry"],"_links":{"self":[{"href":"https:\/\/patchstrips.eu\/at\/wp-json\/wp\/v2\/pages\/2694","targetHints":{"allow":["GET"]}}],"collection":[{"href":"https:\/\/patchstrips.eu\/at\/wp-json\/wp\/v2\/pages"}],"about":[{"href":"https:\/\/patchstrips.eu\/at\/wp-json\/wp\/v2\/types\/page"}],"author":[{"embeddable":true,"href":"https:\/\/patchstrips.eu\/at\/wp-json\/wp\/v2\/users\/29"}],"replies":[{"embeddable":true,"href":"https:\/\/patchstrips.eu\/at\/wp-json\/wp\/v2\/comments?post=2694"}],"version-history":[{"count":4,"href":"https:\/\/patchstrips.eu\/at\/wp-json\/wp\/v2\/pages\/2694\/revisions"}],"predecessor-version":[{"id":12469,"href":"https:\/\/patchstrips.eu\/at\/wp-json\/wp\/v2\/pages\/2694\/revisions\/12469"}],"wp:attachment":[{"href":"https:\/\/patchstrips.eu\/at\/wp-json\/wp\/v2\/media?parent=2694"}],"curies":[{"name":"wp","href":"https:\/\/api.w.org\/{rel}","templated":true}]}}