{"id":12456,"date":"2023-01-21T12:07:14","date_gmt":"2023-01-21T11:07:14","guid":{"rendered":"https:\/\/patchstrips.eu\/produkt\/patch-grossformat\/"},"modified":"2024-12-02T12:31:04","modified_gmt":"2024-12-02T11:31:04","slug":"patch-grossformat","status":"publish","type":"product","link":"https:\/\/patchstrips.eu\/at\/produkt\/patch-grossformat\/","title":{"rendered":"PATCH Gro\u00dfformat"},"content":{"rendered":"<h2>Hypoallergenes Pflaster aus organischer Bambusfaser \u2013 PATCH Gro\u00dfformat Pflaster<\/h2>\n<p>Greifen Sie f\u00fcr gr\u00f6\u00dfere Wunden zu einem PATCH Gro\u00dfformat Pflaster.<br \/>\nDiese neueste Erg\u00e4nzung unseres Sortiments ist jetzt in der gemischten Packung mit gro\u00dfen quadratischen und rechteckigen Pflastern erh\u00e4ltlich und ist die nat\u00fcrliche L\u00f6sung f\u00fcr Erste-Hilfe-Bed\u00fcrfnisse.<\/p>\n<ul>\n<li>hypoallergen<\/li>\n<li>f\u00fcr alle empfindlichen Hauttypen geeignet<\/li>\n<\/ul>\n<h3>PATCH Aktivkohle<\/h3>\n<p>besteht aus nat\u00fcrlichen Bambusfasern sowie eine mit Aktivkohle angereicherter Gaze, um Verunreinigungen und Infektionen aus kleineren Wunden zu entfernen.<\/p>\n<h3>PATCH Aloe Vera<\/h3>\n<p>besteht aus nat\u00fcrlichen Bambusfasern sowie eine mit Aloe Vera angereicherter Gaze, um Verbrennungen, Blasen und kleinere Sch\u00fcrfwunden zu reparieren und zu beruhigen.<\/p>\n<h3>PATCH Natural<\/h3>\n<p>besteht aus nat\u00fcrlichen Bambusfasern und ist frei von jeglichen Zus\u00e4tzen in der Gaze, f\u00fcr einen geeigneten Schutz und eine sanfte Unterst\u00fctzung f\u00fcr besonders empfindliche Hauttypen.<\/p>\n<h3>PATCH Kokos\u00f6l<\/h3>\n<p>besteht aus nat\u00fcrlichen Bambusfasern sowie eine mit Kokos\u00f6l angereicherter Gaze, um leichte Absch\u00fcrfungen zu lindern und empfindliche Haut langanhaltend zu unterst\u00fctzen.<\/p>\n<h3>Materialien<\/h3>\n<p>Hergestellt aus weicher, organischer Bambusfaser und Gaze mit hypoallergenem Haftkleber (PSA), der dich zusammenflickt, damit du deine Abenteuer fortsetzen kannst.<\/p>\n<h3>Leistungen<\/h3>\n<p>Bambus ist eine weiche und atmungsaktive Option f\u00fcr Wundabdeckungen, die von Natur aus antimikrobiell ist und eine der nachhaltigsten Optionen f\u00fcr die Hautpflege, die Sie w\u00e4hlen k\u00f6nnen.<\/p>\n<h3>Gr\u00f6\u00dfe<\/h3>\n<p>Rechteck: 75 mm x 50 mm (5 St\u00fcck)<br \/>\nQuadratisch: 75 mm x 75 mm (5 St\u00fcck)<\/p>\n","protected":false},"excerpt":{"rendered":"<p>Hypoallergenes Pflaster aus organischer Bambusfaser \u2013 PATCH Gro\u00dfformat Pflaster Greifen Sie f\u00fcr gr\u00f6\u00dfere Wunden zu einem PATCH Gro\u00dfformat Pflaster. Diese neueste Erg\u00e4nzung unseres Sortiments ist jetzt in der gemischten Packung mit gro\u00dfen quadratischen und rechteckigen Pflastern erh\u00e4ltlich und ist die nat\u00fcrliche L\u00f6sung f\u00fcr Erste-Hilfe-Bed\u00fcrfnisse. hypoallergen f\u00fcr alle empfindlichen Hauttypen geeignet PATCH Aktivkohle besteht aus nat\u00fcrlichen [&#8230;]\n","protected":false},"featured_media":12164,"comment_status":"open","ping_status":"closed","template":"","meta":[],"product_brand":[],"product_cat":[157],"product_tag":[],"class_list":{"0":"post-12456","1":"product","2":"type-product","3":"status-publish","4":"has-post-thumbnail","6":"product_cat-patch-set-at","8":"first","9":"instock","10":"taxable","11":"shipping-taxable","12":"product-type-grouped"},"_links":{"self":[{"href":"https:\/\/patchstrips.eu\/at\/wp-json\/wp\/v2\/product\/12456","targetHints":{"allow":["GET"]}}],"collection":[{"href":"https:\/\/patchstrips.eu\/at\/wp-json\/wp\/v2\/product"}],"about":[{"href":"https:\/\/patchstrips.eu\/at\/wp-json\/wp\/v2\/types\/product"}],"replies":[{"embeddable":true,"href":"https:\/\/patchstrips.eu\/at\/wp-json\/wp\/v2\/comments?post=12456"}],"wp:featuredmedia":[{"embeddable":true,"href":"https:\/\/patchstrips.eu\/at\/wp-json\/wp\/v2\/media\/12164"}],"wp:attachment":[{"href":"https:\/\/patchstrips.eu\/at\/wp-json\/wp\/v2\/media?parent=12456"}],"wp:term":[{"taxonomy":"product_brand","embeddable":true,"href":"https:\/\/patchstrips.eu\/at\/wp-json\/wp\/v2\/product_brand?post=12456"},{"taxonomy":"product_cat","embeddable":true,"href":"https:\/\/patchstrips.eu\/at\/wp-json\/wp\/v2\/product_cat?post=12456"},{"taxonomy":"product_tag","embeddable":true,"href":"https:\/\/patchstrips.eu\/at\/wp-json\/wp\/v2\/product_tag?post=12456"}],"curies":[{"name":"wp","href":"https:\/\/api.w.org\/{rel}","templated":true}]}}