{"id":2725,"date":"2018-11-12T22:01:21","date_gmt":"2018-11-12T21:01:21","guid":{"rendered":"https:\/\/patchstrips.eu\/produkt\/patch-aktiv-kohle\/"},"modified":"2025-10-12T02:08:42","modified_gmt":"2025-10-12T00:08:42","slug":"patch-aktiv-kohle","status":"publish","type":"product","link":"https:\/\/patchstrips.eu\/at\/produkt\/patch-aktiv-kohle\/","title":{"rendered":"Patch Aktiv-Kohle"},"content":{"rendered":"<h2><span style=\"font-size: 75%;\"><b>Patch Aktiv-Kohle haftet und hilft &#8211; drinnen und drau\u00dfen<\/b><\/span><\/h2>\n<p>Unser PATCH mit Aktivkohle besteht zu 100 Prozent aus nat\u00fcrlichen Bambusfasern. Um Verunreinigungen von kleinen Wundern zu versorgen und Infektionen zu verhindern, ist die Gaze mit Aktiv-Kohle beschichtet.<span class=\"Apple-converted-space\">\u00a0<\/span><\/p>\n<p>Black is helpful und beautiful! Ein modisches Statement, das nicht nur beim Sport Akzente setzt.<span class=\"Apple-converted-space\">\u00a0<\/span><\/p>\n\t<div class=\"img has-hover x md-x lg-x y md-y lg-y\" id=\"image_54005765\">\n\t\t\t\t\t\t\t\t<div class=\"img-inner dark\" >\n\t\t\t<img loading=\"lazy\" decoding=\"async\" width=\"1020\" height=\"255\" src=\"https:\/\/patchstrips.eu\/wp-content\/uploads\/2018\/11\/PATCH.jpg\" class=\"attachment-large size-large\" alt=\"\" srcset=\"https:\/\/patchstrips.eu\/wp-content\/uploads\/2018\/11\/PATCH.jpg 1200w, https:\/\/patchstrips.eu\/wp-content\/uploads\/2018\/11\/PATCH-800x200.jpg 800w, https:\/\/patchstrips.eu\/wp-content\/uploads\/2018\/11\/PATCH-768x192.jpg 768w, https:\/\/patchstrips.eu\/wp-content\/uploads\/2018\/11\/PATCH-500x125.jpg 500w, https:\/\/patchstrips.eu\/wp-content\/uploads\/2018\/11\/PATCH-510x128.jpg 510w\" sizes=\"auto, (max-width: 1020px) 100vw, 1020px\" \/>\t\t\t\t\t\t\n\t\t\t\t\t<\/div>\n\t\t\t\t\t\t\t\t\n<style>\n#image_54005765 {\n  width: 60%;\n}\n<\/style>\n\t<\/div>\n\t\n<p><b>Materialien<\/b><\/p>\n<p>Bei Patch Aktiv-Kohle ist die Wundauflagefl\u00e4che mit nat\u00fcrlicher Aktiv-Kohle versehen. Das unterst\u00fctzt wirksam den Heilungsprozess. Die schwarzen, strapazierf\u00e4higen Patches sind antiallergen und auch f\u00fcr Menschen mit empfindlicher Haut geeignet.<\/p>\n<p>PATCH ist hergestellt aus weicher, nat\u00fcrlicher Bambusfaser und haftet durch den Einsatz von sensitivem Klebstoff (PSA). Er besteht aus einer Kombination nat\u00fcrlicher Mineralien mit Nano-Technologie.<span class=\"Apple-converted-space\">\u00a0<\/span><\/p>\n<p><b>Gut zu wissen<\/b><\/p>\n<p>Aktiv-Kohle ist stark absorbierend und bindet Verunreinigungen und Wundfl\u00fcssigkeit. Entz\u00fcndungen k\u00f6nnen so vermieden werden, und der nat\u00fcrliche Heilungsprozess wird unterst\u00fctzt. Von au\u00dfen in schwarz gehalten, sieht das PATCH Aktivkohle auch nach einem langen Arbeitstag oder nach dem Sport immer noch gut aus.<\/p>\n","protected":false},"excerpt":{"rendered":"<p>Patch Aktiv-Kohle haftet und hilft &#8211; drinnen und drau\u00dfen Unser PATCH mit Aktivkohle besteht zu 100 Prozent aus nat\u00fcrlichen Bambusfasern. Um Verunreinigungen von kleinen Wundern zu versorgen und Infektionen zu verhindern, ist die Gaze mit Aktiv-Kohle beschichtet.\u00a0 Black is helpful und beautiful! Ein modisches Statement, das nicht nur beim Sport Akzente setzt.\u00a0 Materialien Bei Patch [&#8230;]\n","protected":false},"featured_media":10840,"comment_status":"open","ping_status":"closed","template":"","meta":[],"product_brand":[],"product_cat":[159],"product_tag":[],"class_list":{"0":"post-2725","1":"product","2":"type-product","3":"status-publish","4":"has-post-thumbnail","6":"product_cat-einzeltuben-at","8":"first","9":"outofstock","10":"taxable","11":"shipping-taxable","12":"purchasable","13":"product-type-simple"},"_links":{"self":[{"href":"https:\/\/patchstrips.eu\/at\/wp-json\/wp\/v2\/product\/2725","targetHints":{"allow":["GET"]}}],"collection":[{"href":"https:\/\/patchstrips.eu\/at\/wp-json\/wp\/v2\/product"}],"about":[{"href":"https:\/\/patchstrips.eu\/at\/wp-json\/wp\/v2\/types\/product"}],"replies":[{"embeddable":true,"href":"https:\/\/patchstrips.eu\/at\/wp-json\/wp\/v2\/comments?post=2725"}],"wp:featuredmedia":[{"embeddable":true,"href":"https:\/\/patchstrips.eu\/at\/wp-json\/wp\/v2\/media\/10840"}],"wp:attachment":[{"href":"https:\/\/patchstrips.eu\/at\/wp-json\/wp\/v2\/media?parent=2725"}],"wp:term":[{"taxonomy":"product_brand","embeddable":true,"href":"https:\/\/patchstrips.eu\/at\/wp-json\/wp\/v2\/product_brand?post=2725"},{"taxonomy":"product_cat","embeddable":true,"href":"https:\/\/patchstrips.eu\/at\/wp-json\/wp\/v2\/product_cat?post=2725"},{"taxonomy":"product_tag","embeddable":true,"href":"https:\/\/patchstrips.eu\/at\/wp-json\/wp\/v2\/product_tag?post=2725"}],"curies":[{"name":"wp","href":"https:\/\/api.w.org\/{rel}","templated":true}]}}