{"id":2730,"date":"2018-11-12T22:00:48","date_gmt":"2018-11-12T21:00:48","guid":{"rendered":"https:\/\/patchstrips.eu\/produkt\/patch-kokosoel\/"},"modified":"2025-10-12T02:08:44","modified_gmt":"2025-10-12T00:08:44","slug":"patch-kokosoel","status":"publish","type":"product","link":"https:\/\/patchstrips.eu\/at\/produkt\/patch-kokosoel\/","title":{"rendered":"Patch Kokos\u00f6l"},"content":{"rendered":"<h2><span style=\"font-size: 75%;\"><b>Patch Kokos\u00f6l f\u00fcr Kids &#8211; einfach b\u00e4renstark<\/b><\/span><\/h2>\n<p>PATCH Kokos\u00f6l f\u00fcr Kids ist aus 100 Prozent weicher, nat\u00fcrlicher Bambusfaser und wurde speziell f\u00fcr sensible Kinderhaut entwickelt. Die mit Kokos-\u00d6l angereicherte Gaze unterst\u00fctzt auf nat\u00fcrliche Weise den Heilungsprozess. Das hilft, kleine Kratzer und Wunden gut zu versorgen. Zum &#8222;Trost&#8220; f\u00fcr die Kleinen ist jedes Pflaster mit niedlichen Pandas bedruckt.<span class=\"Apple-converted-space\">\u00a0 \u00a0<\/span><\/p>\n\t<div class=\"img has-hover x md-x lg-x y md-y lg-y\" id=\"image_892700764\">\n\t\t\t\t\t\t\t\t<div class=\"img-inner dark\" >\n\t\t\t<img loading=\"lazy\" decoding=\"async\" width=\"1020\" height=\"255\" src=\"https:\/\/patchstrips.eu\/wp-content\/uploads\/2018\/11\/PATCH.jpg\" class=\"attachment-large size-large\" alt=\"\" srcset=\"https:\/\/patchstrips.eu\/wp-content\/uploads\/2018\/11\/PATCH.jpg 1200w, https:\/\/patchstrips.eu\/wp-content\/uploads\/2018\/11\/PATCH-800x200.jpg 800w, https:\/\/patchstrips.eu\/wp-content\/uploads\/2018\/11\/PATCH-768x192.jpg 768w, https:\/\/patchstrips.eu\/wp-content\/uploads\/2018\/11\/PATCH-500x125.jpg 500w, https:\/\/patchstrips.eu\/wp-content\/uploads\/2018\/11\/PATCH-510x128.jpg 510w\" sizes=\"auto, (max-width: 1020px) 100vw, 1020px\" \/>\t\t\t\t\t\t\n\t\t\t\t\t<\/div>\n\t\t\t\t\t\t\t\t\n<style>\n#image_892700764 {\n  width: 60%;\n}\n<\/style>\n\t<\/div>\n\t\n<p><b>Material<\/b><\/p>\n<p>PATCH Kokos\u00f6l Pflaster sind hypoallergen und perfekt geeignet f\u00fcr empfindliche Kinderhaut. Auch Babys k\u00f6nnen mit diesen Patches versorgt werden. Wie alle Pflaster aus der Patch-Familie haften auch die PATCH Kokos\u00f6l Pflaster durch den Einsatz von sensitivem Klebstoff (PSA). Er besteht aus einer Kombination nat\u00fcrlicher Mineralien mit Nano-Technologie.<span class=\"Apple-converted-space\">\u00a0<\/span><\/p>\n<p><b>Gut zu wissen:<span class=\"Apple-converted-space\">\u00a0<\/span><\/b><\/p>\n<p>Kokos\u00f6l ist reich an Laurins\u00e4ure, eine Fetts\u00e4ure mit antibakteriellen, antiviralen und entz\u00fcndungshemmenden Wirkstoffen. Kleine Kratzer und Hautabsch\u00fcrfungen k\u00f6nnen so auf nat\u00fcrliche Weise behandelt werden.<span class=\"Apple-converted-space\">\u00a0<\/span><\/p>\n","protected":false},"excerpt":{"rendered":"<p>Patch Kokos\u00f6l f\u00fcr Kids &#8211; einfach b\u00e4renstark PATCH Kokos\u00f6l f\u00fcr Kids ist aus 100 Prozent weicher, nat\u00fcrlicher Bambusfaser und wurde speziell f\u00fcr sensible Kinderhaut entwickelt. Die mit Kokos-\u00d6l angereicherte Gaze unterst\u00fctzt auf nat\u00fcrliche Weise den Heilungsprozess. Das hilft, kleine Kratzer und Wunden gut zu versorgen. Zum &#8222;Trost&#8220; f\u00fcr die Kleinen ist jedes Pflaster mit niedlichen [&#8230;]\n","protected":false},"featured_media":10876,"comment_status":"open","ping_status":"closed","template":"","meta":[],"product_brand":[],"product_cat":[159],"product_tag":[],"class_list":{"0":"post-2730","1":"product","2":"type-product","3":"status-publish","4":"has-post-thumbnail","6":"product_cat-einzeltuben-at","8":"first","9":"outofstock","10":"taxable","11":"shipping-taxable","12":"purchasable","13":"product-type-simple"},"_links":{"self":[{"href":"https:\/\/patchstrips.eu\/at\/wp-json\/wp\/v2\/product\/2730","targetHints":{"allow":["GET"]}}],"collection":[{"href":"https:\/\/patchstrips.eu\/at\/wp-json\/wp\/v2\/product"}],"about":[{"href":"https:\/\/patchstrips.eu\/at\/wp-json\/wp\/v2\/types\/product"}],"replies":[{"embeddable":true,"href":"https:\/\/patchstrips.eu\/at\/wp-json\/wp\/v2\/comments?post=2730"}],"wp:featuredmedia":[{"embeddable":true,"href":"https:\/\/patchstrips.eu\/at\/wp-json\/wp\/v2\/media\/10876"}],"wp:attachment":[{"href":"https:\/\/patchstrips.eu\/at\/wp-json\/wp\/v2\/media?parent=2730"}],"wp:term":[{"taxonomy":"product_brand","embeddable":true,"href":"https:\/\/patchstrips.eu\/at\/wp-json\/wp\/v2\/product_brand?post=2730"},{"taxonomy":"product_cat","embeddable":true,"href":"https:\/\/patchstrips.eu\/at\/wp-json\/wp\/v2\/product_cat?post=2730"},{"taxonomy":"product_tag","embeddable":true,"href":"https:\/\/patchstrips.eu\/at\/wp-json\/wp\/v2\/product_tag?post=2730"}],"curies":[{"name":"wp","href":"https:\/\/api.w.org\/{rel}","templated":true}]}}