{"id":1416,"date":"2018-11-13T11:32:10","date_gmt":"2018-11-13T10:32:10","guid":{"rendered":"https:\/\/patchstrips.eu\/patch-varianten\/"},"modified":"2024-12-02T12:36:32","modified_gmt":"2024-12-02T11:36:32","slug":"patch-varianten","status":"publish","type":"page","link":"https:\/\/patchstrips.eu\/ch\/patch-varianten\/","title":{"rendered":"PATCH Varianten"},"content":{"rendered":"\n\t<section class=\"section dark\" id=\"section_38958153\">\n\t\t<div class=\"section-bg fill\" >\n\t\t\t\t\t\t\t\t\t\n\t\t\t\n\n\t\t<\/div>\n\n\t\t\n\n\t\t<div class=\"section-content relative\">\n\t\t\t\n\n<div class=\"row\"  id=\"row-416092002\">\n\n\n\t<div id=\"col-1385795793\" class=\"col medium-3 small-12 large-3\"  >\n\t\t\t\t<div class=\"col-inner text-center\"  >\n\t\t\t\n\t\t\t\n\n\t<div class=\"img has-hover x md-x lg-x y md-y lg-y\" id=\"image_840833723\">\n\t\t<a class=\"\" href=\"\/ch\/produkt\/patch-tube-bundle\/\" >\t\t\t\t\t\t<div class=\"img-inner dark\" >\n\t\t\t<img loading=\"lazy\" decoding=\"async\" width=\"512\" height=\"512\" src=\"https:\/\/patchstrips.eu\/wp-content\/uploads\/2019\/04\/Patchstrips-Aloe-Vera.png\" class=\"attachment-large size-large\" alt=\"\" srcset=\"https:\/\/patchstrips.eu\/wp-content\/uploads\/2019\/04\/Patchstrips-Aloe-Vera.png 512w, https:\/\/patchstrips.eu\/wp-content\/uploads\/2019\/04\/Patchstrips-Aloe-Vera-280x280.png 280w, https:\/\/patchstrips.eu\/wp-content\/uploads\/2019\/04\/Patchstrips-Aloe-Vera-400x400.png 400w, https:\/\/patchstrips.eu\/wp-content\/uploads\/2019\/04\/Patchstrips-Aloe-Vera-500x500.png 500w, https:\/\/patchstrips.eu\/wp-content\/uploads\/2019\/04\/Patchstrips-Aloe-Vera-510x510.png 510w, https:\/\/patchstrips.eu\/wp-content\/uploads\/2019\/04\/Patchstrips-Aloe-Vera-100x100.png 100w\" sizes=\"auto, (max-width: 512px) 100vw, 512px\" \/>\t\t\t\t\t\t\n\t\t\t\t\t<\/div>\n\t\t\t\t\t\t<\/a>\t\t\n<style>\n#image_840833723 {\n  width: 48%;\n}\n@media (min-width:550px) {\n  #image_840833723 {\n    width: 100%;\n  }\n}\n<\/style>\n\t<\/div>\n\t\n\n\n\t\t<\/div>\n\t\t\t\t\t<\/div>\n\n\t\n\n\t<div id=\"col-1167970799\" class=\"col medium-3 small-12 large-3\"  >\n\t\t\t\t<div class=\"col-inner text-center\"  >\n\t\t\t\n\t\t\t\n\n\t<div class=\"img has-hover x md-x lg-x y md-y lg-y\" id=\"image_152131116\">\n\t\t<a class=\"\" href=\"\/ch\/produkt\/patch-grossformat\/\" >\t\t\t\t\t\t<div class=\"img-inner dark\" >\n\t\t\t<img loading=\"lazy\" decoding=\"async\" width=\"800\" height=\"800\" src=\"https:\/\/patchstrips.eu\/wp-content\/uploads\/2022\/11\/PATCH-Grossformat-Pflaster-PATLFAL10EN-800x800.jpg\" class=\"attachment-large size-large\" alt=\"PATCH Gro\u00dfformat Pflaster Aloe Vera\" srcset=\"https:\/\/patchstrips.eu\/wp-content\/uploads\/2022\/11\/PATCH-Grossformat-Pflaster-PATLFAL10EN-800x800.jpg 800w, https:\/\/patchstrips.eu\/wp-content\/uploads\/2022\/11\/PATCH-Grossformat-Pflaster-PATLFAL10EN-400x400.jpg 400w, https:\/\/patchstrips.eu\/wp-content\/uploads\/2022\/11\/PATCH-Grossformat-Pflaster-PATLFAL10EN-280x280.jpg 280w, https:\/\/patchstrips.eu\/wp-content\/uploads\/2022\/11\/PATCH-Grossformat-Pflaster-PATLFAL10EN-768x768.jpg 768w, https:\/\/patchstrips.eu\/wp-content\/uploads\/2022\/11\/PATCH-Grossformat-Pflaster-PATLFAL10EN-500x500.jpg 500w, https:\/\/patchstrips.eu\/wp-content\/uploads\/2022\/11\/PATCH-Grossformat-Pflaster-PATLFAL10EN-510x510.jpg 510w, https:\/\/patchstrips.eu\/wp-content\/uploads\/2022\/11\/PATCH-Grossformat-Pflaster-PATLFAL10EN-100x100.jpg 100w, https:\/\/patchstrips.eu\/wp-content\/uploads\/2022\/11\/PATCH-Grossformat-Pflaster-PATLFAL10EN.jpg 1000w\" sizes=\"auto, (max-width: 800px) 100vw, 800px\" \/>\t\t\t\t\t\t\n\t\t\t\t\t<\/div>\n\t\t\t\t\t\t<\/a>\t\t\n<style>\n#image_152131116 {\n  width: 48%;\n}\n@media (min-width:550px) {\n  #image_152131116 {\n    width: 100%;\n  }\n}\n<\/style>\n\t<\/div>\n\t\n\n\n\t\t<\/div>\n\t\t\t\t\t<\/div>\n\n\t\n\n\t<div id=\"col-1798676831\" class=\"col medium-6 small-12 large-6\"  >\n\t\t\t\t<div class=\"col-inner\"  >\n\t\t\t\n\t\t\t\n\n<h3 class=\"uppercase\"><strong>PATCH Aloe Vera<\/strong><\/h3>\n<h4><span style=\"font-size: 75%;\">BAMBUSPFLASTER<\/span><\/h4>\n<p>Das Bambuspflaster mit Aloe Vera bei leichten Verbrennungen oder Blasen. Perfekt zur Erstversorgung. Beruhigend und lindernd.<\/p>\n<a href=\"\/ch\/produkt\/patch-tube-bundle\/\" class=\"button white\" style=\"border-radius:99px;\">\n\t\t<span>PATCH Bambuspflaster<\/span>\n\t<\/a>\n\n\n<a href=\"\/ch\/produkt\/patch-tube-bundle\/\" class=\"button white\" style=\"border-radius:99px;\">\n\t\t<span>PATCH Gro\u00dfformat<\/span>\n\t<\/a>\n\n\n\n\t\t<\/div>\n\t\t\t\t\t<\/div>\n\n\t\n\n\n<style>\n#row-416092002 > .col > .col-inner {\n  padding: 40px 0px 0px 0px;\n}\n<\/style>\n<\/div>\n\n\t\t<\/div>\n\n\t\t\n<style>\n#section_38958153 {\n  padding-top: 60px;\n  padding-bottom: 60px;\n  background-color: #65a22e;\n}\n<\/style>\n\t<\/section>\n\t\n\n\t<section class=\"section dark\" id=\"section_1232347767\">\n\t\t<div class=\"section-bg fill\" >\n\t\t\t\t\t\t\t\t\t\n\t\t\t\n\n\t\t<\/div>\n\n\t\t\n\n\t\t<div class=\"section-content relative\">\n\t\t\t\n\n<div class=\"row\"  id=\"row-73923869\">\n\n\n\t<div id=\"col-1160610480\" class=\"col medium-6 small-12 large-6\"  >\n\t\t\t\t<div class=\"col-inner\"  >\n\t\t\t\n\t\t\t\n\n<h3 class=\"uppercase\"><span style=\"color: #ffffff;\"><strong>PATCH Kokos\u00f6l<\/strong><\/span><\/h3>\n<h4><span style=\"font-size: 75%;\">BAMBUSPFLASTER<\/span><\/h4>\n<p><span style=\"color: #ffffff;\">Das Bambuspflaster mit Kokos\u00f6l speziell entwickelt f\u00fcr sensible Kinderhaut. Im lustigen Panda-Design. Auch f\u00fcr Babys geeignet.<\/span><\/p>\n<a href=\"\/ch\/produkt\/patch-tube-bundle\/\" class=\"button white\" style=\"border-radius:99px;\">\n\t\t<span>PATCH Bambuspflaster<\/span>\n\t<\/a>\n\n\n<a href=\"\/ch\/produkt\/patch-grossformat\/\" class=\"button white\" style=\"border-radius:99px;\">\n\t\t<span>PATCH Gro\u00dfformat<\/span>\n\t<\/a>\n\n\n\n\t\t<\/div>\n\t\t\t\t\t<\/div>\n\n\t\n\n\t<div id=\"col-1709308995\" class=\"col medium-3 small-12 large-3 small-col-first\"  >\n\t\t\t\t<div class=\"col-inner text-center\"  >\n\t\t\t\n\t\t\t\n\n\t<div class=\"img has-hover x md-x lg-x y md-y lg-y\" id=\"image_1748930931\">\n\t\t<a class=\"\" href=\"\/ch\/produkt\/patch-tube-bundle\/\" >\t\t\t\t\t\t<div class=\"img-inner dark\" >\n\t\t\t<img loading=\"lazy\" decoding=\"async\" width=\"512\" height=\"512\" src=\"https:\/\/patchstrips.eu\/wp-content\/uploads\/2019\/04\/Patcghstrips-kokos.png\" class=\"attachment-large size-large\" alt=\"\" srcset=\"https:\/\/patchstrips.eu\/wp-content\/uploads\/2019\/04\/Patcghstrips-kokos.png 512w, https:\/\/patchstrips.eu\/wp-content\/uploads\/2019\/04\/Patcghstrips-kokos-280x280.png 280w, https:\/\/patchstrips.eu\/wp-content\/uploads\/2019\/04\/Patcghstrips-kokos-400x400.png 400w, https:\/\/patchstrips.eu\/wp-content\/uploads\/2019\/04\/Patcghstrips-kokos-500x500.png 500w, https:\/\/patchstrips.eu\/wp-content\/uploads\/2019\/04\/Patcghstrips-kokos-510x510.png 510w, https:\/\/patchstrips.eu\/wp-content\/uploads\/2019\/04\/Patcghstrips-kokos-100x100.png 100w\" sizes=\"auto, (max-width: 512px) 100vw, 512px\" \/>\t\t\t\t\t\t\n\t\t\t\t\t<\/div>\n\t\t\t\t\t\t<\/a>\t\t\n<style>\n#image_1748930931 {\n  width: 48%;\n}\n@media (min-width:550px) {\n  #image_1748930931 {\n    width: 100%;\n  }\n}\n<\/style>\n\t<\/div>\n\t\n\n\n\t\t<\/div>\n\t\t\t\t\t<\/div>\n\n\t\n\n\t<div id=\"col-1881384514\" class=\"col medium-3 small-12 large-3 small-col-first\"  >\n\t\t\t\t<div class=\"col-inner text-center\"  >\n\t\t\t\n\t\t\t\n\n\t<div class=\"img has-hover x md-x lg-x y md-y lg-y\" id=\"image_2007404779\">\n\t\t<a class=\"\" href=\"\/ch\/produkt\/patch-grossformat\/\" >\t\t\t\t\t\t<div class=\"img-inner dark\" >\n\t\t\t<img loading=\"lazy\" decoding=\"async\" width=\"800\" height=\"800\" src=\"https:\/\/patchstrips.eu\/wp-content\/uploads\/2022\/11\/PATCH-Grossformat-Pflaster-PATLFCO10EN-800x800.jpg\" class=\"attachment-large size-large\" alt=\"PATCH Gro\u00dfformat Pflaster Kokos\u00f6l\" srcset=\"https:\/\/patchstrips.eu\/wp-content\/uploads\/2022\/11\/PATCH-Grossformat-Pflaster-PATLFCO10EN-800x800.jpg 800w, https:\/\/patchstrips.eu\/wp-content\/uploads\/2022\/11\/PATCH-Grossformat-Pflaster-PATLFCO10EN-400x400.jpg 400w, https:\/\/patchstrips.eu\/wp-content\/uploads\/2022\/11\/PATCH-Grossformat-Pflaster-PATLFCO10EN-280x280.jpg 280w, https:\/\/patchstrips.eu\/wp-content\/uploads\/2022\/11\/PATCH-Grossformat-Pflaster-PATLFCO10EN-768x768.jpg 768w, https:\/\/patchstrips.eu\/wp-content\/uploads\/2022\/11\/PATCH-Grossformat-Pflaster-PATLFCO10EN-500x500.jpg 500w, https:\/\/patchstrips.eu\/wp-content\/uploads\/2022\/11\/PATCH-Grossformat-Pflaster-PATLFCO10EN-510x510.jpg 510w, https:\/\/patchstrips.eu\/wp-content\/uploads\/2022\/11\/PATCH-Grossformat-Pflaster-PATLFCO10EN-100x100.jpg 100w, https:\/\/patchstrips.eu\/wp-content\/uploads\/2022\/11\/PATCH-Grossformat-Pflaster-PATLFCO10EN.jpg 1000w\" sizes=\"auto, (max-width: 800px) 100vw, 800px\" \/>\t\t\t\t\t\t\n\t\t\t\t\t<\/div>\n\t\t\t\t\t\t<\/a>\t\t\n<style>\n#image_2007404779 {\n  width: 48%;\n}\n@media (min-width:550px) {\n  #image_2007404779 {\n    width: 100%;\n  }\n}\n<\/style>\n\t<\/div>\n\t\n\n\n\t\t<\/div>\n\t\t\t\t\t<\/div>\n\n\t\n\n\n<style>\n#row-73923869 > .col > .col-inner {\n  padding: 40px 0px 0px 0px;\n}\n<\/style>\n<\/div>\n\n\t\t<\/div>\n\n\t\t\n<style>\n#section_1232347767 {\n  padding-top: 60px;\n  padding-bottom: 60px;\n  background-color: rgb(170, 172, 115);\n}\n<\/style>\n\t<\/section>\n\t\n\n\t<section class=\"section dark\" id=\"section_1410512269\">\n\t\t<div class=\"section-bg fill\" >\n\t\t\t\t\t\t\t\t\t\n\t\t\t\n\n\t\t<\/div>\n\n\t\t\n\n\t\t<div class=\"section-content relative\">\n\t\t\t\n\n<div class=\"row\"  id=\"row-1500759882\">\n\n\n\t<div id=\"col-1077137876\" class=\"col medium-3 small-12 large-3\"  >\n\t\t\t\t<div class=\"col-inner text-center\"  >\n\t\t\t\n\t\t\t\n\n\t<div class=\"img has-hover x md-x lg-x y md-y lg-y\" id=\"image_1984622398\">\n\t\t<a class=\"\" href=\"\/ch\/produkt\/patch-tube-bundle\/\" >\t\t\t\t\t\t<div class=\"img-inner dark\" >\n\t\t\t<img loading=\"lazy\" decoding=\"async\" width=\"512\" height=\"512\" src=\"https:\/\/patchstrips.eu\/wp-content\/uploads\/2019\/04\/Patchstrips-Aktiv-Kohle.png\" class=\"attachment-large size-large\" alt=\"\" srcset=\"https:\/\/patchstrips.eu\/wp-content\/uploads\/2019\/04\/Patchstrips-Aktiv-Kohle.png 512w, https:\/\/patchstrips.eu\/wp-content\/uploads\/2019\/04\/Patchstrips-Aktiv-Kohle-280x280.png 280w, https:\/\/patchstrips.eu\/wp-content\/uploads\/2019\/04\/Patchstrips-Aktiv-Kohle-400x400.png 400w, https:\/\/patchstrips.eu\/wp-content\/uploads\/2019\/04\/Patchstrips-Aktiv-Kohle-500x500.png 500w, https:\/\/patchstrips.eu\/wp-content\/uploads\/2019\/04\/Patchstrips-Aktiv-Kohle-510x510.png 510w, https:\/\/patchstrips.eu\/wp-content\/uploads\/2019\/04\/Patchstrips-Aktiv-Kohle-100x100.png 100w\" sizes=\"auto, (max-width: 512px) 100vw, 512px\" \/>\t\t\t\t\t\t\n\t\t\t\t\t<\/div>\n\t\t\t\t\t\t<\/a>\t\t\n<style>\n#image_1984622398 {\n  width: 48%;\n}\n@media (min-width:550px) {\n  #image_1984622398 {\n    width: 100%;\n  }\n}\n<\/style>\n\t<\/div>\n\t\n\n\n\t\t<\/div>\n\t\t\t\t\t<\/div>\n\n\t\n\n\t<div id=\"col-1614025558\" class=\"col medium-3 small-12 large-3\"  >\n\t\t\t\t<div class=\"col-inner text-center\"  >\n\t\t\t\n\t\t\t\n\n\t<div class=\"img has-hover x md-x lg-x y md-y lg-y\" id=\"image_833361207\">\n\t\t<a class=\"\" href=\"\/ch\/produkt\/patch-grossformat\/\" >\t\t\t\t\t\t<div class=\"img-inner dark\" >\n\t\t\t<img loading=\"lazy\" decoding=\"async\" width=\"800\" height=\"800\" src=\"https:\/\/patchstrips.eu\/wp-content\/uploads\/2022\/11\/PATCH-Grossformat-Pflaster-PATLFAC10EN-800x800.jpg\" class=\"attachment-large size-large\" alt=\"PATCh Gro\u00dfformat Pflaster Aktivkohle\" srcset=\"https:\/\/patchstrips.eu\/wp-content\/uploads\/2022\/11\/PATCH-Grossformat-Pflaster-PATLFAC10EN-800x800.jpg 800w, https:\/\/patchstrips.eu\/wp-content\/uploads\/2022\/11\/PATCH-Grossformat-Pflaster-PATLFAC10EN-400x400.jpg 400w, https:\/\/patchstrips.eu\/wp-content\/uploads\/2022\/11\/PATCH-Grossformat-Pflaster-PATLFAC10EN-280x280.jpg 280w, https:\/\/patchstrips.eu\/wp-content\/uploads\/2022\/11\/PATCH-Grossformat-Pflaster-PATLFAC10EN-768x768.jpg 768w, https:\/\/patchstrips.eu\/wp-content\/uploads\/2022\/11\/PATCH-Grossformat-Pflaster-PATLFAC10EN-500x500.jpg 500w, https:\/\/patchstrips.eu\/wp-content\/uploads\/2022\/11\/PATCH-Grossformat-Pflaster-PATLFAC10EN-510x510.jpg 510w, https:\/\/patchstrips.eu\/wp-content\/uploads\/2022\/11\/PATCH-Grossformat-Pflaster-PATLFAC10EN-100x100.jpg 100w, https:\/\/patchstrips.eu\/wp-content\/uploads\/2022\/11\/PATCH-Grossformat-Pflaster-PATLFAC10EN.jpg 1000w\" sizes=\"auto, (max-width: 800px) 100vw, 800px\" \/>\t\t\t\t\t\t\n\t\t\t\t\t<\/div>\n\t\t\t\t\t\t<\/a>\t\t\n<style>\n#image_833361207 {\n  width: 48%;\n}\n@media (min-width:550px) {\n  #image_833361207 {\n    width: 100%;\n  }\n}\n<\/style>\n\t<\/div>\n\t\n\n\n\t\t<\/div>\n\t\t\t\t\t<\/div>\n\n\t\n\n\t<div id=\"col-178459670\" class=\"col medium-6 small-12 large-6\"  >\n\t\t\t\t<div class=\"col-inner\"  >\n\t\t\t\n\t\t\t\n\n<h3 class=\"uppercase\"><strong>PATCH AktivKohle<\/strong><\/h3>\n<h4><span style=\"font-size: 75%;\">BAMBUSPFLASTER<\/span><\/h4>\n<p>Das Bambuspflaster mit Aktiv-Kohle, das alles mitmacht, immer gut aussieht und zuverl\u00e4ssig vor Infektionen sch\u00fctzt. Ob drau\u00dfen beim Sport oder drinnen am Schreibtisch.<\/p>\n<a href=\"\/ch\/produkt\/patch-tube-bundle\/\" class=\"button white\" style=\"border-radius:99px;\">\n\t\t<span>PATCH Bambuspflaster<\/span>\n\t<\/a>\n\n\n<a href=\"\/ch\/produkt\/patch-grossformat\/\" class=\"button white\" style=\"border-radius:99px;\">\n\t\t<span>PATCH Gro\u00dfformat<\/span>\n\t<\/a>\n\n\n\n\t\t<\/div>\n\t\t\t\t\t<\/div>\n\n\t\n\n\n<style>\n#row-1500759882 > .col > .col-inner {\n  padding: 40px 0px 0px 0px;\n}\n<\/style>\n<\/div>\n\n\t\t<\/div>\n\n\t\t\n<style>\n#section_1410512269 {\n  padding-top: 70px;\n  padding-bottom: 70px;\n  background-color: rgb(0, 0, 0);\n}\n<\/style>\n\t<\/section>\n\t\n\n\t<section class=\"section dark\" id=\"section_193944989\">\n\t\t<div class=\"section-bg fill\" >\n\t\t\t\t\t\t\t\t\t\n\t\t\t\n\n\t\t<\/div>\n\n\t\t\n\n\t\t<div class=\"section-content relative\">\n\t\t\t\n\n<div class=\"row\"  id=\"row-728902801\">\n\n\n\t<div id=\"col-186516750\" class=\"col medium-6 small-12 large-6\"  >\n\t\t\t\t<div class=\"col-inner\"  >\n\t\t\t\n\t\t\t\n\n<h3 class=\"uppercase\"><strong>PATCH Neutral<\/strong><\/h3>\n<h4><span style=\"font-size: 75%;\">BAMBUSPFLASTER<\/span><\/h4>\n<p>Das neutrale Bambuspflaster ohne Inhaltsstoffe. Zur Versorgung einfacher Schnittwunden und leichter Haut-Verletzungen<span class=\"Apple-converted-space\">&nbsp;<\/span><\/p>\n<a href=\"\/ch\/produkt\/patch-tube-bundle\/\" class=\"button white\" style=\"border-radius:99px;\">\n\t\t<span>PATCH Bambuspflaster<\/span>\n\t<\/a>\n\n\n<a href=\"\/ch\/produkt\/patch-grossformat\/\" class=\"button white\" style=\"border-radius:99px;\">\n\t\t<span>PATCH Gro\u00dfformat<\/span>\n\t<\/a>\n\n\n\n\t\t<\/div>\n\t\t\t\t\t<\/div>\n\n\t\n\n\t<div id=\"col-474325269\" class=\"col medium-3 small-12 large-3 small-col-first\"  >\n\t\t\t\t<div class=\"col-inner text-center\"  >\n\t\t\t\n\t\t\t\n\n\t<div class=\"img has-hover x md-x lg-x y md-y lg-y\" id=\"image_2034933914\">\n\t\t<a class=\"\" href=\"\/ch\/produkt\/patch-tube-bundle\/\" >\t\t\t\t\t\t<div class=\"img-inner dark\" >\n\t\t\t<img loading=\"lazy\" decoding=\"async\" width=\"512\" height=\"512\" src=\"https:\/\/patchstrips.eu\/wp-content\/uploads\/2019\/04\/Patchstrips-neutral.png\" class=\"attachment-large size-large\" alt=\"\" srcset=\"https:\/\/patchstrips.eu\/wp-content\/uploads\/2019\/04\/Patchstrips-neutral.png 512w, https:\/\/patchstrips.eu\/wp-content\/uploads\/2019\/04\/Patchstrips-neutral-280x280.png 280w, https:\/\/patchstrips.eu\/wp-content\/uploads\/2019\/04\/Patchstrips-neutral-400x400.png 400w, https:\/\/patchstrips.eu\/wp-content\/uploads\/2019\/04\/Patchstrips-neutral-500x500.png 500w, https:\/\/patchstrips.eu\/wp-content\/uploads\/2019\/04\/Patchstrips-neutral-510x510.png 510w, https:\/\/patchstrips.eu\/wp-content\/uploads\/2019\/04\/Patchstrips-neutral-100x100.png 100w\" sizes=\"auto, (max-width: 512px) 100vw, 512px\" \/>\t\t\t\t\t\t\n\t\t\t\t\t<\/div>\n\t\t\t\t\t\t<\/a>\t\t\n<style>\n#image_2034933914 {\n  width: 48%;\n}\n@media (min-width:550px) {\n  #image_2034933914 {\n    width: 100%;\n  }\n}\n<\/style>\n\t<\/div>\n\t\n\n\n\t\t<\/div>\n\t\t\t\t\t<\/div>\n\n\t\n\n\t<div id=\"col-1625427464\" class=\"col medium-3 small-12 large-3 small-col-first\"  >\n\t\t\t\t<div class=\"col-inner text-center\"  >\n\t\t\t\n\t\t\t\n\n\t<div class=\"img has-hover x md-x lg-x y md-y lg-y\" id=\"image_615689490\">\n\t\t<a class=\"\" href=\"\/ch\/produkt\/patch-grossformat\/\" >\t\t\t\t\t\t<div class=\"img-inner dark\" >\n\t\t\t<img loading=\"lazy\" decoding=\"async\" width=\"800\" height=\"800\" src=\"https:\/\/patchstrips.eu\/wp-content\/uploads\/2022\/11\/PATCH-Grossformat-Pflaster-PATLFNA10EN-800x800.jpg\" class=\"attachment-large size-large\" alt=\"PATCH Gro\u00dfformat Pflaster Natural\" srcset=\"https:\/\/patchstrips.eu\/wp-content\/uploads\/2022\/11\/PATCH-Grossformat-Pflaster-PATLFNA10EN-800x800.jpg 800w, https:\/\/patchstrips.eu\/wp-content\/uploads\/2022\/11\/PATCH-Grossformat-Pflaster-PATLFNA10EN-400x400.jpg 400w, https:\/\/patchstrips.eu\/wp-content\/uploads\/2022\/11\/PATCH-Grossformat-Pflaster-PATLFNA10EN-280x280.jpg 280w, https:\/\/patchstrips.eu\/wp-content\/uploads\/2022\/11\/PATCH-Grossformat-Pflaster-PATLFNA10EN-768x768.jpg 768w, https:\/\/patchstrips.eu\/wp-content\/uploads\/2022\/11\/PATCH-Grossformat-Pflaster-PATLFNA10EN-500x500.jpg 500w, https:\/\/patchstrips.eu\/wp-content\/uploads\/2022\/11\/PATCH-Grossformat-Pflaster-PATLFNA10EN-510x510.jpg 510w, https:\/\/patchstrips.eu\/wp-content\/uploads\/2022\/11\/PATCH-Grossformat-Pflaster-PATLFNA10EN-100x100.jpg 100w, https:\/\/patchstrips.eu\/wp-content\/uploads\/2022\/11\/PATCH-Grossformat-Pflaster-PATLFNA10EN.jpg 1000w\" sizes=\"auto, (max-width: 800px) 100vw, 800px\" \/>\t\t\t\t\t\t\n\t\t\t\t\t<\/div>\n\t\t\t\t\t\t<\/a>\t\t\n<style>\n#image_615689490 {\n  width: 48%;\n}\n@media (min-width:550px) {\n  #image_615689490 {\n    width: 100%;\n  }\n}\n<\/style>\n\t<\/div>\n\t\n\n\n\t\t<\/div>\n\t\t\t\t\t<\/div>\n\n\t\n\n\n<style>\n#row-728902801 > .col > .col-inner {\n  padding: 40px 0px 0px 0px;\n}\n<\/style>\n<\/div>\n\n\t\t<\/div>\n\n\t\t\n<style>\n#section_193944989 {\n  padding-top: 60px;\n  padding-bottom: 60px;\n  background-color: rgb(170, 172, 115);\n}\n<\/style>\n\t<\/section>\n\t\n\n  <div class=\"banner has-hover has-parallax\" id=\"banner-686338906\">\n          <div class=\"banner-inner fill\">\n        <div class=\"banner-bg fill\" data-parallax=\"-3\" data-parallax-container=\".banner\" data-parallax-background>\n                                    <div class=\"overlay\"><\/div>            \n                    <\/div>\n\t\t\n        <div class=\"banner-layers container\">\n            <div class=\"fill banner-link\"><\/div>            \n\n   <div id=\"text-box-154553257\" class=\"text-box banner-layer x50 md-x50 lg-x50 y50 md-y50 lg-y50 res-text\">\n              <div data-parallax=\"2\" data-parallax-fade=\"true\">                  <div class=\"text-box-content text dark\">\n              \n              <div class=\"text-inner text-center\">\n                  \n\n<h3 class=\"uppercase\"><strong>Der PATCH Newsletter<\/strong><\/h3>\n<p>Melden Sie sich jetzt an beim PATCH-Newsletter und sichern Sie sich unsere News sowie Infos f\u00fcr zuk\u00fcnftige Aktionen. Melden Sie sich jetzt an.<\/p>\n<script>(function() {\n\twindow.mc4wp = window.mc4wp || {\n\t\tlisteners: [],\n\t\tforms: {\n\t\t\ton: function(evt, cb) {\n\t\t\t\twindow.mc4wp.listeners.push(\n\t\t\t\t\t{\n\t\t\t\t\t\tevent   : evt,\n\t\t\t\t\t\tcallback: cb\n\t\t\t\t\t}\n\t\t\t\t);\n\t\t\t}\n\t\t}\n\t}\n})();\n<\/script><!-- Mailchimp for WordPress v4.12.1 - https:\/\/wordpress.org\/plugins\/mailchimp-for-wp\/ --><form id=\"mc4wp-form-1\" class=\"mc4wp-form mc4wp-form-1164\" method=\"post\" data-id=\"1164\" data-name=\"Newsletter\" ><div class=\"mc4wp-form-fields\"><p>\r\n\t<label>Email Adresse: <\/label>\r\n\t<input type=\"email\" name=\"EMAIL\" placeholder=\"Ihre E-Mail Adresse\" required \/>\r\n<\/p>\r\n<p>\r\n    <label>\r\n        <input name=\"AGREE_TO_TERMS\" type=\"checkbox\" value=\"1\" required=\"\"> <a href=\"\/datenschutzerklaerung\" target=\"_blank\">Ich habe die Datenschutzbestimmungen gelesen und akzeptiert.<\/a>\r\n    <\/label>\r\n<\/p>\r\n\r\n<p>\r\n\t<input type=\"submit\" value=\"Anmelden\" \/>\r\n<\/p><\/div><label style=\"display: none !important;\">Leave this field empty if you're human: <input type=\"text\" name=\"_mc4wp_honeypot\" value=\"\" tabindex=\"-1\" autocomplete=\"off\" \/><\/label><input type=\"hidden\" name=\"_mc4wp_timestamp\" value=\"1775744915\" \/><input type=\"hidden\" name=\"_mc4wp_form_id\" value=\"1164\" \/><input type=\"hidden\" name=\"_mc4wp_form_element_id\" value=\"mc4wp-form-1\" \/><div class=\"mc4wp-response\"><\/div><\/form><!-- \/ Mailchimp for WordPress Plugin -->\n\n              <\/div>\n           <\/div>\n              <\/div>              \n<style>\n#text-box-154553257 {\n  width: 93%;\n}\n#text-box-154553257 .text-box-content {\n  font-size: 100%;\n}\n@media (min-width:550px) {\n  #text-box-154553257 {\n    width: 60%;\n  }\n}\n<\/style>\n    <\/div>\n \n\n        <\/div>\n      <\/div>\n\n            \n<style>\n#banner-686338906 {\n  padding-top: 450px;\n  background-color: rgb(101, 162, 46);\n}\n#banner-686338906 .overlay {\n  background-color: rgb(101, 162, 46);\n}\n<\/style>\n  <\/div>\n\n\n<p><\/p><!-- \/wp:post-content -->","protected":false},"excerpt":{"rendered":"","protected":false},"author":29,"featured_media":0,"parent":0,"menu_order":0,"comment_status":"closed","ping_status":"closed","template":"page-blank.php","meta":{"footnotes":""},"class_list":["post-1416","page","type-page","status-publish","hentry"],"_links":{"self":[{"href":"https:\/\/patchstrips.eu\/ch\/wp-json\/wp\/v2\/pages\/1416","targetHints":{"allow":["GET"]}}],"collection":[{"href":"https:\/\/patchstrips.eu\/ch\/wp-json\/wp\/v2\/pages"}],"about":[{"href":"https:\/\/patchstrips.eu\/ch\/wp-json\/wp\/v2\/types\/page"}],"author":[{"embeddable":true,"href":"https:\/\/patchstrips.eu\/ch\/wp-json\/wp\/v2\/users\/29"}],"replies":[{"embeddable":true,"href":"https:\/\/patchstrips.eu\/ch\/wp-json\/wp\/v2\/comments?post=1416"}],"version-history":[{"count":3,"href":"https:\/\/patchstrips.eu\/ch\/wp-json\/wp\/v2\/pages\/1416\/revisions"}],"predecessor-version":[{"id":12473,"href":"https:\/\/patchstrips.eu\/ch\/wp-json\/wp\/v2\/pages\/1416\/revisions\/12473"}],"wp:attachment":[{"href":"https:\/\/patchstrips.eu\/ch\/wp-json\/wp\/v2\/media?parent=1416"}],"curies":[{"name":"wp","href":"https:\/\/api.w.org\/{rel}","templated":true}]}}