{"id":1418,"date":"2018-11-12T21:42:38","date_gmt":"2018-11-12T20:42:38","guid":{"rendered":"https:\/\/patchstrips.eu\/ueber-patch\/"},"modified":"2023-12-29T08:32:19","modified_gmt":"2023-12-29T07:32:19","slug":"ueber-patch","status":"publish","type":"page","link":"https:\/\/patchstrips.eu\/ch\/ueber-patch\/","title":{"rendered":"\u00dcber Patch"},"content":{"rendered":"\n\t<section class=\"section\" id=\"section_210059450\">\n\t\t<div class=\"section-bg fill\" >\n\t\t\t\t\t\t\t\t\t\n\t\t\t\n\t<div class=\"is-border\"\n\t\tstyle=\"border-color:rgba(0, 0, 0, 0.13);border-width:1px 0px 1px 0px;\">\n\t<\/div>\n\n\t\t<\/div>\n\n\t\t\n\n\t\t<div class=\"section-content relative\">\n\t\t\t\n  <div class=\"banner-grid-wrapper\">\n  <div id=\"banner-grid-1068477810\" class=\"banner-grid row row-grid row-small row-box-shadow-1\" data-packery-options=\"\">\n                      \n<div class=\"col grid-col small-12 large-4 grid-col-1\" ><div class=\"col-inner\">\n\n  <div class=\"banner has-hover\" id=\"banner-986493762\">\n          <div class=\"banner-inner fill\">\n        <div class=\"banner-bg fill\" >\n            <img loading=\"lazy\" decoding=\"async\" width=\"600\" height=\"800\" src=\"https:\/\/patchstrips.eu\/wp-content\/uploads\/2019\/04\/PATCHSTRIPS.Pic2_-600x800.jpg\" class=\"bg attachment-large size-large\" alt=\"\" \/>                        <div class=\"overlay\"><\/div>            \n                    <\/div>\n\t\t\n        <div class=\"banner-layers container\">\n            <a class=\"fill\" href=\"\/shop\/\"><div class=\"fill banner-link\"><\/div><\/a>            \n   <div id=\"text-box-989777683\" class=\"text-box banner-layer x50 md-x50 lg-x50 y10 md-y10 lg-y10 res-text\">\n                                <div class=\"text-box-content text dark\">\n              \n              <div class=\"text-inner text-center\">\n                  \n<h2 class=\"uppercase\"><span style=\"color: #f5eded; font-size: 130%;\"><strong>schwarz ist das neue WOW&#8230;<\/strong><\/span><\/h2>\n              <\/div>\n           <\/div>\n                            \n<style>\n#text-box-989777683 {\n  width: 70%;\n}\n#text-box-989777683 .text-box-content {\n  font-size: 100%;\n}\n<\/style>\n    <\/div>\n \n        <\/div>\n      <\/div>\n\n              <div class=\"height-fix is-invisible\"><img loading=\"lazy\" decoding=\"async\" width=\"600\" height=\"800\" src=\"https:\/\/patchstrips.eu\/wp-content\/uploads\/2019\/04\/PATCHSTRIPS.Pic2_-600x800.jpg\" class=\"attachment-large size-large\" alt=\"\" srcset=\"https:\/\/patchstrips.eu\/wp-content\/uploads\/2019\/04\/PATCHSTRIPS.Pic2_-600x800.jpg 600w, https:\/\/patchstrips.eu\/wp-content\/uploads\/2019\/04\/PATCHSTRIPS.Pic2_-300x400.jpg 300w, https:\/\/patchstrips.eu\/wp-content\/uploads\/2019\/04\/PATCHSTRIPS.Pic2_-768x1024.jpg 768w, https:\/\/patchstrips.eu\/wp-content\/uploads\/2019\/04\/PATCHSTRIPS.Pic2_-500x667.jpg 500w, https:\/\/patchstrips.eu\/wp-content\/uploads\/2019\/04\/PATCHSTRIPS.Pic2_-510x680.jpg 510w, https:\/\/patchstrips.eu\/wp-content\/uploads\/2019\/04\/PATCHSTRIPS.Pic2_.jpg 900w\" sizes=\"auto, (max-width: 600px) 100vw, 600px\" \/><\/div>\n            \n<style>\n#banner-986493762 .overlay {\n  background-color: rgba(0, 0, 0, 0.05);\n}\n#banner-986493762 .banner-bg img {\n  object-position: 64% 30%;\n}\n<\/style>\n  <\/div>\n\n\n<\/div><\/div>\n<div class=\"col grid-col small-12 large-3 grid-col-1\" ><div class=\"col-inner\">\n\n  <div class=\"banner has-hover\" id=\"banner-1625699168\">\n          <div class=\"banner-inner fill\">\n        <div class=\"banner-bg fill\" >\n            <img loading=\"lazy\" decoding=\"async\" width=\"600\" height=\"800\" src=\"https:\/\/patchstrips.eu\/wp-content\/uploads\/2019\/04\/PATCHSTRIPS.Pic_.3-600x800.jpg\" class=\"bg attachment-large size-large\" alt=\"\" \/>                        <div class=\"overlay\"><\/div>            \n                    <\/div>\n\t\t\n        <div class=\"banner-layers container\">\n            <div class=\"fill banner-link\"><\/div>            \n   <div id=\"text-box-2076209979\" class=\"text-box banner-layer x50 md-x50 lg-x50 y10 md-y10 lg-y10 res-text\">\n                                <div class=\"text-box-content text dark\">\n              \n              <div class=\"text-inner text-center\">\n                  \n<h2 class=\"uppercase\"><span style=\"color: #000000;\"><strong><span style=\"font-size: 140%;\">Pflaster gibt es jetzt in sch\u00f6n.<\/span><\/strong><\/span><\/h2>\n              <\/div>\n           <\/div>\n                            \n<style>\n#text-box-2076209979 {\n  width: 60%;\n}\n#text-box-2076209979 .text-box-content {\n  font-size: 100%;\n}\n@media (min-width:550px) {\n  #text-box-2076209979 {\n    width: 70%;\n  }\n}\n<\/style>\n    <\/div>\n \n        <\/div>\n      <\/div>\n\n              <div class=\"height-fix is-invisible\"><img loading=\"lazy\" decoding=\"async\" width=\"600\" height=\"800\" src=\"https:\/\/patchstrips.eu\/wp-content\/uploads\/2019\/04\/PATCHSTRIPS.Pic_.3-600x800.jpg\" class=\"attachment-large size-large\" alt=\"\" srcset=\"https:\/\/patchstrips.eu\/wp-content\/uploads\/2019\/04\/PATCHSTRIPS.Pic_.3-600x800.jpg 600w, https:\/\/patchstrips.eu\/wp-content\/uploads\/2019\/04\/PATCHSTRIPS.Pic_.3-300x400.jpg 300w, https:\/\/patchstrips.eu\/wp-content\/uploads\/2019\/04\/PATCHSTRIPS.Pic_.3-768x1024.jpg 768w, https:\/\/patchstrips.eu\/wp-content\/uploads\/2019\/04\/PATCHSTRIPS.Pic_.3-500x667.jpg 500w, https:\/\/patchstrips.eu\/wp-content\/uploads\/2019\/04\/PATCHSTRIPS.Pic_.3-510x680.jpg 510w, https:\/\/patchstrips.eu\/wp-content\/uploads\/2019\/04\/PATCHSTRIPS.Pic_.3.jpg 900w\" sizes=\"auto, (max-width: 600px) 100vw, 600px\" \/><\/div>\n            \n<style>\n#banner-1625699168 .overlay {\n  background-color: rgba(0, 0, 0, 0.13);\n}\n#banner-1625699168 .banner-bg img {\n  object-position: 51% 56%;\n}\n<\/style>\n  <\/div>\n\n\n<\/div><\/div>\n<div class=\"col grid-col small-14 large-5 grid-col-1-3\" ><div class=\"col-inner\">\n\n  <div class=\"banner has-hover\" id=\"banner-968665065\">\n          <div class=\"banner-inner fill\">\n        <div class=\"banner-bg fill\" >\n            <img loading=\"lazy\" decoding=\"async\" width=\"533\" height=\"400\" src=\"https:\/\/patchstrips.eu\/wp-content\/uploads\/2019\/04\/PATCHSTRIPS.Pic1_-533x400.jpg\" class=\"bg attachment-medium size-medium\" alt=\"\" \/>                        <div class=\"overlay\"><\/div>            \n                    <\/div>\n\t\t\n        <div class=\"banner-layers container\">\n            <div class=\"fill banner-link\"><\/div>            \n   <div id=\"text-box-2047179091\" class=\"text-box banner-layer x10 md-x10 lg-x10 y50 md-y80 lg-y80 res-text\">\n                                <div class=\"text-box-content text \">\n              \n              <div class=\"text-inner text-left\">\n                  \n<h2 class=\"uppercase\"><strong>PATCH ist einzigartig und nachhaltig<\/strong><\/h2>\n              <\/div>\n           <\/div>\n                            \n<style>\n#text-box-2047179091 {\n  width: 42%;\n}\n#text-box-2047179091 .text-box-content {\n  font-size: 100%;\n}\n<\/style>\n    <\/div>\n \n        <\/div>\n      <\/div>\n\n              <div class=\"height-fix is-invisible\"><img loading=\"lazy\" decoding=\"async\" width=\"533\" height=\"400\" src=\"https:\/\/patchstrips.eu\/wp-content\/uploads\/2019\/04\/PATCHSTRIPS.Pic1_-533x400.jpg\" class=\"attachment-medium size-medium\" alt=\"\" srcset=\"https:\/\/patchstrips.eu\/wp-content\/uploads\/2019\/04\/PATCHSTRIPS.Pic1_-533x400.jpg 533w, https:\/\/patchstrips.eu\/wp-content\/uploads\/2019\/04\/PATCHSTRIPS.Pic1_-768x576.jpg 768w, https:\/\/patchstrips.eu\/wp-content\/uploads\/2019\/04\/PATCHSTRIPS.Pic1_-1067x800.jpg 1067w, https:\/\/patchstrips.eu\/wp-content\/uploads\/2019\/04\/PATCHSTRIPS.Pic1_-500x375.jpg 500w, https:\/\/patchstrips.eu\/wp-content\/uploads\/2019\/04\/PATCHSTRIPS.Pic1_-510x383.jpg 510w, https:\/\/patchstrips.eu\/wp-content\/uploads\/2019\/04\/PATCHSTRIPS.Pic1_.jpg 1200w\" sizes=\"auto, (max-width: 533px) 100vw, 533px\" \/><\/div>\n            \n<style>\n#banner-968665065 .overlay {\n  background-color: rgba(255, 255, 255, 0.15);\n}\n#banner-968665065 .banner-bg img {\n  object-position: 51% 30%;\n}\n<\/style>\n  <\/div>\n\n\n<\/div><\/div>\n<div class=\"col grid-col small-12 large-5 grid-col-2-3\" ><div class=\"col-inner\">\n\n  <div class=\"banner has-hover\" id=\"banner-1894366333\">\n          <div class=\"banner-inner fill\">\n        <div class=\"banner-bg fill\" >\n            <img loading=\"lazy\" decoding=\"async\" width=\"564\" height=\"564\" src=\"https:\/\/patchstrips.eu\/wp-content\/uploads\/2018\/11\/de90d3026c2fca6338a8cec7fa9ab5ce.jpg\" class=\"bg attachment-large size-large\" alt=\"\" \/>                        <div class=\"overlay\"><\/div>            \n                    <\/div>\n\t\t\n        <div class=\"banner-layers container\">\n            <div class=\"fill banner-link\"><\/div>            \n   <div id=\"text-box-363278624\" class=\"text-box banner-layer x50 md-x50 lg-x50 y50 md-y50 lg-y50 res-text\">\n                                <div class=\"text-box-content text dark\">\n              \n              <div class=\"text-inner text-center\">\n                  \n<h2 class=\"uppercase\"><strong>PAtch ist von Familien f\u00fcr familien<\/strong><\/h2>\n              <\/div>\n           <\/div>\n                            \n<style>\n#text-box-363278624 {\n  width: 60%;\n}\n#text-box-363278624 .text-box-content {\n  font-size: 100%;\n}\n@media (min-width:550px) {\n  #text-box-363278624 {\n    width: 70%;\n  }\n}\n<\/style>\n    <\/div>\n \n        <\/div>\n      <\/div>\n\n              <div class=\"height-fix is-invisible\"><img loading=\"lazy\" decoding=\"async\" width=\"564\" height=\"564\" src=\"https:\/\/patchstrips.eu\/wp-content\/uploads\/2018\/11\/de90d3026c2fca6338a8cec7fa9ab5ce.jpg\" class=\"attachment-large size-large\" alt=\"\" srcset=\"https:\/\/patchstrips.eu\/wp-content\/uploads\/2018\/11\/de90d3026c2fca6338a8cec7fa9ab5ce.jpg 564w, https:\/\/patchstrips.eu\/wp-content\/uploads\/2018\/11\/de90d3026c2fca6338a8cec7fa9ab5ce-280x280.jpg 280w, https:\/\/patchstrips.eu\/wp-content\/uploads\/2018\/11\/de90d3026c2fca6338a8cec7fa9ab5ce-400x400.jpg 400w, https:\/\/patchstrips.eu\/wp-content\/uploads\/2018\/11\/de90d3026c2fca6338a8cec7fa9ab5ce-500x500.jpg 500w, https:\/\/patchstrips.eu\/wp-content\/uploads\/2018\/11\/de90d3026c2fca6338a8cec7fa9ab5ce-510x510.jpg 510w, https:\/\/patchstrips.eu\/wp-content\/uploads\/2018\/11\/de90d3026c2fca6338a8cec7fa9ab5ce-100x100.jpg 100w\" sizes=\"auto, (max-width: 564px) 100vw, 564px\" \/><\/div>\n            \n<style>\n#banner-1894366333 .overlay {\n  background-color: rgba(0, 0, 0, 0.3);\n}\n#banner-1894366333 {\n  background-color: rgb(0, 0, 0);\n}\n#banner-1894366333 .banner-bg img {\n  object-position: 71% 19%;\n}\n<\/style>\n  <\/div>\n\n\n<\/div><\/div>\n            <\/div>\n    <style>\n    #banner-grid-1068477810 .grid-col-1{height: 617px}\n    #banner-grid-1068477810 .grid-col-1-2{height: 308.5px}\n    #banner-grid-1068477810 .grid-col-1-3{height:205.66666666667px}\n    #banner-grid-1068477810 .grid-col-2-3{height: 411.33333333333px}\n    #banner-grid-1068477810 .grid-col-1-4{height: 154.25px}\n    #banner-grid-1068477810 .grid-col-3-4{height: 462.75px}\n\n\n    \n    \n\n  <\/style>\n    <\/div>\n  \n\t\t<\/div>\n\n\t\t\n<style>\n#section_210059450 {\n  padding-top: 30px;\n  padding-bottom: 30px;\n  background-color: rgb(237, 239, 241);\n}\n<\/style>\n\t<\/section>\n\t\n\n\t<section class=\"section\" id=\"section_1656207527\">\n\t\t<div class=\"section-bg fill\" >\n\t\t\t\t\t\t\t\t\t\n\t\t\t\n\t<div class=\"is-border\"\n\t\tstyle=\"border-color:rgb(235, 235, 235);border-width:1px 0px 0px 0px;\">\n\t<\/div>\n\n\t\t<\/div>\n\n\t\t\n\n\t\t<div class=\"section-content relative\">\n\t\t\t\n<div class=\"row row-large align-middle align-center\"  id=\"row-1621966311\">\n\n\t<div id=\"col-1764281897\" class=\"col medium-6 small-12 large-6\"  >\n\t\t\t\t<div class=\"col-inner box-shadow-2 box-shadow-5-hover\" style=\"background-color:rgb(255, 255, 255);\" >\n\t\t\t\n\t\t\t\n<p><strong>UNSERE GESCHICHTE<\/strong><\/p>\n<p>Kinder brauchen Liebe und liebevolle Wundversorgung<span class=\"Apple-converted-space\">&nbsp;<\/span><\/p>\n<p>PATCH wurde geboren, als James Dutton, Gr\u00fcnder von Nutricare, Australien, bemerkte, dass beim Versuch, die Abenteuer-Wunden seines Sohnes zu versorgen, dessen Haut negativ auf die herk\u00f6mmlichen Pflaster reagierte. Kurz: Alles wurde nur noch schlimmer. Das besch\u00e4ftigte James und er versuchte herauszufinden, warum das so ist.<span class=\"Apple-converted-space\">&nbsp;<\/span><\/p>\n<p>James war schockiert, als er entdeckte, dass es eine Reihe von versteckten Chemikalien gibt, die in den gew\u00f6hnlichen Pflastern \u201ewohnen\u201c. Als er herausfand, dass es nicht nur bei seinem Sohn Charly Probleme gab, entschloss er sich, nach Alternativen zu forschen. Seine Untersuchungen ergaben, dass ein hoher prozentualer Anteil der Weltbev\u00f6lkerung keine normalen Wundverb\u00e4nde tragen kann und dass diese Prozentzahl kontinuierlich weiter steigt.<\/p>\n<p>James\u2018 Motivation, eine andere, besser vertr\u00e4gliche L\u00f6sung zu finden, wurde dann schlie\u00dflich durch seinen Sohn Xavier angetrieben, der es hasste, wenn seine Blessuren mit Cremes behandelt wurden. Eltern k\u00f6nnen zwar ziemlich kreativ sein, wenn es darum geht, anti-bakterielle Cremes zusammen mit einem Pflaster aufzubringen &#8230; Aber ganz gleich, was James auch versuchte, Xavier konnte nicht \u00fcberlistet werden und brach regelm\u00e4\u00dfig in Tr\u00e4nen aus. So war dann letztlich der Wunsch nach einem Wundpflegeprodukt, das keine negativen Hautreaktionen verursacht und gleichzeitig beim Heilungsprozess von Wunden hilft, der eigentliche Grund f\u00fcr die Erfindung von PATCH.<span class=\"Apple-converted-space\">&nbsp;<\/span><\/p>\n<p>Versorgt mit PATCH, m\u00fcssen Kinder mit kleinen Verletzungen nicht zu Hause bleiben und sich schonen, sondern sie k\u00f6nnen weiter Fu\u00dfball spielen oder einfach drau\u00dfen sein und ihre Umgebung erforschen. Und weil auch viele Erwachsene allergisch auf herk\u00f6mmliche Wundpflege-Produkte reagieren, ist Nutricare heute ein erfolgreiches Unternehmen und die Patches sind in hunderten von L\u00e4den in Australien, wo alles anfing, zu haben. Seit Juli 2016 ist Nutricare eine weltweit wachsende Marke und PATCH ist bequem \u00fcber einen zuverl\u00e4ssigen Online Shop zu beziehen. Auch gut zu wissen: Alle PATCH-Pflaster sind vegan, thiomersalfrei, merthiolatfrei, sulfatfrei und ohne Tierversuche gepr\u00fcft worden.<span class=\"Apple-converted-space\">&nbsp;<\/span><\/p>\n\t\t<\/div>\n\t\t\t\t\n<style>\n#col-1764281897 > .col-inner {\n  padding: 15px 15px 15px 15px;\n}\n<\/style>\n\t<\/div>\n\n\t\n\n\t<div id=\"col-1625884430\" class=\"col medium-6 small-12 large-6\"  >\n\t\t\t\t<div class=\"col-inner text-center\"  >\n\t\t\t\n\t\t\t\n<p><strong>UNSERE MISSION<\/strong><\/p>\n<p>GUT F\u00dcR DICH. GUT F\u00dcR DEN PLANETEN!<span class=\"Apple-converted-space\">&nbsp;<\/span><\/p>\n<p>Wir glauben, dass die Reduzierung unseres \u00f6kologischen Fu\u00dfabdrucks der Weg f\u00fcr die Zukunft ist, und wir streben an, unseren so klein wie m\u00f6glich zu halten. Deswegen haben wir uns entschieden, bei dieser einzigartigen Produktlinie mit Bambus zu arbeiten. Bambus ist eine erneuerbare Ressource und w\u00e4chst deutlich schneller als jeder Baum. Er braucht zudem wenig Wasser, erzeugt viel Sauerstoff und ben\u00f6tigt weder Pestizide noch Herbizide, um zu gedeihen. Dar\u00fcber hinaus achten wir darauf, ausschlie\u00dflich nat\u00fcrliche Komponenten zu verwenden, die biologisch abbaubar sind.<span class=\"Apple-converted-space\">&nbsp;<\/span><\/p>\n\t<div class=\"img has-hover x md-x lg-x y md-y lg-y\" id=\"image_893997991\">\n\t\t\t\t\t\t\t\t<div class=\"img-inner dark\" >\n\t\t\t<img loading=\"lazy\" decoding=\"async\" width=\"180\" height=\"180\" src=\"https:\/\/patchstrips.eu\/wp-content\/uploads\/2018\/11\/patch_round_light_grey-03_b765eb5c-b19a-4988-a5f5-2dec8bb6b9bd_180x.png\" class=\"attachment-large size-large\" alt=\"\" srcset=\"https:\/\/patchstrips.eu\/wp-content\/uploads\/2018\/11\/patch_round_light_grey-03_b765eb5c-b19a-4988-a5f5-2dec8bb6b9bd_180x.png 180w, https:\/\/patchstrips.eu\/wp-content\/uploads\/2018\/11\/patch_round_light_grey-03_b765eb5c-b19a-4988-a5f5-2dec8bb6b9bd_180x-100x100.png 100w\" sizes=\"auto, (max-width: 180px) 100vw, 180px\" \/>\t\t\t\t\t\t\n\t\t\t\t\t<\/div>\n\t\t\t\t\t\t\t\t\n<style>\n#image_893997991 {\n  width: 51%;\n}\n<\/style>\n\t<\/div>\n\t\n\t\t<\/div>\n\t\t\t\t\t<\/div>\n\n\t\n<\/div>\n\t\t<\/div>\n\n\t\t\n<style>\n#section_1656207527 {\n  padding-top: 59px;\n  padding-bottom: 59px;\n  min-height: 300px;\n  background-color: rgb(240, 240, 240);\n}\n<\/style>\n\t<\/section>\n\t\n\n\t<section class=\"section\" id=\"section_1703345875\">\n\t\t<div class=\"section-bg fill\" >\n\t\t\t\t\t\t\t\t\t<div class=\"section-bg-overlay absolute fill\"><\/div>\n\t\t\t\n\t<div class=\"is-border\"\n\t\tstyle=\"border-color:rgb(235, 235, 235);border-width:1px 0px 0px 0px;\">\n\t<\/div>\n\n\t\t<\/div>\n\n\t\t\n\n\t\t<div class=\"section-content relative\">\n\t\t\t\n<div class=\"row row-large align-middle align-center\"  id=\"row-1481998616\">\n\n\t<div id=\"col-405677998\" class=\"col medium-6 small-12 large-6\"  >\n\t\t\t\t<div class=\"col-inner text-center dark\"  >\n\t\t\t\n\t\t\t\n<h2>PATCH &nbsp;UNTERST\u00dcTZT<\/h2>\n<p>Wir sind uns unserer Verantwortung bewusst und darum geht ein Teil des Gewinns aus PATCH-Verk\u00e4ufen an Organisationen, die wie wir auf Nachhaltigkeit setzen und daf\u00fcr Unterst\u00fctzung ben\u00f6tigen. Gemeinsam sind wir stark!<span class=\"Apple-converted-space\">&nbsp;<\/span><\/p>\n<p>OSSTIMOR&nbsp; &nbsp; &nbsp;SEA SHEPPARD&nbsp; &nbsp; &nbsp;HAITI LIFE<\/p>\n\t<div class=\"img has-hover x md-x lg-x y md-y lg-y\" id=\"image_1833576117\">\n\t\t\t\t\t\t\t\t<div class=\"img-inner dark\" >\n\t\t\t<img loading=\"lazy\" decoding=\"async\" width=\"180\" height=\"180\" src=\"https:\/\/patchstrips.eu\/wp-content\/uploads\/2018\/11\/patch_round_light_grey-02_9c097d39-1184-4db8-ba92-ec950f952997_180x.png\" class=\"attachment-large size-large\" alt=\"\" srcset=\"https:\/\/patchstrips.eu\/wp-content\/uploads\/2018\/11\/patch_round_light_grey-02_9c097d39-1184-4db8-ba92-ec950f952997_180x.png 180w, https:\/\/patchstrips.eu\/wp-content\/uploads\/2018\/11\/patch_round_light_grey-02_9c097d39-1184-4db8-ba92-ec950f952997_180x-100x100.png 100w\" sizes=\"auto, (max-width: 180px) 100vw, 180px\" \/>\t\t\t\t\t\t\n\t\t\t\t\t<\/div>\n\t\t\t\t\t\t\t\t\n<style>\n#image_1833576117 {\n  width: 51%;\n}\n<\/style>\n\t<\/div>\n\t\n\t\t<\/div>\n\t\t\t\t\t<\/div>\n\n\t\n\n\t<div id=\"col-965741652\" class=\"col medium-6 small-12 large-6\"  data-animate=\"flipInY\">\n\t\t\t\t<div class=\"col-inner text-left box-shadow-2 box-shadow-5-hover\" style=\"background-color:rgb(255, 255, 255);\" >\n\t\t\t\n\t\t\t\n<h5 class=\"h5--accent strong home--uppercase\"><span style=\"color: #333333;\"><strong>OSTTIMOR LIEFERT F\u00dcR D\u00d6RFER<\/strong><\/span><\/h5>\n<p><span style=\"color: #333333;\">Patch unterst\u00fctzt lokale Gemeinschaften in Osttimor durch das Young Veterans Missionsteam. Dadurch wird den kleinen Gemeinschaften eine nachhaltige Alternative mit nat\u00fcrlichen Ressourcen zu medizinischen Klebestreifen geboten.<\/span><\/p>\n<h5 class=\"h5--accent strong home--uppercase\"><span style=\"color: #333333;\"><strong>SEA SHEPPARD-FLOTTE<\/strong><\/span><\/h5>\n<div class=\"rte\">\n<p><span style=\"color: #333333;\">Wir unterst\u00fctzen alle 9 Schiffe der Sea-Sheppard-Flotte. Wir sind begeistert, mit Initiativen wie Sea Shepherd zusammenzuarbeiten, um die unglaubliche Arbeit zu unterst\u00fctzen, die sie betreiben, um das Meeresleben zu retten und unsere Ozeane zu sch\u00fctzen.<\/span><\/p>\n<h5 class=\"h5--accent strong home--uppercase\"><span style=\"color: #333333;\"><strong>HAITI HILFE<\/strong><\/span><\/h5>\n<div class=\"rte\">\n<p><span style=\"color: #333333;\">Wir lieben einfach Retail Global und seinen Gr\u00fcnder Phil Leahy. Patch unterst\u00fctzt seine Mission in armen Regionen in Haiti. Dabei werden Kinder in Haiti mit sterilen medizinischen Ressourcen versorgt und Familien unterst\u00fctzt.&nbsp;<\/span><\/p>\n<\/div>\n<\/div>\n\t\t<\/div>\n\t\t\t\t\n<style>\n#col-965741652 > .col-inner {\n  padding: 15px 15px 15px 15px;\n}\n<\/style>\n\t<\/div>\n\n\t\n<\/div>\n\t\t<\/div>\n\n\t\t\n<style>\n#section_1703345875 {\n  padding-top: 59px;\n  padding-bottom: 59px;\n  min-height: 300px;\n  background-color: rgb(171, 171, 171);\n}\n#section_1703345875 .section-bg-overlay {\n  background-color: rgba(0, 0, 0, 0.64);\n}\n<\/style>\n\t<\/section>\n\t\n\n\t<section class=\"section\" id=\"section_1260176788\">\n\t\t<div class=\"section-bg fill\" >\n\t\t\t\t\t\t\t\t\t\n\t\t\t\n\n\t\t<\/div>\n\n\t\t\n\n\t\t<div class=\"section-content relative\">\n\t\t\t\n<div class=\"row\"  id=\"row-1525831310\">\n\n\t<div id=\"col-1380974234\" class=\"col medium-3 small-6 large-3\"  >\n\t\t\t\t<div class=\"col-inner\"  >\n\t\t\t\n\t\t\t\n\t<div class=\"img has-hover x md-x lg-x y md-y lg-y\" id=\"image_1245926183\">\n\t\t\t\t\t\t\t\t<div class=\"img-inner dark\" >\n\t\t\t<img loading=\"lazy\" decoding=\"async\" width=\"180\" height=\"180\" src=\"https:\/\/patchstrips.eu\/wp-content\/uploads\/2018\/11\/patch_round_light_grey-06_bceac49c-0fea-4cb2-96e5-6600fd6e3c09_180x.png\" class=\"attachment-large size-large\" alt=\"\" srcset=\"https:\/\/patchstrips.eu\/wp-content\/uploads\/2018\/11\/patch_round_light_grey-06_bceac49c-0fea-4cb2-96e5-6600fd6e3c09_180x.png 180w, https:\/\/patchstrips.eu\/wp-content\/uploads\/2018\/11\/patch_round_light_grey-06_bceac49c-0fea-4cb2-96e5-6600fd6e3c09_180x-100x100.png 100w\" sizes=\"auto, (max-width: 180px) 100vw, 180px\" \/>\t\t\t\t\t\t\n\t\t\t\t\t<\/div>\n\t\t\t\t\t\t\t\t\n<style>\n#image_1245926183 {\n  width: 100%;\n}\n<\/style>\n\t<\/div>\n\t\n\t\t<\/div>\n\t\t\t\t\t<\/div>\n\n\t\n\n\t<div id=\"col-640017451\" class=\"col medium-3 small-6 large-3\"  >\n\t\t\t\t<div class=\"col-inner\"  >\n\t\t\t\n\t\t\t\n\t<div class=\"img has-hover x md-x lg-x y md-y lg-y\" id=\"image_566825628\">\n\t\t\t\t\t\t\t\t<div class=\"img-inner dark\" >\n\t\t\t<img loading=\"lazy\" decoding=\"async\" width=\"180\" height=\"180\" src=\"https:\/\/patchstrips.eu\/wp-content\/uploads\/2018\/11\/patch_round_light_grey-05_8e05c538-88d5-4a47-8261-17b0c94d7d97_180x.png\" class=\"attachment-large size-large\" alt=\"\" srcset=\"https:\/\/patchstrips.eu\/wp-content\/uploads\/2018\/11\/patch_round_light_grey-05_8e05c538-88d5-4a47-8261-17b0c94d7d97_180x.png 180w, https:\/\/patchstrips.eu\/wp-content\/uploads\/2018\/11\/patch_round_light_grey-05_8e05c538-88d5-4a47-8261-17b0c94d7d97_180x-100x100.png 100w\" sizes=\"auto, (max-width: 180px) 100vw, 180px\" \/>\t\t\t\t\t\t\n\t\t\t\t\t<\/div>\n\t\t\t\t\t\t\t\t\n<style>\n#image_566825628 {\n  width: 100%;\n}\n<\/style>\n\t<\/div>\n\t\n\t\t<\/div>\n\t\t\t\t\t<\/div>\n\n\t\n\n\t<div id=\"col-2067949775\" class=\"col medium-3 small-6 large-3\"  >\n\t\t\t\t<div class=\"col-inner\"  >\n\t\t\t\n\t\t\t\n\t<div class=\"img has-hover x md-x lg-x y md-y lg-y\" id=\"image_1806669263\">\n\t\t\t\t\t\t\t\t<div class=\"img-inner dark\" >\n\t\t\t<img loading=\"lazy\" decoding=\"async\" width=\"180\" height=\"180\" src=\"https:\/\/patchstrips.eu\/wp-content\/uploads\/2018\/11\/patch_round_light_grey-04_d83a8882-ea5e-4e69-b3a7-3b600fb0b7d8_180x.png\" class=\"attachment-large size-large\" alt=\"\" srcset=\"https:\/\/patchstrips.eu\/wp-content\/uploads\/2018\/11\/patch_round_light_grey-04_d83a8882-ea5e-4e69-b3a7-3b600fb0b7d8_180x.png 180w, https:\/\/patchstrips.eu\/wp-content\/uploads\/2018\/11\/patch_round_light_grey-04_d83a8882-ea5e-4e69-b3a7-3b600fb0b7d8_180x-100x100.png 100w\" sizes=\"auto, (max-width: 180px) 100vw, 180px\" \/>\t\t\t\t\t\t\n\t\t\t\t\t<\/div>\n\t\t\t\t\t\t\t\t\n<style>\n#image_1806669263 {\n  width: 100%;\n}\n<\/style>\n\t<\/div>\n\t\n\t\t<\/div>\n\t\t\t\t\t<\/div>\n\n\t\n\n\t<div id=\"col-1287627501\" class=\"col medium-3 small-6 large-3\"  >\n\t\t\t\t<div class=\"col-inner\"  >\n\t\t\t\n\t\t\t\n\t<div class=\"img has-hover x md-x lg-x y md-y lg-y\" id=\"image_565562831\">\n\t\t\t\t\t\t\t\t<div class=\"img-inner dark\" >\n\t\t\t<img loading=\"lazy\" decoding=\"async\" width=\"180\" height=\"180\" src=\"https:\/\/patchstrips.eu\/wp-content\/uploads\/2018\/11\/patch_round_light_grey-01_c3255d69-d0ae-43c7-8538-e4fa4ee07da0_180x.png\" class=\"attachment-large size-large\" alt=\"\" srcset=\"https:\/\/patchstrips.eu\/wp-content\/uploads\/2018\/11\/patch_round_light_grey-01_c3255d69-d0ae-43c7-8538-e4fa4ee07da0_180x.png 180w, https:\/\/patchstrips.eu\/wp-content\/uploads\/2018\/11\/patch_round_light_grey-01_c3255d69-d0ae-43c7-8538-e4fa4ee07da0_180x-100x100.png 100w\" sizes=\"auto, (max-width: 180px) 100vw, 180px\" \/>\t\t\t\t\t\t\n\t\t\t\t\t<\/div>\n\t\t\t\t\t\t\t\t\n<style>\n#image_565562831 {\n  width: 100%;\n}\n<\/style>\n\t<\/div>\n\t\n\t\t<\/div>\n\t\t\t\t\t<\/div>\n\n\t\n<\/div>\n\t\t<\/div>\n\n\t\t\n<style>\n#section_1260176788 {\n  padding-top: 30px;\n  padding-bottom: 30px;\n}\n<\/style>\n\t<\/section>\n\t\n\t\n  \n    <div class=\"row large-columns-5 medium-columns-3 small-columns-2 row-small has-shadow row-box-shadow-1 slider row-slider slider-nav-reveal slider-nav-push\"  data-flickity-options='{&quot;imagesLoaded&quot;: true, &quot;groupCells&quot;: &quot;100%&quot;, &quot;dragThreshold&quot; : 5, &quot;cellAlign&quot;: &quot;left&quot;,&quot;wrapAround&quot;: true,&quot;prevNextButtons&quot;: true,&quot;percentPosition&quot;: true,&quot;pageDots&quot;: false, &quot;rightToLeft&quot;: false, &quot;autoPlay&quot; : false}' >\n\n  <\/div>\n","protected":false},"excerpt":{"rendered":"","protected":false},"author":29,"featured_media":0,"parent":0,"menu_order":0,"comment_status":"closed","ping_status":"closed","template":"page-blank.php","meta":{"footnotes":""},"class_list":["post-1418","page","type-page","status-publish","hentry"],"_links":{"self":[{"href":"https:\/\/patchstrips.eu\/ch\/wp-json\/wp\/v2\/pages\/1418","targetHints":{"allow":["GET"]}}],"collection":[{"href":"https:\/\/patchstrips.eu\/ch\/wp-json\/wp\/v2\/pages"}],"about":[{"href":"https:\/\/patchstrips.eu\/ch\/wp-json\/wp\/v2\/types\/page"}],"author":[{"embeddable":true,"href":"https:\/\/patchstrips.eu\/ch\/wp-json\/wp\/v2\/users\/29"}],"replies":[{"embeddable":true,"href":"https:\/\/patchstrips.eu\/ch\/wp-json\/wp\/v2\/comments?post=1418"}],"version-history":[{"count":2,"href":"https:\/\/patchstrips.eu\/ch\/wp-json\/wp\/v2\/pages\/1418\/revisions"}],"predecessor-version":[{"id":12288,"href":"https:\/\/patchstrips.eu\/ch\/wp-json\/wp\/v2\/pages\/1418\/revisions\/12288"}],"wp:attachment":[{"href":"https:\/\/patchstrips.eu\/ch\/wp-json\/wp\/v2\/media?parent=1418"}],"curies":[{"name":"wp","href":"https:\/\/api.w.org\/{rel}","templated":true}]}}