{"id":1426,"date":"2018-10-15T17:10:54","date_gmt":"2018-10-15T16:10:54","guid":{"rendered":"https:\/\/patchstrips.eu\/agb\/"},"modified":"2019-11-28T09:27:19","modified_gmt":"2019-11-28T08:27:19","slug":"agb","status":"publish","type":"page","link":"https:\/\/patchstrips.eu\/ch\/agb\/","title":{"rendered":"Allgemeine Gesch\u00e4ftsbedingungen"},"content":{"rendered":"\n<p align=\"left\"><strong>Lieferungs- und Zahlungsbedingungen:&nbsp;<\/strong>\nBis 100,00 \u20ac Warenwert, berechnen wir eine Portopauschale von 5,90 \u20ac.<\/p>\n<p align=\"left\"><strong>Spezielles R\u00fcckgaberecht f\u00fcr Endkunden in der EU:&nbsp;<\/strong>\nAls LUBA-Kunden geben wir Ihnen die M\u00f6glichkeit, gelieferte Ware innerhalb von 14 Tagen zur\u00fcckzugeben. Bitte zeigen Sie uns dazu Ihren R\u00fcckgabewunsch bis sp\u00e4testens 14 Tage nach Warenerhalt an. Sie erreichen unsere Service-Mitarbeiter von Montag bis Freitag von 8.00-12.00 Uhr und 13.00-17.00 Uhr unter Telefon 06172-94800. Sie werden die R\u00fccksendeformalit\u00e4ten mit Ihnen kl\u00e4ren. Sollten Sie uns einmal telefonisch nicht erreichen, k\u00f6nnen Sie uns auch gern eine kurze Information per Fax, e-Mail oder schriftlich zukommen lassen.<\/p>\n<strong>Fax-Nr. 06172-42029\ne-Mail:&nbsp;<\/strong><strong><span id=\"cloak079d41056af188c22c0fae715a07a344\"><a href=\"mailto:info@LUBA.de\">info@LUBA.de<\/a><\/span><\/strong><strong>\n<\/strong><strong>Post-Anschrift:&nbsp;<\/strong><strong>\nLUBA GmbH\nMassenheimer Weg 25\n61352 Bad Homburg v.d.H.<\/strong>\n<p align=\"left\">Nach Erhalt Ihres Schreibens oder Anrufs senden wir Ihnen einen bereits ausgef\u00fcllten DHL-Paketaufkleber mit Einlieferungs-Quittung per e-Mail zu. Mit diesem geben Sie die zur\u00fcckzusendende Ware gut verpackt in Ihrem n\u00e4chsten Postamt portofrei ab. Bei der R\u00fccksendung der Ware wegen Nichtgefallen erhalten Sie den Paketaufkleber nur ab einem Warenwert von 40,00 Euro. Bitte frankieren Sie ansonsten die Sendung ausreichend. Bitte beachten Sie unbedingt, dass unfreie R\u00fccksendungen aus organisatorischen Gr\u00fcnden ausnahmslos nicht angenommen werden k\u00f6nnen bzw. die Post angewiesen ist, diese automatisch an den Absender zur\u00fcckzuschicken. Ein Anspruch auf Gutschrift bzw. R\u00fcckerstattung des gesamten Kaufpreises besteht nicht, wenn der Wert der Ware durch Gebrauch, der \u00fcber die \u00fcbliche Pr\u00fcfung der Ware wie im Ladengesch\u00e4ft hinausgeht, durch Besch\u00e4digung der Ware oder ihrer Verpackung oder durch sonstige Umst\u00e4nde, die der Kunde zu vertreten hat, gemindert ist. In diesem Fall wird LUBA einen im Einzelfall angemessenen Abzug f\u00fcr die Wertminderung vornehmen. Sollte die Wertminderung des Kaufgegenstandes so erheblich sein, dass f\u00fcr LUBA ein Wiederverkauf der Ware unm\u00f6glich oder nur mit unvertretbaren Verlusten m\u00f6glich ist, ist eine R\u00fccknahme der Kaufsache grunds\u00e4tzlich ausgeschlossen.<\/p>\n<p align=\"left\"><strong>Lieferungen ins Ausland<\/strong><strong>&nbsp;<\/strong>\nerfolgen gegen Vorauskasse; Bankgeb\u00fchren sind vom K\u00e4ufer zu tragen. Der Versandkostenanteil errechnet sich nach Land und Gewicht der Sendung.<\/p>\n<p align=\"left\"><strong>Dieser Katalog dient der Information.&nbsp;<\/strong>\nEr ist kein Angebot im rechtlichen Sinn und richtet sich an Endverbraucher. F\u00fcr Gro\u00dfhandelskunden gelten abweichende Lieferbedingungen lt. H\u00e4ndlerpreisliste.<\/p>\n<p align=\"left\"><strong>Preise<\/strong>\nAlle Preise in unserem Katalog verstehen sich inklusive der zurzeit der Drucklegung g\u00fcltigen Mehrwertsteuer von 19% bzw. vermindertem Steuersatz von 7%.<\/p>\n<p align=\"left\"><strong>Reklamation<\/strong>\nSollte trotz strenger Qualit\u00e4tskontrollen ein Garantiefall eintreten, benachrichtigen Sie uns bitte unverz\u00fcglich. Wir werden daraufhin einen f\u00fcr Sie kostenfreien DHL-Paketaufkleber f\u00fcr die R\u00fccksendung innerhalb Deutschlands an Sie (am schnellsten m\u00f6glichst per e-Mail) schicken. Bitte senden Sie auf keinen Fall Ihr Paket eigenm\u00e4chtig unfrei an uns. Im Normalfall ist die bearbeitete Reklamation bereits innerhalb weniger Tage auf dem R\u00fcckweg zu Ihnen.<\/p>\n<p align=\"left\"><strong>Ersatzteile<\/strong>\nWir haben ein gro\u00dfes und gut sortiertes Ersatzteillager. Senden Sie stets das defekte Teil, ein Foto oder eine Skizze ein. Nennen Sie dazu den Ger\u00e4tetyp, das ist ganz wichtig! Hilfreich ist auch, wenn Sie das Alter des Ger\u00e4tes nennen k\u00f6nnen. Unsere Erfahrung zeigt: 50 % aller auf Verdacht bestellten Ersatzteile sind falsch.<\/p>\n<p align=\"left\"><strong>Eigentumsvorbehalt<\/strong>\nErst mit Erf\u00fcllung unserer gegenw\u00e4rtigen oder k\u00fcnftigen Forderungen aus der Gesch\u00e4ftsverbindung geht das Eigentum auf Sie \u00fcber.<\/p>\n<p align=\"left\"><strong>Allgemeines\n<\/strong>F\u00fcr Druckfehler und Irrt\u00fcmer \u00fcbernehmen wir keine Haftung. Geringf\u00fcgige \u00c4nderungen des Produkt-Designs und Lieferumfangs behalten wir uns vor. Die in den Produktbeschreibungen enthaltenen Ma\u00dfangaben, Erl\u00e4uterungen und Abbildungen sind branchen\u00fcbliche N\u00e4herungswerte. Alle Warenzeichen sind Eigentum der jeweiligen Inhaber. Erg\u00e4nzend zu diesen Informationen gelten unsere Allgemeinen Gesch\u00e4ftsbedingungen (AGB), die wir Ihnen gern auch vor einer Bestellung kostenfrei zusenden. Mit dem Erscheinen eines neuen Katalogs werden s\u00e4mtliche Angebote in fr\u00fcheren Katalogen unwirksam.<\/p>\n<p align=\"left\"><strong>Hinweis zum Datenschutz<\/strong>\nWir verarbeiten Ihre Daten zur Durchf\u00fchrung Ihrer Anfrage oder Ihres Auftrags und der Pflege der laufenden Kundenbeziehung. Von uns beauftragte Dienstleister erhalten im Rahmen der Auftragsverarbeitung Ihre Daten nur, soweit diese notwendig sind.<\/p>\n<strong>LUBA GmbH \u2022 Gesch\u00e4ftsf\u00fchrer Ralf Pigge, Sebastian Pigge \u2022\nSitz und Registergericht: Bad Homburg HRB 2970<\/strong>\n","protected":false},"excerpt":{"rendered":"<p>Lieferungs- und Zahlungsbedingungen:&nbsp; Bis 100,00 \u20ac Warenwert, berechnen wir eine Portopauschale von 5,90 \u20ac. Spezielles R\u00fcckgaberecht f\u00fcr Endkunden in der EU:&nbsp; Als LUBA-Kunden geben wir Ihnen die M\u00f6glichkeit, gelieferte Ware innerhalb von 14 Tagen zur\u00fcckzugeben. Bitte zeigen Sie uns dazu Ihren R\u00fcckgabewunsch bis sp\u00e4testens 14 Tage nach Warenerhalt an. Sie erreichen unsere Service-Mitarbeiter von Montag [&#8230;]\n","protected":false},"author":1,"featured_media":0,"parent":0,"menu_order":5,"comment_status":"closed","ping_status":"closed","template":"","meta":{"footnotes":""},"class_list":["post-1426","page","type-page","status-publish","hentry"],"_links":{"self":[{"href":"https:\/\/patchstrips.eu\/ch\/wp-json\/wp\/v2\/pages\/1426","targetHints":{"allow":["GET"]}}],"collection":[{"href":"https:\/\/patchstrips.eu\/ch\/wp-json\/wp\/v2\/pages"}],"about":[{"href":"https:\/\/patchstrips.eu\/ch\/wp-json\/wp\/v2\/types\/page"}],"author":[{"embeddable":true,"href":"https:\/\/patchstrips.eu\/ch\/wp-json\/wp\/v2\/users\/1"}],"replies":[{"embeddable":true,"href":"https:\/\/patchstrips.eu\/ch\/wp-json\/wp\/v2\/comments?post=1426"}],"version-history":[{"count":0,"href":"https:\/\/patchstrips.eu\/ch\/wp-json\/wp\/v2\/pages\/1426\/revisions"}],"wp:attachment":[{"href":"https:\/\/patchstrips.eu\/ch\/wp-json\/wp\/v2\/media?parent=1426"}],"curies":[{"name":"wp","href":"https:\/\/api.w.org\/{rel}","templated":true}]}}