{"id":12461,"date":"2022-11-23T08:59:56","date_gmt":"2022-11-23T07:59:56","guid":{"rendered":"https:\/\/patchstrips.eu\/produkt\/patch-grossformat-kokosoel\/"},"modified":"2025-10-12T02:08:48","modified_gmt":"2025-10-12T00:08:48","slug":"patch-grossformat-kokosoel","status":"publish","type":"product","link":"https:\/\/patchstrips.eu\/ch\/produkt\/patch-grossformat-kokosoel\/","title":{"rendered":"PATCH Gro\u00dfformat Kokos\u00f6l"},"content":{"rendered":"<h2>PATCH Gro\u00dfformat Kokos\u00f6l \u2013 hypoallergenes Pflaster aus organischer Bambusfaser<\/h2>\n","protected":false},"excerpt":{"rendered":"<p>PATCH Gro\u00dfformat Kokos\u00f6l \u2013 hypoallergenes Pflaster aus organischer Bambusfaser<\/p>\n","protected":false},"featured_media":12135,"comment_status":"open","ping_status":"closed","template":"","meta":[],"product_brand":[],"product_cat":[188],"product_tag":[],"class_list":{"0":"post-12461","1":"product","2":"type-product","3":"status-publish","4":"has-post-thumbnail","6":"product_cat-grossformat-ch","8":"first","9":"outofstock","10":"taxable","11":"shipping-taxable","12":"purchasable","13":"product-type-simple"},"_links":{"self":[{"href":"https:\/\/patchstrips.eu\/ch\/wp-json\/wp\/v2\/product\/12461","targetHints":{"allow":["GET"]}}],"collection":[{"href":"https:\/\/patchstrips.eu\/ch\/wp-json\/wp\/v2\/product"}],"about":[{"href":"https:\/\/patchstrips.eu\/ch\/wp-json\/wp\/v2\/types\/product"}],"replies":[{"embeddable":true,"href":"https:\/\/patchstrips.eu\/ch\/wp-json\/wp\/v2\/comments?post=12461"}],"wp:featuredmedia":[{"embeddable":true,"href":"https:\/\/patchstrips.eu\/ch\/wp-json\/wp\/v2\/media\/12135"}],"wp:attachment":[{"href":"https:\/\/patchstrips.eu\/ch\/wp-json\/wp\/v2\/media?parent=12461"}],"wp:term":[{"taxonomy":"product_brand","embeddable":true,"href":"https:\/\/patchstrips.eu\/ch\/wp-json\/wp\/v2\/product_brand?post=12461"},{"taxonomy":"product_cat","embeddable":true,"href":"https:\/\/patchstrips.eu\/ch\/wp-json\/wp\/v2\/product_cat?post=12461"},{"taxonomy":"product_tag","embeddable":true,"href":"https:\/\/patchstrips.eu\/ch\/wp-json\/wp\/v2\/product_tag?post=12461"}],"curies":[{"name":"wp","href":"https:\/\/api.w.org\/{rel}","templated":true}]}}