{"id":1458,"date":"2018-11-12T22:02:02","date_gmt":"2018-11-12T21:02:02","guid":{"rendered":"https:\/\/patchstrips.eu\/produkt\/patch-aloe-vera\/"},"modified":"2025-05-04T18:28:25","modified_gmt":"2025-05-04T16:28:25","slug":"patch-aloe-vera","status":"publish","type":"product","link":"https:\/\/patchstrips.eu\/ch\/produkt\/patch-aloe-vera\/","title":{"rendered":"PATCH Aloe Vera"},"content":{"rendered":"<p><strong>Patch Aloe Vera ist f\u00fcr die Abenteuer unter uns.\u00a0<\/strong><\/p>\n<p>Unsere PATCH Aloe Vera-Serie besteht aus 100% Bio-Bambusfasern, die Gaze ist angereichert\u00a0mit Aloe Vera Extrakt um zu helfen, zu reparieren und zu beruhigen bei leichten Verbrennungen, Blasen und kleineren Absch\u00fcrfungen.<\/p>\n<p>Patch ist frei von Chemikalien, so dass ein geeigneter Schutz und eine sanfte Unterst\u00fctzung f\u00fcr alle sensiblen Hauttypen gegeben ist.<\/p>\n\t<div class=\"img has-hover x md-x lg-x y md-y lg-y\" id=\"image_1412285299\">\n\t\t\t\t\t\t\t\t<div class=\"img-inner dark\" >\n\t\t\t<img loading=\"lazy\" decoding=\"async\" width=\"1020\" height=\"255\" src=\"https:\/\/patchstrips.eu\/wp-content\/uploads\/2018\/11\/PATCH.jpg\" class=\"attachment-large size-large\" alt=\"\" srcset=\"https:\/\/patchstrips.eu\/wp-content\/uploads\/2018\/11\/PATCH.jpg 1200w, https:\/\/patchstrips.eu\/wp-content\/uploads\/2018\/11\/PATCH-800x200.jpg 800w, https:\/\/patchstrips.eu\/wp-content\/uploads\/2018\/11\/PATCH-768x192.jpg 768w, https:\/\/patchstrips.eu\/wp-content\/uploads\/2018\/11\/PATCH-500x125.jpg 500w, https:\/\/patchstrips.eu\/wp-content\/uploads\/2018\/11\/PATCH-510x128.jpg 510w\" sizes=\"auto, (max-width: 1020px) 100vw, 1020px\" \/>\t\t\t\t\t\t\n\t\t\t\t\t<\/div>\n\t\t\t\t\t\t\t\t\n<style>\n#image_1412285299 {\n  width: 60%;\n}\n<\/style>\n\t<\/div>\n\t\n<p><strong>Materialien\u00a0<\/strong><\/p>\n<p>Patch Aloe Vera Streifen sind hypoallergen und perfekt f\u00fcr empfindliche Hauttypen. PATCH ist Hergestellt aus weicher organischer Bambusfaser,\u00a0die Gaze ist angereichert\u00a0mit Aloe Vera-Extrakt und hypoallergenem, sensitivem Klebstoff (PSA).<\/p>\n<p>Unser Klebstoff (PSA) besteht aus einer Kombination von nat\u00fcrlichen Mineralien und Nano-Technologie (Think-winzigen Saugn\u00e4pfen), um sanft an der Haut zu haften, ohne dass Reaktionen entstehen.<\/p>\n<p><strong>Vorteile<\/strong><\/p>\n<p>Aloe Vera enth\u00e4lt zwei m\u00e4chtige nat\u00fcrliche Verbindungen (Polysaccharide und Glykoproteine), die bei der Wundheilung helfen. Das Aloe Vera Extrakt hilft perfekt bei der Linderung von Verbrennungen und Blasen.<\/p>\n","protected":false},"excerpt":{"rendered":"<p><strong><span style=\"font-size: 75%;\">Netto Preis zzgl. Versandkosten<\/span><\/strong><\/p>\n<p>PATCH Bambus Pflaster zur Wundversorgung mit Aloe Vera Bestandteilen<\/p>\n<p>Erste Hilfe bei leichten Verbrennungen und Blasen.<\/p>\n<p>25 Pflaster<\/p>\n<p><strong>Kostenloser Versand ab 4 Tuben<\/strong><\/p>\n","protected":false},"featured_media":10865,"comment_status":"open","ping_status":"closed","template":"","meta":[],"product_brand":[],"product_cat":[114],"product_tag":[],"class_list":{"0":"post-1458","1":"product","2":"type-product","3":"status-publish","4":"has-post-thumbnail","6":"product_cat-patchtuben-ch","8":"first","9":"outofstock","10":"taxable","11":"shipping-taxable","12":"purchasable","13":"product-type-simple"},"_links":{"self":[{"href":"https:\/\/patchstrips.eu\/ch\/wp-json\/wp\/v2\/product\/1458","targetHints":{"allow":["GET"]}}],"collection":[{"href":"https:\/\/patchstrips.eu\/ch\/wp-json\/wp\/v2\/product"}],"about":[{"href":"https:\/\/patchstrips.eu\/ch\/wp-json\/wp\/v2\/types\/product"}],"replies":[{"embeddable":true,"href":"https:\/\/patchstrips.eu\/ch\/wp-json\/wp\/v2\/comments?post=1458"}],"wp:featuredmedia":[{"embeddable":true,"href":"https:\/\/patchstrips.eu\/ch\/wp-json\/wp\/v2\/media\/10865"}],"wp:attachment":[{"href":"https:\/\/patchstrips.eu\/ch\/wp-json\/wp\/v2\/media?parent=1458"}],"wp:term":[{"taxonomy":"product_brand","embeddable":true,"href":"https:\/\/patchstrips.eu\/ch\/wp-json\/wp\/v2\/product_brand?post=1458"},{"taxonomy":"product_cat","embeddable":true,"href":"https:\/\/patchstrips.eu\/ch\/wp-json\/wp\/v2\/product_cat?post=1458"},{"taxonomy":"product_tag","embeddable":true,"href":"https:\/\/patchstrips.eu\/ch\/wp-json\/wp\/v2\/product_tag?post=1458"}],"curies":[{"name":"wp","href":"https:\/\/api.w.org\/{rel}","templated":true}]}}