{"id":1473,"date":"2018-11-12T22:01:21","date_gmt":"2018-11-12T21:01:21","guid":{"rendered":"https:\/\/patchstrips.eu\/produkt\/patch-aktiv-kohle\/"},"modified":"2025-05-06T20:37:11","modified_gmt":"2025-05-06T18:37:11","slug":"patch-aktiv-kohle","status":"publish","type":"product","link":"https:\/\/patchstrips.eu\/ch\/produkt\/patch-aktiv-kohle\/","title":{"rendered":"PATCH Aktiv Kohle"},"content":{"rendered":"<p><strong>Patch Aktivkohle ist perfekt f\u00fcr die Sportbegeisterten und die Nervenkitzel-Sucher.<\/strong><\/p>\n<p>Unser Aktivkohle-Sortiment besteht aus 100% Bio-Bambusfasern, mit aktivierter Holzkohle-Gaze, um Verunreinigungen und Infektionen von kleinen Wunden zu versorgen.<\/p>\n<p>Setzen Sie ein Statement mit unserem schwarzen Patch Pflastern und nehmen Sie jedes Abenteuer auf, das Ihnen auf den Weg begegnet.<\/p>\n\t<div class=\"img has-hover x md-x lg-x y md-y lg-y\" id=\"image_210986486\">\n\t\t\t\t\t\t\t\t<div class=\"img-inner dark\" >\n\t\t\t<img loading=\"lazy\" decoding=\"async\" width=\"1020\" height=\"255\" src=\"https:\/\/patchstrips.eu\/wp-content\/uploads\/2018\/11\/PATCH.jpg\" class=\"attachment-large size-large\" alt=\"\" srcset=\"https:\/\/patchstrips.eu\/wp-content\/uploads\/2018\/11\/PATCH.jpg 1200w, https:\/\/patchstrips.eu\/wp-content\/uploads\/2018\/11\/PATCH-800x200.jpg 800w, https:\/\/patchstrips.eu\/wp-content\/uploads\/2018\/11\/PATCH-768x192.jpg 768w, https:\/\/patchstrips.eu\/wp-content\/uploads\/2018\/11\/PATCH-500x125.jpg 500w, https:\/\/patchstrips.eu\/wp-content\/uploads\/2018\/11\/PATCH-510x128.jpg 510w\" sizes=\"auto, (max-width: 1020px) 100vw, 1020px\" \/>\t\t\t\t\t\t\n\t\t\t\t\t<\/div>\n\t\t\t\t\t\t\t\t\n<style>\n#image_210986486 {\n  width: 60%;\n}\n<\/style>\n\t<\/div>\n\t\n<p><strong>Materialien<\/strong><\/p>\n<p>Patch Aktivkohle wird aus aktivierter Bambuskohle hergestellt, um den nat\u00fcrlichen Heilungsprozess zu unterst\u00fctzen. Sie sind antiallergen und f\u00fcr Menschen mit empfindlicher Haut geeignet.<\/p>\n<p>Hergestellt mit weicher, organischer Bambusfaser und Gaze, mit hypoallergenem und Druck empfindlichem Klebstoff (PSA), damit Sie mit ihren Abenteuern weitermachen k\u00f6nnen.<\/p>\n<p><strong>Vorteile<\/strong><\/p>\n<p>Aktivierte Bambuskohle ist hochgradig absorbierend und wirkt wie ein Magnet auf die Verunreinigungen in der Wunde. Dies hilft dann bei der nat\u00fcrlichen Heilung der Wunde. Sobald die Verunreinigungen angezogen wurden, werden Entz\u00fcndungen und R\u00f6tungen reduziert, wodurch das Infektionsrisiko minimiert wird, f\u00fcr eine sicherere Wundheilung.<\/p>\n","protected":false},"excerpt":{"rendered":"<p><strong><span style=\"font-size: 75%;\">Netto Preis zzgl. Versandkosten<\/span><\/strong><\/p>\n<p>PATCH Bambus Pflaster zur Wundversorgung mit Aktiv Kohle Bestandteilen<\/p>\n<p>Erste Hilfe bei leichten Verunreinigungen und Infektionen<\/p>\n<p>25 Pflaster<\/p>\n<p><strong>Kostenloser Versand ab 4 Tuben<\/strong><\/p>\n","protected":false},"featured_media":10847,"comment_status":"open","ping_status":"closed","template":"","meta":[],"product_brand":[],"product_cat":[114],"product_tag":[],"class_list":{"0":"post-1473","1":"product","2":"type-product","3":"status-publish","4":"has-post-thumbnail","6":"product_cat-patchtuben-ch","8":"first","9":"outofstock","10":"taxable","11":"shipping-taxable","12":"purchasable","13":"product-type-simple"},"_links":{"self":[{"href":"https:\/\/patchstrips.eu\/ch\/wp-json\/wp\/v2\/product\/1473","targetHints":{"allow":["GET"]}}],"collection":[{"href":"https:\/\/patchstrips.eu\/ch\/wp-json\/wp\/v2\/product"}],"about":[{"href":"https:\/\/patchstrips.eu\/ch\/wp-json\/wp\/v2\/types\/product"}],"replies":[{"embeddable":true,"href":"https:\/\/patchstrips.eu\/ch\/wp-json\/wp\/v2\/comments?post=1473"}],"wp:featuredmedia":[{"embeddable":true,"href":"https:\/\/patchstrips.eu\/ch\/wp-json\/wp\/v2\/media\/10847"}],"wp:attachment":[{"href":"https:\/\/patchstrips.eu\/ch\/wp-json\/wp\/v2\/media?parent=1473"}],"wp:term":[{"taxonomy":"product_brand","embeddable":true,"href":"https:\/\/patchstrips.eu\/ch\/wp-json\/wp\/v2\/product_brand?post=1473"},{"taxonomy":"product_cat","embeddable":true,"href":"https:\/\/patchstrips.eu\/ch\/wp-json\/wp\/v2\/product_cat?post=1473"},{"taxonomy":"product_tag","embeddable":true,"href":"https:\/\/patchstrips.eu\/ch\/wp-json\/wp\/v2\/product_tag?post=1473"}],"curies":[{"name":"wp","href":"https:\/\/api.w.org\/{rel}","templated":true}]}}