{"id":1483,"date":"2018-11-12T22:00:48","date_gmt":"2018-11-12T21:00:48","guid":{"rendered":"https:\/\/patchstrips.eu\/produkt\/patch-kokosoel\/"},"modified":"2024-12-04T23:59:47","modified_gmt":"2024-12-04T22:59:47","slug":"patch-kokosoel","status":"publish","type":"product","link":"https:\/\/patchstrips.eu\/ch\/produkt\/patch-kokosoel\/","title":{"rendered":"PATCH Kokos\u00f6l"},"content":{"rendered":"<p><strong>Patch Coconut Oil ist f\u00fcr die zukunftigen \u00d6ko-Krieger unseres Planeten entwickelt.<\/strong><\/p>\n<p>Unser Kids-Sortiment besteht aus 100% Bio-Bambusfaser, angereichert mit Kokos\u00f6l in der Gaze, um Schrammen und Absch\u00fcrfungen zu lindern und eine dauerhafte Unterst\u00fctzung f\u00fcr empfindliche Haut zu bieten.<\/p>\n<p>Der niedliche Panda Print wurde entwickelt, um Kindern in kleinen Notf\u00e4llen zu tr\u00f6sten&#8230;das Trostpflaster sozusagen.<\/p>\n\t<div class=\"img has-hover x md-x lg-x y md-y lg-y\" id=\"image_1938834327\">\n\t\t\t\t\t\t\t\t<div class=\"img-inner dark\" >\n\t\t\t<img loading=\"lazy\" decoding=\"async\" width=\"1020\" height=\"255\" src=\"https:\/\/patchstrips.eu\/wp-content\/uploads\/2018\/11\/PATCH.jpg\" class=\"attachment-large size-large\" alt=\"\" srcset=\"https:\/\/patchstrips.eu\/wp-content\/uploads\/2018\/11\/PATCH.jpg 1200w, https:\/\/patchstrips.eu\/wp-content\/uploads\/2018\/11\/PATCH-800x200.jpg 800w, https:\/\/patchstrips.eu\/wp-content\/uploads\/2018\/11\/PATCH-768x192.jpg 768w, https:\/\/patchstrips.eu\/wp-content\/uploads\/2018\/11\/PATCH-500x125.jpg 500w, https:\/\/patchstrips.eu\/wp-content\/uploads\/2018\/11\/PATCH-510x128.jpg 510w\" sizes=\"auto, (max-width: 1020px) 100vw, 1020px\" \/>\t\t\t\t\t\t\n\t\t\t\t\t<\/div>\n\t\t\t\t\t\t\t\t\n<style>\n#image_1938834327 {\n  width: 60%;\n}\n<\/style>\n\t<\/div>\n\t\n<p><strong>Material<\/strong><\/p>\n<p>Patch Kokos\u00f6l Pflaster sind hypoallergen und perfekt f\u00fcr empfindliche Hauttypen, wie unsere Kinder.<\/p>\n<p>Hergestellt mit weicher Bio-Bambusfaser, eingebettet mit Kokos\u00f6l-Gaze und hypoallergenem druckempfindlichen Klebstoff (PSA). Unser Klebstoff (PSA) besteht aus einer Kombination aus nat\u00fcrlichen Mineralien und Nanotechnologie (wie winzige Saugn\u00e4pfe), um sanft an der Haut zu haften, ohne Reaktionen zu verursachen.<\/p>\n<p><strong>Vorteile<\/strong><\/p>\n<p>Kokos\u00f6l ist reich an Laurins\u00e4ure, eine Fett S\u00e4ure mit Anti-viralen, Anti-Pilz-und entz\u00fcndungshemmenden Eigenschaften. Es hilft, kleine Kratzer und Wunden zu lindern.<\/p>\n","protected":false},"excerpt":{"rendered":"<p><strong><span style=\"font-size: 75%;\">Netto Preis zzgl. Versandkosten<\/span><\/strong><\/p>\n<p>PATCH Bambus Kids Pflaster zur Wundversorgung mit Kokos\u00f6l Bestandteilen<\/p>\n<p>Erste Hilfe bei Schrammen und Absch\u00fcrfungen<\/p>\n<p>25 Pflaster<\/p>\n<p><strong>Kostenloser Versand ab 4 Tuben<\/strong><\/p>\n","protected":false},"featured_media":10883,"comment_status":"open","ping_status":"closed","template":"","meta":[],"product_brand":[],"product_cat":[114],"product_tag":[],"class_list":{"0":"post-1483","1":"product","2":"type-product","3":"status-publish","4":"has-post-thumbnail","6":"product_cat-patchtuben-ch","8":"first","9":"outofstock","10":"taxable","11":"shipping-taxable","12":"purchasable","13":"product-type-simple"},"_links":{"self":[{"href":"https:\/\/patchstrips.eu\/ch\/wp-json\/wp\/v2\/product\/1483","targetHints":{"allow":["GET"]}}],"collection":[{"href":"https:\/\/patchstrips.eu\/ch\/wp-json\/wp\/v2\/product"}],"about":[{"href":"https:\/\/patchstrips.eu\/ch\/wp-json\/wp\/v2\/types\/product"}],"replies":[{"embeddable":true,"href":"https:\/\/patchstrips.eu\/ch\/wp-json\/wp\/v2\/comments?post=1483"}],"wp:featuredmedia":[{"embeddable":true,"href":"https:\/\/patchstrips.eu\/ch\/wp-json\/wp\/v2\/media\/10883"}],"wp:attachment":[{"href":"https:\/\/patchstrips.eu\/ch\/wp-json\/wp\/v2\/media?parent=1483"}],"wp:term":[{"taxonomy":"product_brand","embeddable":true,"href":"https:\/\/patchstrips.eu\/ch\/wp-json\/wp\/v2\/product_brand?post=1483"},{"taxonomy":"product_cat","embeddable":true,"href":"https:\/\/patchstrips.eu\/ch\/wp-json\/wp\/v2\/product_cat?post=1483"},{"taxonomy":"product_tag","embeddable":true,"href":"https:\/\/patchstrips.eu\/ch\/wp-json\/wp\/v2\/product_tag?post=1483"}],"curies":[{"name":"wp","href":"https:\/\/api.w.org\/{rel}","templated":true}]}}