{"id":1492,"date":"2018-11-12T21:58:49","date_gmt":"2018-11-12T20:58:49","guid":{"rendered":"https:\/\/patchstrips.eu\/produkt\/patch-pflaster-neutral\/"},"modified":"2025-05-04T18:28:25","modified_gmt":"2025-05-04T16:28:25","slug":"patch-pflaster-neutral","status":"publish","type":"product","link":"https:\/\/patchstrips.eu\/ch\/produkt\/patch-pflaster-neutral\/","title":{"rendered":"PATCH Neutral"},"content":{"rendered":"<p>PATCH NATURAL ist das perfekte Pflaster f\u00fcr diejenigen die nicht auffallen wollen mit ihrer Wunde.<\/p>\n<p>Unsere Pflaster sind\u00a0 aus 100% Bio-Bambus-Fasern und frei von Chemikalien, so dass ein geeigneter Schutz f\u00fcr empfindliche Hauttypen gegeben ist.<\/p>\n\t<div class=\"img has-hover x md-x lg-x y md-y lg-y\" id=\"image_2019023469\">\n\t\t\t\t\t\t\t\t<div class=\"img-inner dark\" >\n\t\t\t<img loading=\"lazy\" decoding=\"async\" width=\"1020\" height=\"255\" src=\"https:\/\/patchstrips.eu\/wp-content\/uploads\/2018\/11\/PATCH.jpg\" class=\"attachment-large size-large\" alt=\"\" srcset=\"https:\/\/patchstrips.eu\/wp-content\/uploads\/2018\/11\/PATCH.jpg 1200w, https:\/\/patchstrips.eu\/wp-content\/uploads\/2018\/11\/PATCH-800x200.jpg 800w, https:\/\/patchstrips.eu\/wp-content\/uploads\/2018\/11\/PATCH-768x192.jpg 768w, https:\/\/patchstrips.eu\/wp-content\/uploads\/2018\/11\/PATCH-500x125.jpg 500w, https:\/\/patchstrips.eu\/wp-content\/uploads\/2018\/11\/PATCH-510x128.jpg 510w\" sizes=\"auto, (max-width: 1020px) 100vw, 1020px\" \/>\t\t\t\t\t\t\n\t\t\t\t\t<\/div>\n\t\t\t\t\t\t\t\t\n<style>\n#image_2019023469 {\n  width: 60%;\n}\n<\/style>\n\t<\/div>\n\t\n<p><strong>Materialien<\/strong><\/p>\n<p>PATCH Pflaster sind hypoallergen und perfekt f\u00fcr empfindliche Haut.<\/p>\n<p>Gefertigt aus einem weichen Bio-Bambus-Stoff und Gaze mit hypoallergenem Selbstkleber (PSA). Unser Klebstoff (PSA) ist hergestellt aus einer Kombination von nat\u00fcrlichen Mineralien und Nano-Technologie (wie winzige Saugn\u00e4pfe), damit keine Hautreaktionen hervorgerufen werden.<\/p>\n<p>Sie sind perfekt gestaltet f\u00fcr alle empfindlichen Hauttypen.<\/p>\n<p><strong>Vorteile<\/strong><\/p>\n<p>PATCH Neutral f\u00fcr maximalen Komfort und Schutz. Unsere nat\u00fcrlichen Produkte enthalten zertifizierten, organischen Bambus-Gaze, die fungiert als ein Sauerstoffagent, f\u00fcr einen nat\u00fcrlichen Heilungsprozess.<\/p>\n","protected":false},"excerpt":{"rendered":"<p><strong><span style=\"font-size: 75%;\">Netto Preis zzgl. Versandkosten<\/span><\/strong><\/p>\n<p>PATCH Bambus Pflaster Neutral zur Wundversorgung<\/p>\n<p>Erste Hilfe bei Schnitten und Schrammen<\/p>\n<p>25 Pflaster<\/p>\n<p>&nbsp;<\/p>\n<p><strong>Kostenloser Versand ab 4 Tuben<\/strong><\/p>\n","protected":false},"featured_media":10901,"comment_status":"open","ping_status":"closed","template":"","meta":[],"product_brand":[],"product_cat":[114],"product_tag":[],"class_list":{"0":"post-1492","1":"product","2":"type-product","3":"status-publish","4":"has-post-thumbnail","6":"product_cat-patchtuben-ch","8":"first","9":"outofstock","10":"taxable","11":"shipping-taxable","12":"purchasable","13":"product-type-simple"},"_links":{"self":[{"href":"https:\/\/patchstrips.eu\/ch\/wp-json\/wp\/v2\/product\/1492","targetHints":{"allow":["GET"]}}],"collection":[{"href":"https:\/\/patchstrips.eu\/ch\/wp-json\/wp\/v2\/product"}],"about":[{"href":"https:\/\/patchstrips.eu\/ch\/wp-json\/wp\/v2\/types\/product"}],"replies":[{"embeddable":true,"href":"https:\/\/patchstrips.eu\/ch\/wp-json\/wp\/v2\/comments?post=1492"}],"wp:featuredmedia":[{"embeddable":true,"href":"https:\/\/patchstrips.eu\/ch\/wp-json\/wp\/v2\/media\/10901"}],"wp:attachment":[{"href":"https:\/\/patchstrips.eu\/ch\/wp-json\/wp\/v2\/media?parent=1492"}],"wp:term":[{"taxonomy":"product_brand","embeddable":true,"href":"https:\/\/patchstrips.eu\/ch\/wp-json\/wp\/v2\/product_brand?post=1492"},{"taxonomy":"product_cat","embeddable":true,"href":"https:\/\/patchstrips.eu\/ch\/wp-json\/wp\/v2\/product_cat?post=1492"},{"taxonomy":"product_tag","embeddable":true,"href":"https:\/\/patchstrips.eu\/ch\/wp-json\/wp\/v2\/product_tag?post=1492"}],"curies":[{"name":"wp","href":"https:\/\/api.w.org\/{rel}","templated":true}]}}