{"id":2006,"date":"2019-03-19T14:58:28","date_gmt":"2019-04-01T08:11:47","guid":{"rendered":"https:\/\/patchstrips.eu\/?post_type=product&#038;p=2006"},"modified":"2019-06-30T06:10:34","modified_gmt":"2019-06-30T04:10:34","slug":"emergency-2er-pack-neutral","status":"publish","type":"product","link":"https:\/\/patchstrips.eu\/ch\/produkt\/emergency-2er-pack-neutral\/","title":{"rendered":"Emergency 2er Pack &#8211; Neutral"},"content":{"rendered":"<p><strong>Die perfekte Gr\u00f6\u00dfe f\u00fcr die Handtasche oder Brieftasche!<\/strong><\/p>\n<p>PATCH ist eine nat\u00fcrliche Alternative zu herk\u00f6mmlichen Wundversorgungsprodukten. PATCH-Pflaster sind kunststofffrei, hypoallergen, atmungsaktiv, biologisch abbaubar und vollst\u00e4ndig kompostierbar. Hergestellt aus nat\u00fcrlichem Bambus, also frei von Latex, Kunststoffen, Sulfaten und giftigen Chemikalien wie Thimerosal \/ Merthiolate. PATCH Pflaster sind ideal f\u00fcr diejenigen, die eine empfindliche Haut haben. Alle PATCH-Pflaster werden mit einer organischen Bambusgaze hergestellt. Eine gro\u00dfartige Alternative zur Verwendung handels\u00fcblicher Wundauflagen f\u00fcr Kratzer, Kratzer und kleinere Sch\u00fcrfwunden. Patch Pflaster sind extrem flexibel und lassen sich leicht konturieren, sodass ihre Haut sauber und gesch\u00fctzt bleibt.<\/p>\n","protected":false},"excerpt":{"rendered":"<p><strong>Immer dabei. Unser Emergency Pack ist super praktisch, denn es nimmt keinen Platz weg und passt in jede Handtasche oder sogar in dein Portmonee.\u00a0<\/strong><\/p>\n<p><strong>2 Patch Pflaster f\u00fcr Notf\u00e4lle unterwegs! Einfach an der Perforation aufknicken rauf auf die Wunde.<\/strong><\/p>\n<p><strong> Musst Have f\u00fcr jede Mutter.\u00a0<\/strong><\/p>\n","protected":false},"featured_media":1578,"comment_status":"open","ping_status":"closed","template":"","meta":[],"product_brand":[],"product_cat":[85],"product_tag":[],"class_list":{"0":"post-2006","1":"product","2":"type-product","3":"status-publish","4":"has-post-thumbnail","6":"product_cat-einzeltuben","8":"first","9":"outofstock","10":"sale","11":"taxable","12":"shipping-taxable","13":"purchasable","14":"product-type-simple"},"_links":{"self":[{"href":"https:\/\/patchstrips.eu\/ch\/wp-json\/wp\/v2\/product\/2006","targetHints":{"allow":["GET"]}}],"collection":[{"href":"https:\/\/patchstrips.eu\/ch\/wp-json\/wp\/v2\/product"}],"about":[{"href":"https:\/\/patchstrips.eu\/ch\/wp-json\/wp\/v2\/types\/product"}],"replies":[{"embeddable":true,"href":"https:\/\/patchstrips.eu\/ch\/wp-json\/wp\/v2\/comments?post=2006"}],"wp:featuredmedia":[{"embeddable":true,"href":"https:\/\/patchstrips.eu\/ch\/wp-json\/wp\/v2\/media\/1578"}],"wp:attachment":[{"href":"https:\/\/patchstrips.eu\/ch\/wp-json\/wp\/v2\/media?parent=2006"}],"wp:term":[{"taxonomy":"product_brand","embeddable":true,"href":"https:\/\/patchstrips.eu\/ch\/wp-json\/wp\/v2\/product_brand?post=2006"},{"taxonomy":"product_cat","embeddable":true,"href":"https:\/\/patchstrips.eu\/ch\/wp-json\/wp\/v2\/product_cat?post=2006"},{"taxonomy":"product_tag","embeddable":true,"href":"https:\/\/patchstrips.eu\/ch\/wp-json\/wp\/v2\/product_tag?post=2006"}],"curies":[{"name":"wp","href":"https:\/\/api.w.org\/{rel}","templated":true}]}}