{"id":1257,"date":"2019-01-15T21:54:21","date_gmt":"2019-01-15T20:54:21","guid":{"rendered":"https:\/\/patch.luba.de\/?page_id=1257"},"modified":"2020-12-18T13:36:59","modified_gmt":"2020-12-18T12:36:59","slug":"affiliate-programm","status":"publish","type":"page","link":"https:\/\/patchstrips.eu\/de\/affiliate-programm\/","title":{"rendered":"Affiliate Programm"},"content":{"rendered":"\n  <div id=\"page-header-286908714\" class=\"page-header-wrapper\">\n  <div class=\"page-title light divided-title\">\n\n    \n    <div class=\"page-title-inner container align-center flex-row medium-flex-wrap\" >\n              <div class=\"title-wrapper is-large flex-col text-left medium-text-center\">\n          <h1 class=\"entry-title mb-0\">\n            Affiliate Programm          <\/h1>\n        <\/div>\n                    <div class=\"title-content flex-col flex-right text-right medium-text-center\">\n        <div class=\"title-breadcrumbs pb-half pt-half\"><nav class=\"woocommerce-breadcrumb breadcrumbs uppercase\" aria-label=\"Breadcrumb\">Start<\/nav><\/div>      <\/div>\n    <\/div>\n\n       <\/div>\n  <div class=\"container header-wrapper-divider\"><hr\/><\/div>  <\/div>\n  \n\n<div class=\"row\"  id=\"row-391351006\">\n\n\n\t<div id=\"col-1981634281\" class=\"col small-12 large-12\"  >\n\t\t\t\t<div class=\"col-inner\"  >\n\t\t\t\n\t\t\t\n\n<p>Empfehlen Sie die Produkte aus unserem Shop \u00fcber Ihre Website oder Ihren Blog und verdienen Sie Geld mit jeder Bestellung!<\/p>\n<div class=\"container section-title-container\" ><h4 class=\"section-title section-title-normal\"><b aria-hidden=\"true\"><\/b><span class=\"section-title-main\" >So einfach funktioniert das Partnerprogramm:<\/span><b aria-hidden=\"true\"><\/b><\/h4><\/div>\n\n<p>Sie machen auf Ihrer Website Werbung f\u00fcr unsere Produkte durch einen Werbebanner oder Link und f\u00fcr jeden Kauf, welcher \u00fcber diese Werbung zustande kommt (und nicht sp\u00e4ter storniert wird), zahlt Ihnen LUBA GmbH eine Provision. Die Anmeldung und Teilnahme am Partnerprogramm ist kostenlos. So geht&#8217;s:<\/p>\n<p>1) Sie setzen einen Werbebanner oder Link auf Ihre Webseite welcher zu unserer Webseite f\u00fchrt.<\/p>\n<p>2) Der potenzielle K\u00e4ufer klickt auf den Link\/Banner<\/p>\n<p>3) Der potenzielle Kunde wird daraufhin auf unseren Shop geleitet<\/p>\n<p>4) Wenn der Kunde etwas in unserem Shop kauft zahlt LUBA GmbH Ihnen eine Provision.<\/p>\n<div class=\"container section-title-container\" ><h4 class=\"section-title section-title-normal\"><b aria-hidden=\"true\"><\/b><span class=\"section-title-main\" >Nehmen Sie an unserem Partner\/Affiliate-Programm teil<\/span><b aria-hidden=\"true\"><\/b><\/h4><\/div>\n\n<p>Klicken Sie auf \u201eRegistrieren\u201c und f\u00fcllen Sie das Anmeldeformular aus. Mit der Anmeldung zum Partnerprogramm erstellen Sie automatisch ein Benutzerkonto auf dieser Webseite. &nbsp;Bevor Sie sich zum ersten Mal in unser Partnerprogramm einloggen k\u00f6nnen m\u00fcssen Sie den Aktivierungslink in Ihrer Willkommens-E-Mail best\u00e4tigen.<\/p>\n<p>Wenn Sie bereits ein Konto auf dieser Domain haben, melden Sie sich bitte mit Ihren Login-Daten ein. Sollten Sie mehrere Webseiten haben k\u00f6nnen Sie sich auch mit weiteren E-Mail-Adressen f\u00fcr das Partnerprogramm registrieren.<\/p>\n<div class=\"container section-title-container\" ><h4 class=\"section-title section-title-normal\"><b aria-hidden=\"true\"><\/b><span class=\"section-title-main\" >Vorgefertigte Links &amp; Banner<\/span><b aria-hidden=\"true\"><\/b><\/h4><\/div>\n\n<p>In Ihrem Affiliate-Bereich finden Sie verschiedene Textlinks und Banner zur Verwendung auf Ihrer Webseite. Kopieren Sie einfach den HTML-Code auf Ihrer Website welche das Tracking der Verk\u00e4ufe und die Berechnung Ihrer Provisionen erlaubt.<\/p>\n<p>Sobald ein Besucher auf die Werbung auf Ihrer Website klickt, wird er direkt zu unserem Online-Shop geleitet. Es wird dann ein 30-T\u00e4gier Cookie hinterlegt. \u00a0Kauft dieser Besucher innerhalb von 30 Tagen etwas in unserem Online-Shop, erhalten Sie auf diese Bestellung eine Provision. Ein tracking ist nicht m\u00f6glich wenn der Kunde &#8218;Do not track&#8216; aktiviert hat. \u00a0In unserem Affiliate-System k\u00f6nnen Sie sehen wie oft Besucher auf Ihre Werbung klicken, und so verschiedene Link-Texte und Banner testen und herausfinden welche Ihnen die meisten Klicks und Ums\u00e4tze bringen!\u00a0<\/p>\n<p>\u00a0<\/p>\n<p>F\u00fcr jeden Kauf, der \u00fcber die Vermittlung Ihrer Website erfolgt ist &#8211; und der nicht innerhalb von 30 Tagen storniert wird &#8211; zahlen wir Ihnen eine Provision von 7% auf den Nettoverkaufspreis. Die Auszahlung Ihrer Provisionen kann per \u00dcberweisung auf Ihr Bankkonto oder per PayPal erfolgen. \u00a0Die Auszahlung geschieht 2 Monate nach qualifiziertem Verkauf (aufgerundet auf den letzten Tag im Monat). \u00a0Beispiel: S\u00e4mtliche Verk\u00e4ufe im Februar werden am 30. April\u00a0ausgezahlt. <br \/>Unsere Allgemeinen Gesch\u00e4ftsbedingungen finden Sie\u00a0<a href=\"https:\/\/patchstrips.eu\/de\/nutzungsbedingungen\/\">hier<\/a>.<\/p>\n<p>Wenn Sie Fragen zu unserem Partnerprogramm haben, wenden Sie sich bitte an <a href=\"mailto:affiliate@patchstrips.eu\">affiliate@patchstrips.eu<\/a><span id=\"cloakd855d9aa0d48dfc61a1f32f7cbc9fd49\"><\/span>.<\/p>\n<a href=\"\/affiliate-area\/\" class=\"button primary\" style=\"border-radius:10px;\">\n\t\t<span>Registrieren<\/span>\n\t<\/a>\n\n\n<p>Sie sind bereits Partner? <strong><a href=\"https:\/\/patchstrips.eu\/de\/affiliate-area\/\">Log-in<\/a><\/strong><\/p>\n\n\t\t<\/div>\n\t\t\t\t\t<\/div>\n\n\t\n\n<\/div>\n\n","protected":false},"excerpt":{"rendered":"","protected":false},"author":1,"featured_media":0,"parent":0,"menu_order":0,"comment_status":"closed","ping_status":"closed","template":"","meta":{"footnotes":""},"class_list":["post-1257","page","type-page","status-publish","hentry"],"_links":{"self":[{"href":"https:\/\/patchstrips.eu\/de\/wp-json\/wp\/v2\/pages\/1257","targetHints":{"allow":["GET"]}}],"collection":[{"href":"https:\/\/patchstrips.eu\/de\/wp-json\/wp\/v2\/pages"}],"about":[{"href":"https:\/\/patchstrips.eu\/de\/wp-json\/wp\/v2\/types\/page"}],"author":[{"embeddable":true,"href":"https:\/\/patchstrips.eu\/de\/wp-json\/wp\/v2\/users\/1"}],"replies":[{"embeddable":true,"href":"https:\/\/patchstrips.eu\/de\/wp-json\/wp\/v2\/comments?post=1257"}],"version-history":[{"count":2,"href":"https:\/\/patchstrips.eu\/de\/wp-json\/wp\/v2\/pages\/1257\/revisions"}],"predecessor-version":[{"id":11096,"href":"https:\/\/patchstrips.eu\/de\/wp-json\/wp\/v2\/pages\/1257\/revisions\/11096"}],"wp:attachment":[{"href":"https:\/\/patchstrips.eu\/de\/wp-json\/wp\/v2\/media?parent=1257"}],"curies":[{"name":"wp","href":"https:\/\/api.w.org\/{rel}","templated":true}]}}