{"id":1579,"date":"2019-03-19T14:58:28","date_gmt":"2019-03-19T13:58:28","guid":{"rendered":"https:\/\/patchstrips.eu\/?post_type=product&#038;p=1579"},"modified":"2025-01-02T03:15:47","modified_gmt":"2025-01-02T02:15:47","slug":"emergency-2er-pack-neutral","status":"publish","type":"product","link":"https:\/\/patchstrips.eu\/de\/produkt\/emergency-2er-pack-neutral\/","title":{"rendered":"Emergency 2er Pack &#8211; Neutral"},"content":{"rendered":"<p><strong>Die perfekte Gr\u00f6\u00dfe f\u00fcr die Handtasche oder Brieftasche!<\/strong><\/p>\n<p>PATCH ist eine nat\u00fcrliche Alternative zu herk\u00f6mmlichen Wundversorgungsprodukten. PATCH-Pflaster sind kunststofffrei, hypoallergen und atmungsaktiv. Hergestellt aus nat\u00fcrlichem Bambus, also frei von Latex, Kunststoffen, Sulfaten und giftigen Chemikalien wie Thimerosal \/ Merthiolate. PATCH Pflaster sind ideal f\u00fcr diejenigen, die eine empfindliche Haut haben. Alle PATCH-Pflaster werden mit einer organischen Bambusgaze hergestellt. Eine gro\u00dfartige Alternative zur Verwendung handels\u00fcblicher Wundauflagen f\u00fcr Kratzer, Kratzer und kleinere Sch\u00fcrfwunden. Patch Pflaster sind extrem flexibel und lassen sich leicht konturieren, sodass ihre Haut sauber und gesch\u00fctzt bleibt.<\/p>\n<p><img loading=\"lazy\" decoding=\"async\" class=\"alignnone wp-image-1140\" src=\"https:\/\/patchstrips.eu\/wp-content\/uploads\/2018\/11\/PATCH-800x200.jpg\" alt=\"\" width=\"720\" height=\"180\" srcset=\"https:\/\/patchstrips.eu\/wp-content\/uploads\/2018\/11\/PATCH-800x200.jpg 800w, https:\/\/patchstrips.eu\/wp-content\/uploads\/2018\/11\/PATCH-768x192.jpg 768w, https:\/\/patchstrips.eu\/wp-content\/uploads\/2018\/11\/PATCH-500x125.jpg 500w, https:\/\/patchstrips.eu\/wp-content\/uploads\/2018\/11\/PATCH-510x128.jpg 510w, https:\/\/patchstrips.eu\/wp-content\/uploads\/2018\/11\/PATCH.jpg 1200w\" sizes=\"auto, (max-width: 720px) 100vw, 720px\" \/><\/p>\n","protected":false},"excerpt":{"rendered":"<p><strong>Immer dabei. Unser Emergency Pack ist super praktisch, denn es nimmt keinen Platz weg und passt in jede Handtasche oder sogar in dein Portmonee.\u00a0<\/strong><\/p>\n<p><strong>2 Patch Pflaster f\u00fcr Notf\u00e4lle unterwegs!\u00a0<\/strong><strong>Musst Have f\u00fcr jede Mama.\u00a0<\/strong><\/p>\n<p><span style=\"color: #50b848;\"><strong><span style=\"font-size: 75%;\">Stark reduziert! <\/span><\/strong><span style=\"font-size: 75%;\">Achtung: Die Pflaster sind Steril verpackt und haben daher ein Ablaufdatum von Juni 2019! <\/span><\/span><br \/>\n<span style=\"font-size: 75%; color: #50b848;\">Unsere 25er Pflaster-Packungen haben ein MHD von 2 Jahren und sind steril in Reispapier verpackt anstatt in Biologisch abbaubarem Plastik.<\/span><\/p>\n","protected":false},"featured_media":1571,"comment_status":"open","ping_status":"closed","template":"","meta":[],"product_brand":[],"product_cat":[133],"product_tag":[],"class_list":{"0":"post-1579","1":"product","2":"type-product","3":"status-publish","4":"has-post-thumbnail","6":"product_cat-emergency-packs","8":"first","9":"outofstock","10":"sale","11":"taxable","12":"shipping-taxable","13":"purchasable","14":"product-type-simple"},"_links":{"self":[{"href":"https:\/\/patchstrips.eu\/de\/wp-json\/wp\/v2\/product\/1579","targetHints":{"allow":["GET"]}}],"collection":[{"href":"https:\/\/patchstrips.eu\/de\/wp-json\/wp\/v2\/product"}],"about":[{"href":"https:\/\/patchstrips.eu\/de\/wp-json\/wp\/v2\/types\/product"}],"replies":[{"embeddable":true,"href":"https:\/\/patchstrips.eu\/de\/wp-json\/wp\/v2\/comments?post=1579"}],"wp:featuredmedia":[{"embeddable":true,"href":"https:\/\/patchstrips.eu\/de\/wp-json\/wp\/v2\/media\/1571"}],"wp:attachment":[{"href":"https:\/\/patchstrips.eu\/de\/wp-json\/wp\/v2\/media?parent=1579"}],"wp:term":[{"taxonomy":"product_brand","embeddable":true,"href":"https:\/\/patchstrips.eu\/de\/wp-json\/wp\/v2\/product_brand?post=1579"},{"taxonomy":"product_cat","embeddable":true,"href":"https:\/\/patchstrips.eu\/de\/wp-json\/wp\/v2\/product_cat?post=1579"},{"taxonomy":"product_tag","embeddable":true,"href":"https:\/\/patchstrips.eu\/de\/wp-json\/wp\/v2\/product_tag?post=1579"}],"curies":[{"name":"wp","href":"https:\/\/api.w.org\/{rel}","templated":true}]}}