{"id":2401,"date":"2019-04-16T12:13:32","date_gmt":"2019-04-16T10:13:32","guid":{"rendered":"https:\/\/patchstrips.eu\/?post_type=product&#038;p=2401"},"modified":"2020-10-20T01:26:38","modified_gmt":"2020-10-19T23:26:38","slug":"patch-tube-bundle","status":"publish","type":"product","link":"https:\/\/patchstrips.eu\/de\/produkt\/patch-tube-bundle\/","title":{"rendered":"PATCH Bambuspflaster"},"content":{"rendered":"<h3><strong>Das Patch 4er Bambuspflaster Pack<\/strong><\/h3>\n<p>Viele Menschen reagieren allergisch auf handels\u00fcbliche Pflaster, denn diese sind zum Teil mit Zusatzstoffen versehen, die Allergien ausl\u00f6sen k\u00f6nnen. Bei den PATCH-Pflastern sieht das ganz anders aus. Als Basis dienen weiche Bambusfasern. Bei allen vier PATCH-Varianten wird zur Fixierung auf der Haut ein nat\u00fcrlicher Klebstoff verwendet. So reicht ein sanftes Anpressen, um das Pflaster auf der Haut zu halten, ohne allergische Reaktionen auszul\u00f6sen.<span class=\"Apple-converted-space\">\u00a0<\/span><\/p>\n<p><b>F\u00fcr jede Verletzung das richtige PATCH<\/b><\/p>\n<p>Beim PATCH <b>Aloe Vera<\/b> ist die Wundauflage mit Aloe Vera Extrakt angereichert. Aloe Vera enth\u00e4lt zwei nat\u00fcrliche Verbindungen, Polysaccharide und Glykoproteine, die bei Verbrennungen, Blasen und kleineren Absch\u00fcrfungen die Wundheilung unterst\u00fctzen.<span class=\"Apple-converted-space\">\u00a0<\/span><\/p>\n<p>Das mit <b>Kokos-\u00d6l<\/b> angereicherte PATCH wurde speziell f\u00fcr sensible Kinderhaut entwickelt und ist deshalb auch f\u00fcr Babys geeignet. Kokos\u00f6l ist reich an Laurins\u00e4ure. Sie wirkt antibakteriell, antiviral und entz\u00fcndungshemmend. Das hilft, kleine Kratzer und Wunden gut zu versorgen. Zum &#8222;Trost&#8220; f\u00fcr die Kleinen ist jedes Pflaster mit niedlichen Pandas bedruckt.<span class=\"Apple-converted-space\">\u00a0 \u00a0<\/span><\/p>\n<p>Mit Aktivkohle ist die Wundauflage des PATCH <b>Aktivkohle<\/b> versehen. Sie ist stark absorbierend und bindet Verunreinigungen und Wundfl\u00fcssigkeit. Entz\u00fcndungen k\u00f6nnen so vermieden werden, und der nat\u00fcrliche Heilungsprozess wird unterst\u00fctzt. Von au\u00dfen in schwarz gehalten, sieht das PATCH Aktivkohle auch nach einem langen Arbeitstag oder nach dem Sport immer noch gut aus.<\/p>\n<p>Ganz ohne heilende Inhaltsstoffe kommt das PATCH <b>Neutral<\/b> aus. Es hilft bei kleineren Schnittverletzungen oder Schrammen, die Wunde optimal abzudecken und f\u00f6rdert so den schnellen Heilungsprozess.<\/p>\n<p><strong>Auch gut zu wissen: Alle PATCH-Pflaster sind vegan, thiomersalfrei, merthiolatfrei, sulfatfrei und ohne Tierversuche gepr\u00fcft worden.<span class=\"Apple-converted-space\">\u00a0<\/span><\/strong><\/p>\n","protected":false},"excerpt":{"rendered":"<p><strong>PATCH ganz easy und schnell bestellen.\u00a0<\/strong><\/p>\n<p><strong>Ab 4 Tuben Versandkostenfrei.\u00a0<\/strong><\/p>\n","protected":false},"featured_media":2407,"comment_status":"open","ping_status":"closed","template":"","meta":[],"product_brand":[],"product_cat":[150],"product_tag":[],"class_list":{"0":"post-2401","1":"product","2":"type-product","3":"status-publish","4":"has-post-thumbnail","6":"product_cat-patch-set","8":"first","9":"instock","10":"taxable","11":"shipping-taxable","12":"product-type-grouped"},"_links":{"self":[{"href":"https:\/\/patchstrips.eu\/de\/wp-json\/wp\/v2\/product\/2401","targetHints":{"allow":["GET"]}}],"collection":[{"href":"https:\/\/patchstrips.eu\/de\/wp-json\/wp\/v2\/product"}],"about":[{"href":"https:\/\/patchstrips.eu\/de\/wp-json\/wp\/v2\/types\/product"}],"replies":[{"embeddable":true,"href":"https:\/\/patchstrips.eu\/de\/wp-json\/wp\/v2\/comments?post=2401"}],"wp:featuredmedia":[{"embeddable":true,"href":"https:\/\/patchstrips.eu\/de\/wp-json\/wp\/v2\/media\/2407"}],"wp:attachment":[{"href":"https:\/\/patchstrips.eu\/de\/wp-json\/wp\/v2\/media?parent=2401"}],"wp:term":[{"taxonomy":"product_brand","embeddable":true,"href":"https:\/\/patchstrips.eu\/de\/wp-json\/wp\/v2\/product_brand?post=2401"},{"taxonomy":"product_cat","embeddable":true,"href":"https:\/\/patchstrips.eu\/de\/wp-json\/wp\/v2\/product_cat?post=2401"},{"taxonomy":"product_tag","embeddable":true,"href":"https:\/\/patchstrips.eu\/de\/wp-json\/wp\/v2\/product_tag?post=2401"}],"curies":[{"name":"wp","href":"https:\/\/api.w.org\/{rel}","templated":true}]}}