{"id":946,"date":"2018-11-12T21:58:49","date_gmt":"2018-11-12T20:58:49","guid":{"rendered":"https:\/\/patch2.luba.de\/?post_type=product&#038;p=946"},"modified":"2025-10-12T02:08:50","modified_gmt":"2025-10-12T00:08:50","slug":"patch-pflaster-neutral","status":"publish","type":"product","link":"https:\/\/patchstrips.eu\/de\/produkt\/patch-pflaster-neutral\/","title":{"rendered":"PATCH Neutral"},"content":{"rendered":"<h2><span style=\"font-size: 75%;\"><b>PATCH Neutral &#8211; wie eine zweite Haut<span class=\"Apple-converted-space\">\u00a0<\/span><\/b><\/span><\/h2>\n<p>Patch Neutral aus 100 Prozent nat\u00fcrlichen Bambus-Fasern ist frei von Chemikalien und sch\u00fctzt die Haut zuverl\u00e4ssig ohne aufzufallen.<span class=\"Apple-converted-space\">\u00a0<\/span><\/p>\n<p><b>Materialien<\/b><\/p>\n<p>PATCH Neutral Pflaster sind hypoallergen und perfekt geeignet f\u00fcr empfindliche Haut.<\/p>\n<p>Gefertigt aus Bambusfasern und einem weichen Gazepolster haften die Patches durch den Einsatz von hypoallergenem Selbstkleber (PSA). Er besteht aus einer Kombination nat\u00fcrlicher Mineralien mit Nano-Technologie.<span class=\"Apple-converted-space\">\u00a0<\/span><\/p>\n\t<div class=\"img has-hover x md-x lg-x y md-y lg-y\" id=\"image_13099889\">\n\t\t\t\t\t\t\t\t<div class=\"img-inner dark\" >\n\t\t\t<img loading=\"lazy\" decoding=\"async\" width=\"1020\" height=\"255\" src=\"https:\/\/patchstrips.eu\/wp-content\/uploads\/2018\/11\/PATCH.jpg\" class=\"attachment-large size-large\" alt=\"\" srcset=\"https:\/\/patchstrips.eu\/wp-content\/uploads\/2018\/11\/PATCH.jpg 1200w, https:\/\/patchstrips.eu\/wp-content\/uploads\/2018\/11\/PATCH-800x200.jpg 800w, https:\/\/patchstrips.eu\/wp-content\/uploads\/2018\/11\/PATCH-768x192.jpg 768w, https:\/\/patchstrips.eu\/wp-content\/uploads\/2018\/11\/PATCH-500x125.jpg 500w, https:\/\/patchstrips.eu\/wp-content\/uploads\/2018\/11\/PATCH-510x128.jpg 510w\" sizes=\"auto, (max-width: 1020px) 100vw, 1020px\" \/>\t\t\t\t\t\t\n\t\t\t\t\t<\/div>\n\t\t\t\t\t\t\t\t\n<style>\n#image_13099889 {\n  width: 60%;\n}\n<\/style>\n\t<\/div>\n\t\n<p><b>Gut zu wissen<\/b><\/p>\n<p>Ganz ohne heilende Inhaltsstoffe kommt das PATCH Neutral aus. Es hilft kleinere Wunden optimal abzudecken und f\u00f6rdert den schnellen Heilungsprozess.<\/p>\n","protected":false},"excerpt":{"rendered":"<p>PATCH Neutral &#8211; wie eine zweite Haut\u00a0 Patch Neutral aus 100 Prozent nat\u00fcrlichen Bambus-Fasern ist frei von Chemikalien und sch\u00fctzt die Haut zuverl\u00e4ssig ohne aufzufallen.\u00a0 Materialien PATCH Neutral Pflaster sind hypoallergen und perfekt geeignet f\u00fcr empfindliche Haut. Gefertigt aus Bambusfasern und einem weichen Gazepolster haften die Patches durch den Einsatz von hypoallergenem Selbstkleber (PSA). Er [&#8230;]\n","protected":false},"featured_media":10893,"comment_status":"open","ping_status":"closed","template":"","meta":[],"product_brand":[],"product_cat":[85],"product_tag":[],"class_list":{"0":"post-946","1":"product","2":"type-product","3":"status-publish","4":"has-post-thumbnail","6":"product_cat-einzeltuben","8":"first","9":"outofstock","10":"taxable","11":"shipping-taxable","12":"purchasable","13":"product-type-simple"},"_links":{"self":[{"href":"https:\/\/patchstrips.eu\/de\/wp-json\/wp\/v2\/product\/946","targetHints":{"allow":["GET"]}}],"collection":[{"href":"https:\/\/patchstrips.eu\/de\/wp-json\/wp\/v2\/product"}],"about":[{"href":"https:\/\/patchstrips.eu\/de\/wp-json\/wp\/v2\/types\/product"}],"replies":[{"embeddable":true,"href":"https:\/\/patchstrips.eu\/de\/wp-json\/wp\/v2\/comments?post=946"}],"wp:featuredmedia":[{"embeddable":true,"href":"https:\/\/patchstrips.eu\/de\/wp-json\/wp\/v2\/media\/10893"}],"wp:attachment":[{"href":"https:\/\/patchstrips.eu\/de\/wp-json\/wp\/v2\/media?parent=946"}],"wp:term":[{"taxonomy":"product_brand","embeddable":true,"href":"https:\/\/patchstrips.eu\/de\/wp-json\/wp\/v2\/product_brand?post=946"},{"taxonomy":"product_cat","embeddable":true,"href":"https:\/\/patchstrips.eu\/de\/wp-json\/wp\/v2\/product_cat?post=946"},{"taxonomy":"product_tag","embeddable":true,"href":"https:\/\/patchstrips.eu\/de\/wp-json\/wp\/v2\/product_tag?post=946"}],"curies":[{"name":"wp","href":"https:\/\/api.w.org\/{rel}","templated":true}]}}