{"id":950,"date":"2018-11-12T22:02:02","date_gmt":"2018-11-12T21:02:02","guid":{"rendered":"https:\/\/patch2.luba.de\/?post_type=product&#038;p=950"},"modified":"2025-10-12T02:08:43","modified_gmt":"2025-10-12T00:08:43","slug":"patch-aloe-vera","status":"publish","type":"product","link":"https:\/\/patchstrips.eu\/de\/produkt\/patch-aloe-vera\/","title":{"rendered":"Patch Aloe Vera"},"content":{"rendered":"<h2><span style=\"font-size: 75%;\"><strong>Patch Aloe Vera &#8211; nat\u00fcrlich sanft<span class=\"Apple-converted-space\">\u00a0<\/span><\/strong><\/span><\/h2>\n<p>Unsere PATCH Aloe Vera-Serie besteht zu 100 Prozent aus nat\u00fcrlichen Bambusfasern. Die Gaze ist angereichert\u00a0mit Aloe Vera Extrakt und unterst\u00fctzt den Heilungsprozess sanft und zuverl\u00e4ssig. Wirkt beruhigend bei leichten Verbrennungen, Blasen und kleineren Absch\u00fcrfungen.<\/p>\n<p>Patch ist frei von Chemikalien und f\u00fcr alle sensiblen Hauttypen geeignet.<span class=\"Apple-converted-space\">\u00a0<\/span><\/p>\n\t<div class=\"img has-hover x md-x lg-x y md-y lg-y\" id=\"image_670436643\">\n\t\t\t\t\t\t\t\t<div class=\"img-inner dark\" >\n\t\t\t<img loading=\"lazy\" decoding=\"async\" width=\"1020\" height=\"255\" src=\"https:\/\/patchstrips.eu\/wp-content\/uploads\/2018\/11\/PATCH.jpg\" class=\"attachment-large size-large\" alt=\"\" srcset=\"https:\/\/patchstrips.eu\/wp-content\/uploads\/2018\/11\/PATCH.jpg 1200w, https:\/\/patchstrips.eu\/wp-content\/uploads\/2018\/11\/PATCH-800x200.jpg 800w, https:\/\/patchstrips.eu\/wp-content\/uploads\/2018\/11\/PATCH-768x192.jpg 768w, https:\/\/patchstrips.eu\/wp-content\/uploads\/2018\/11\/PATCH-500x125.jpg 500w, https:\/\/patchstrips.eu\/wp-content\/uploads\/2018\/11\/PATCH-510x128.jpg 510w\" sizes=\"auto, (max-width: 1020px) 100vw, 1020px\" \/>\t\t\t\t\t\t\n\t\t\t\t\t<\/div>\n\t\t\t\t\t\t\t\t\n<style>\n#image_670436643 {\n  width: 60%;\n}\n<\/style>\n\t<\/div>\n\t\n<p><b>Materialien\u00a0<\/b><\/p>\n<p>Patch Aloe Vera Streifen sind perfekt geeignet f\u00fcr empfindliche Hauttypen. PATCH ist hergestellt aus weicher, nat\u00fcrlicher Bambusfaser und hypoallergenem, sensitivem Klebstoff (PSA). Die Gaze ist angereichert\u00a0mit Aloe Vera-Extrakten.<\/p>\n<p>Der Klebstoff (PSA) besteht aus einer Kombination nat\u00fcrlicher Mineralien mit Nano-Technologie. So haftet PATCH sanft und zuverl\u00e4ssig auf der Haut, ohne allergische Reaktionen auszul\u00f6sen.<\/p>\n<p><b>Gut zu wissen<\/b><\/p>\n<p>Aloe Vera enth\u00e4lt zwei \u00e4u\u00dferst wirksame nat\u00fcrliche Verbindungen, die bei der Wundheilung helfen: Polysaccharide und Glykoproteine. Auch perfekt f\u00fcr die Versorgung von Verbrennungen und Blasen.<span class=\"Apple-converted-space\">\u00a0<\/span><\/p>\n","protected":false},"excerpt":{"rendered":"<p>EAN: 9351347000033<\/p>\n","protected":false},"featured_media":10857,"comment_status":"open","ping_status":"closed","template":"","meta":[],"product_brand":[],"product_cat":[85],"product_tag":[],"class_list":{"0":"post-950","1":"product","2":"type-product","3":"status-publish","4":"has-post-thumbnail","6":"product_cat-einzeltuben","8":"first","9":"outofstock","10":"taxable","11":"shipping-taxable","12":"purchasable","13":"product-type-simple"},"_links":{"self":[{"href":"https:\/\/patchstrips.eu\/de\/wp-json\/wp\/v2\/product\/950","targetHints":{"allow":["GET"]}}],"collection":[{"href":"https:\/\/patchstrips.eu\/de\/wp-json\/wp\/v2\/product"}],"about":[{"href":"https:\/\/patchstrips.eu\/de\/wp-json\/wp\/v2\/types\/product"}],"replies":[{"embeddable":true,"href":"https:\/\/patchstrips.eu\/de\/wp-json\/wp\/v2\/comments?post=950"}],"wp:featuredmedia":[{"embeddable":true,"href":"https:\/\/patchstrips.eu\/de\/wp-json\/wp\/v2\/media\/10857"}],"wp:attachment":[{"href":"https:\/\/patchstrips.eu\/de\/wp-json\/wp\/v2\/media?parent=950"}],"wp:term":[{"taxonomy":"product_brand","embeddable":true,"href":"https:\/\/patchstrips.eu\/de\/wp-json\/wp\/v2\/product_brand?post=950"},{"taxonomy":"product_cat","embeddable":true,"href":"https:\/\/patchstrips.eu\/de\/wp-json\/wp\/v2\/product_cat?post=950"},{"taxonomy":"product_tag","embeddable":true,"href":"https:\/\/patchstrips.eu\/de\/wp-json\/wp\/v2\/product_tag?post=950"}],"curies":[{"name":"wp","href":"https:\/\/api.w.org\/{rel}","templated":true}]}}