{"id":12076,"date":"2019-02-04T09:25:34","date_gmt":"2019-02-04T08:25:34","guid":{"rendered":"https:\/\/patchstrips.eu\/faq\/"},"modified":"2022-11-17T09:05:56","modified_gmt":"2022-11-17T08:05:56","slug":"faq","status":"publish","type":"page","link":"https:\/\/patchstrips.eu\/en\/faq\/","title":{"rendered":"FAQ"},"content":{"rendered":"\n  <div class=\"banner has-hover\" id=\"banner-1337470712\">\n          <div class=\"banner-inner fill\">\n        <div class=\"banner-bg fill\" >\n            <img loading=\"lazy\" decoding=\"async\" width=\"1020\" height=\"765\" src=\"https:\/\/patchstrips.eu\/wp-content\/uploads\/2019\/04\/PATCHSTRIPS.Pic1_-1067x800.jpg\" class=\"bg attachment-large size-large\" alt=\"\" \/>                        <div class=\"overlay\"><\/div>            \n                    <\/div>\n\t\t\n        <div class=\"banner-layers container\">\n            <div class=\"fill banner-link\"><\/div>            \n   <div id=\"text-box-551275743\" class=\"text-box banner-layer x50 md-x50 lg-x50 y50 md-y50 lg-y50 res-text\">\n                                <div class=\"text-box-content text dark\">\n              \n              <div class=\"text-inner text-center\">\n                  \n<h3 class=\"uppercase\"><strong>PATCH: FRAGEN &amp; ANTORTEN<\/strong><\/h3>\n<h4>Ihr habt Fragen, wir haben Antworten! Transparenz ist uns wichtig und deswegen stellen wir uns euren Fragen und beantworten die am meisten gestellten.&nbsp;<\/h4>\n              <\/div>\n           <\/div>\n                            \n<style>\n#text-box-551275743 {\n  width: 84%;\n}\n#text-box-551275743 .text-box-content {\n  font-size: 100%;\n}\n<\/style>\n    <\/div>\n \n        <\/div>\n      <\/div>\n\n            \n<style>\n#banner-1337470712 {\n  padding-top: 500px;\n}\n#banner-1337470712 .overlay {\n  background-color: rgba(0, 0, 0, 0.42);\n}\n<\/style>\n  <\/div>\n\n\n<p>&nbsp;<\/p>\n<p>&nbsp;<\/p>\n<div class=\"accordion\">\n\t<div id=\"accordion-3650046652\" class=\"accordion-item\">\n\t\t<a id=\"accordion-3650046652-label\" class=\"accordion-title plain\" href=\"#accordion-item-kann-ich-das-gesamte-verpackungsmaterial-kompostieren?\" aria-expanded=\"false\" aria-controls=\"accordion-3650046652-content\">\n\t\t\t<button class=\"toggle\" aria-label=\"Toggle\"><i class=\"icon-angle-down\" aria-hidden=\"true\"><\/i><\/button>\n\t\t\t<span>Kann ich das gesamte Verpackungsmaterial kompostieren?<\/span>\n\t\t<\/a>\n\t\t<div id=\"accordion-3650046652-content\" class=\"accordion-inner\" aria-labelledby=\"accordion-3650046652-label\">\n\t\t\t\n<p>Ja! Alle unsere Verpackungsmaterialien sind FSC-zertifiziert und k\u00f6nnen zu Hause oder im Handel kompostiert werden.<\/p>\n\t\t<\/div>\n\t<\/div>\n\t\n\t<div id=\"accordion-1870900539\" class=\"accordion-item\">\n\t\t<a id=\"accordion-1870900539-label\" class=\"accordion-title plain\" href=\"#accordion-item-warum-ist-der-patch-kleber-gut-f\u00fcr-empfindliche-haut?\" aria-expanded=\"false\" aria-controls=\"accordion-1870900539-content\">\n\t\t\t<button class=\"toggle\" aria-label=\"Toggle\"><i class=\"icon-angle-down\" aria-hidden=\"true\"><\/i><\/button>\n\t\t\t<span>Warum ist der PATCH-Kleber gut f\u00fcr empfindliche Haut?<\/span>\n\t\t<\/a>\n\t\t<div id=\"accordion-1870900539-content\" class=\"accordion-inner\" aria-labelledby=\"accordion-1870900539-label\">\n\t\t\t\n<p>PATCH verwendet unsere speziell kuratierte druckempfindliche Klebstoffformulierung (PSA), die aus einer Kombination von Mineralien besteht und mit einem Nanotechnologieverfahren (man denke an winzige Saugn\u00e4pfe) aufgetragen wird, um sanft auf der Haut zu haften, ohne Reaktionen hervorzurufen. Perfekt f\u00fcr empfindliche Hauttypen.<\/p>\n\t\t<\/div>\n\t<\/div>\n\t\n\t<div id=\"accordion-3439191478\" class=\"accordion-item\">\n\t\t<a id=\"accordion-3439191478-label\" class=\"accordion-title plain\" href=\"#accordion-item-ist-patch-sicher?\" aria-expanded=\"false\" aria-controls=\"accordion-3439191478-content\">\n\t\t\t<button class=\"toggle\" aria-label=\"Toggle\"><i class=\"icon-angle-down\" aria-hidden=\"true\"><\/i><\/button>\n\t\t\t<span>Ist PATCH sicher?<\/span>\n\t\t<\/a>\n\t\t<div id=\"accordion-3439191478-content\" class=\"accordion-inner\" aria-labelledby=\"accordion-3439191478-label\">\n\t\t\t\n<p>PATCH ist ein steriles Medizinprodukt der KLASSE 1, das durch Nutricare bei der:<\/p>\n<p><strong>ATGA<\/strong> &#8211; Australian Therapeutic Goods Register<\/p>\n<p><strong>FDA USA<\/strong> &#8211; Food and Drug Administration<\/p>\n<p><strong>T\u00dcV S\u00dcD<\/strong> &#8211; Ein weltweit f\u00fchrender Anbieter von Produktpr\u00fcfungen und Zertifizierungen.<\/p>\n<p><strong>CE<\/strong> &#8211; Europ\u00e4ische Konformit\u00e4t<\/p>\n<p><strong>FDA &#8211; ASIA<\/strong> &#8211; Food and Drug Administration (FDA)<\/p>\n\t\t<\/div>\n\t<\/div>\n\t\n\t<div id=\"accordion-3747787097\" class=\"accordion-item\">\n\t\t<a id=\"accordion-3747787097-label\" class=\"accordion-title plain\" href=\"#accordion-item-ist-patch-biologisch-abbaubar?\" aria-expanded=\"false\" aria-controls=\"accordion-3747787097-content\">\n\t\t\t<button class=\"toggle\" aria-label=\"Toggle\"><i class=\"icon-angle-down\" aria-hidden=\"true\"><\/i><\/button>\n\t\t\t<span>Ist PATCH biologisch abbaubar?<\/span>\n\t\t<\/a>\n\t\t<div id=\"accordion-3747787097-content\" class=\"accordion-inner\" aria-labelledby=\"accordion-3747787097-label\">\n\t\t\t\n<p>Die Antwort ist einfach JA! PATCH wird aus biologisch abbaubaren und recycelten Materialien hergestellt, die die Erde nichts kosten.<\/p>\n\t\t<\/div>\n\t<\/div>\n\t\n\t<div id=\"accordion-1611381279\" class=\"accordion-item\">\n\t\t<a id=\"accordion-1611381279-label\" class=\"accordion-title plain\" href=\"#accordion-item-ist-patch-kompostierbar?\" aria-expanded=\"false\" aria-controls=\"accordion-1611381279-content\">\n\t\t\t<button class=\"toggle\" aria-label=\"Toggle\"><i class=\"icon-angle-down\" aria-hidden=\"true\"><\/i><\/button>\n\t\t\t<span>Ist PATCH kompostierbar?<\/span>\n\t\t<\/a>\n\t\t<div id=\"accordion-1611381279-content\" class=\"accordion-inner\" aria-labelledby=\"accordion-1611381279-label\">\n\t\t\t\n<p>Die gesamte PATCH-Verpackung (einschlie\u00dflich der Umh\u00fcllung und des Tr\u00e4germaterials) ist kompostierbar. Da es sich bei den Streifen jedoch um ein registriertes Medizinprodukt handelt, m\u00fcssen sie gem\u00e4\u00df den Vorschriften Ihrer Gemeinde entsorgt werden.<\/p>\n\t\t<\/div>\n\t<\/div>\n\t\n\t<div id=\"accordion-2715925930\" class=\"accordion-item\">\n\t\t<a id=\"accordion-2715925930-label\" class=\"accordion-title plain\" href=\"#accordion-item-ist-das-patch-pflaster-steril?\" aria-expanded=\"false\" aria-controls=\"accordion-2715925930-content\">\n\t\t\t<button class=\"toggle\" aria-label=\"Toggle\"><i class=\"icon-angle-down\" aria-hidden=\"true\"><\/i><\/button>\n\t\t\t<span>Ist das PATCH Pflaster steril?<\/span>\n\t\t<\/a>\n\t\t<div id=\"accordion-2715925930-content\" class=\"accordion-inner\" aria-labelledby=\"accordion-2715925930-label\">\n\t\t\t\n<p>Die Antwort ist JA, wir sind ein Medizinprodukt der Klasse 1. Wir verwenden EO-Sterilisationsprozessger\u00e4te mit voller Konformit\u00e4t.<\/p>\n\t\t<\/div>\n\t<\/div>\n\t\n\t<div id=\"accordion-1903894595\" class=\"accordion-item\">\n\t\t<a id=\"accordion-1903894595-label\" class=\"accordion-title plain\" href=\"#accordion-item-ist-patch-umweltfreundlich?\" aria-expanded=\"false\" aria-controls=\"accordion-1903894595-content\">\n\t\t\t<button class=\"toggle\" aria-label=\"Toggle\"><i class=\"icon-angle-down\" aria-hidden=\"true\"><\/i><\/button>\n\t\t\t<span>Ist PATCH umweltfreundlich?<\/span>\n\t\t<\/a>\n\t\t<div id=\"accordion-1903894595-content\" class=\"accordion-inner\" aria-labelledby=\"accordion-1903894595-label\">\n\t\t\t\n<p>Wir sind stolz auf PATCH und das, wof\u00fcr es steht. Wir freuen uns, sagen zu k\u00f6nnen, dass PATCH die folgenden umweltfreundlichen Komponenten hat:<\/p>\n<ul>\n<li>Unsere Tube ist aus recyceltem Karton hergestellt. Die \u00e4u\u00dfere H\u00fclle der Binden und das Tr\u00e4gerpapier sind biologisch abbaubar.<\/li>\n<li>Die Binde besteht zu 100 % aus zertifizierten Bambusfasern und druckempfindlichem Kleber (PSA) auf Mineralbasis.<\/li>\n<li>Die Farbgebung aller Artikel ist nat\u00fcrlich.<\/li>\n<\/ul>\n\t\t<\/div>\n\t<\/div>\n\t\n\t<div id=\"accordion-4190916323\" class=\"accordion-item\">\n\t\t<a id=\"accordion-4190916323-label\" class=\"accordion-title plain\" href=\"#accordion-item-ist-patch-vegan?\" aria-expanded=\"false\" aria-controls=\"accordion-4190916323-content\">\n\t\t\t<button class=\"toggle\" aria-label=\"Toggle\"><i class=\"icon-angle-down\" aria-hidden=\"true\"><\/i><\/button>\n\t\t\t<span>Ist PATCH vegan?<\/span>\n\t\t<\/a>\n\t\t<div id=\"accordion-4190916323-content\" class=\"accordion-inner\" aria-labelledby=\"accordion-4190916323-label\">\n\t\t\t\n<p>PATCH Pflaster sind Veganer! Sie sind ohne jegliche tierische Derivate und wir stellen sicher, dass keines unserer Elemente an Tieren getestet wird.<\/p>\n\t\t<\/div>\n\t<\/div>\n\t\n\t<div id=\"accordion-4222804005\" class=\"accordion-item\">\n\t\t<a id=\"accordion-4222804005-label\" class=\"accordion-title plain\" href=\"#accordion-item-was-ist-merthiolat-und-thimerosal?\" aria-expanded=\"false\" aria-controls=\"accordion-4222804005-content\">\n\t\t\t<button class=\"toggle\" aria-label=\"Toggle\"><i class=\"icon-angle-down\" aria-hidden=\"true\"><\/i><\/button>\n\t\t\t<span>Was ist Merthiolat und Thimerosal?<\/span>\n\t\t<\/a>\n\t\t<div id=\"accordion-4222804005-content\" class=\"accordion-inner\" aria-labelledby=\"accordion-4222804005-label\">\n\t\t\t\n<p>Merthiolat ist der Handelsname f\u00fcr Thimerosal, es handelt sich also um dieselbe Sache. Merthiolat\/Thimerosal ist eine chemische Substanz, die aus Quecksilber und Natrium besteht. Sie wurde in vielen verschiedenen Produkten als Keimt\u00f6ter und Konservierungsmittel verwendet.<\/p>\n\t\t<\/div>\n\t<\/div>\n\t\n\t<div id=\"accordion-2208412842\" class=\"accordion-item\">\n\t\t<a id=\"accordion-2208412842-label\" class=\"accordion-title plain\" href=\"#accordion-item-warum-ist-es-so-wichtig,-frei-von-merthiolat\/thimerosal-zu-sein?\" aria-expanded=\"false\" aria-controls=\"accordion-2208412842-content\">\n\t\t\t<button class=\"toggle\" aria-label=\"Toggle\"><i class=\"icon-angle-down\" aria-hidden=\"true\"><\/i><\/button>\n\t\t\t<span>Warum ist es so wichtig, frei von Merthiolat\/Thimerosal zu sein?<\/span>\n\t\t<\/a>\n\t\t<div id=\"accordion-2208412842-content\" class=\"accordion-inner\" aria-labelledby=\"accordion-2208412842-label\">\n\t\t\t\n<p>Merthiolat-Vergiftungen k\u00f6nnen auftreten, wenn die Substanz verschluckt wird oder wenn eine gro\u00dfe Menge mit der Haut in Ber\u00fchrung kommt. Bei vielen Menschen treten leichte bis schwere Hautreaktionen auf, wenn sie kleinen Mengen Merthiolat ausgesetzt sind, die in g\u00e4ngigen Wundpflegeprodukten enthalten sind.<\/p>\n<p>PATCH ist v\u00f6llig frei von Merthiolat\/Thimerosal<\/p>\n\t\t<\/div>\n\t<\/div>\n\t\n\t<div id=\"accordion-4074781731\" class=\"accordion-item\">\n\t\t<a id=\"accordion-4074781731-label\" class=\"accordion-title plain\" href=\"#accordion-item-wie-hilft-patch-natural-bei-der-reparatur-kleinerer-sch\u00fcrfwunden?\" aria-expanded=\"false\" aria-controls=\"accordion-4074781731-content\">\n\t\t\t<button class=\"toggle\" aria-label=\"Toggle\"><i class=\"icon-angle-down\" aria-hidden=\"true\"><\/i><\/button>\n\t\t\t<span>Wie hilft PATCH Natural bei der Reparatur kleinerer Sch\u00fcrfwunden?<\/span>\n\t\t<\/a>\n\t\t<div id=\"accordion-4074781731-content\" class=\"accordion-inner\" aria-labelledby=\"accordion-4074781731-label\">\n\t\t\t\n<p>PATCH Natural kann bei der Reparatur kleinerer Sch\u00fcrfwunden helfen, da es eine wirksame atmungsaktive Wundabdeckung ist, die Schadstoffe\/Verunreinigungen aus dem betroffenen Wundbereich fernh\u00e4lt und die Wunde gleichzeitig atmen l\u00e4sst.<\/p>\n<p>Bambusfasern sind bekannterma\u00dfen von Natur aus antimikrobiell, was ebenfalls zu einer ges\u00fcnderen Wundheilung beitragen kann.<\/p>\n\t\t<\/div>\n\t<\/div>\n\t\n\t<div id=\"accordion-474468325\" class=\"accordion-item\">\n\t\t<a id=\"accordion-474468325-label\" class=\"accordion-title plain\" href=\"#accordion-item-wie-hilft-patch-aktivkohle,-unreinheiten-zu-entfernen,-r\u00f6tungen-zu-reduzieren-und-kleinere-sch\u00fcrfwunden-zu-reparieren?\" aria-expanded=\"false\" aria-controls=\"accordion-474468325-content\">\n\t\t\t<button class=\"toggle\" aria-label=\"Toggle\"><i class=\"icon-angle-down\" aria-hidden=\"true\"><\/i><\/button>\n\t\t\t<span>Wie hilft PATCH-Aktivkohle, Unreinheiten zu entfernen, R\u00f6tungen zu reduzieren und kleinere Sch\u00fcrfwunden zu reparieren?<\/span>\n\t\t<\/a>\n\t\t<div id=\"accordion-474468325-content\" class=\"accordion-inner\" aria-labelledby=\"accordion-474468325-label\">\n\t\t\t\n<p>Aktivkohle ist sehr saugf\u00e4hig und wirkt wie ein Magnet auf die Verunreinigungen in der Wunde.\u00a0<\/p>\n<p>Dies kann dann die nat\u00fcrliche Wundheilung des K\u00f6rpers unterst\u00fctzen. Sobald die Verunreinigungen herausgezogen sind, werden Entz\u00fcndungen und R\u00f6tungen reduziert und das Infektionsrisiko minimiert, was eine sicherere Heilung der Wunde f\u00f6rdert.<\/p>\n\t\t<\/div>\n\t<\/div>\n\t\n\t<div id=\"accordion-520668008\" class=\"accordion-item\">\n\t\t<a id=\"accordion-520668008-label\" class=\"accordion-title plain\" href=\"#accordion-item-wie-hilft-kokosnuss\u00f6l-zur-linderung-kleinerer-sch\u00fcrfwunden,-schnitte-und-prellungen?\" aria-expanded=\"false\" aria-controls=\"accordion-520668008-content\">\n\t\t\t<button class=\"toggle\" aria-label=\"Toggle\"><i class=\"icon-angle-down\" aria-hidden=\"true\"><\/i><\/button>\n\t\t\t<span>Wie hilft Kokosnuss\u00f6l zur Linderung kleinerer Sch\u00fcrfwunden, Schnitte und Prellungen?<\/span>\n\t\t<\/a>\n\t\t<div id=\"accordion-520668008-content\" class=\"accordion-inner\" aria-labelledby=\"accordion-520668008-label\">\n\t\t\t\n<p>Kokosnuss\u00f6l ist reich an Laurins\u00e4ure, einer Fetts\u00e4ure mit antiviralen, antimykotischen, antimikrobiellen und entz\u00fcndungshemmenden Eigenschaften, was es zu einer idealen L\u00f6sung f\u00fcr die Wundpflege macht.<\/p>\n\t\t<\/div>\n\t<\/div>\n\t\n\t<div id=\"accordion-1624758728\" class=\"accordion-item\">\n\t\t<a id=\"accordion-1624758728-label\" class=\"accordion-title plain\" href=\"#accordion-item-wie-lindert-aloe-vera-blasen,-schnitte-und-kleinere-sch\u00fcrfwunden?\" aria-expanded=\"false\" aria-controls=\"accordion-1624758728-content\">\n\t\t\t<button class=\"toggle\" aria-label=\"Toggle\"><i class=\"icon-angle-down\" aria-hidden=\"true\"><\/i><\/button>\n\t\t\t<span>Wie lindert Aloe vera Blasen, Schnitte und kleinere Sch\u00fcrfwunden?<\/span>\n\t\t<\/a>\n\t\t<div id=\"accordion-1624758728-content\" class=\"accordion-inner\" aria-labelledby=\"accordion-1624758728-label\">\n\t\t\t\n<p>Aloe Vera enth\u00e4lt zwei wirksame nat\u00fcrliche Verbindungen, die bei der Wundheilung helfen k\u00f6nnen.<\/p>\n<p>Polysaccharide sind daf\u00fcr bekannt, dass sie die Zellbewegung erh\u00f6hen, was zu einer schnelleren und effizienteren Gewebewiederherstellung f\u00fchrt.<\/p>\n<p>Glykoproteine sind nicht nur schmerzlindernd, sondern k\u00f6nnen auch helfen, die Entz\u00fcndungsreaktion zu kontrollieren.<\/p>\n\t\t<\/div>\n\t<\/div>\n\t\n\t<div id=\"accordion-4067476586\" class=\"accordion-item\">\n\t\t<a id=\"accordion-4067476586-label\" class=\"accordion-title plain\" href=\"#accordion-item-sind-es-nur-die-aktivierten-inhaltsstoffe-auf-der-gaze-von-patch-oder-gibt-es-noch-andere-inhaltsstoffe?\" aria-expanded=\"false\" aria-controls=\"accordion-4067476586-content\">\n\t\t\t<button class=\"toggle\" aria-label=\"Toggle\"><i class=\"icon-angle-down\" aria-hidden=\"true\"><\/i><\/button>\n\t\t\t<span>Sind es nur die aktivierten Inhaltsstoffe auf der Gaze von PATCH oder gibt es noch andere Inhaltsstoffe?<\/span>\n\t\t<\/a>\n\t\t<div id=\"accordion-4067476586-content\" class=\"accordion-inner\" aria-labelledby=\"accordion-4067476586-label\">\n\t\t\t\n<p>Die <strong>Natural PATCH<\/strong> Gaze wird aus 100 % Bio-Bambusfasern hergestellt.<\/p>\n<p>Die <strong>Kokos\u00f6l PATCH<\/strong> Gaze wird nur aus Kokosnuss\u00f6l auf 100% Bio-Bambusfasern hergestellt.<\/p>\n<p>Die <strong>Aloe Vera PATCH<\/strong> Gaze wird nur aus Aloe Vera und 100% biologischer Bambusfaser hergestellt.<\/p>\n<p>Das <strong>Aktivkohle PATCH<\/strong> besteht nur aus Aktivkohlepulver, einer perforierten, biologisch abbaubaren Zelluloseschicht (um die Kohle an Ort und Stelle zu halten) und 100 % Bio-Bambusfasern.<\/p>\n\t\t<\/div>\n\t<\/div>\n\t\n<\/div>\n","protected":false},"excerpt":{"rendered":"<p>&nbsp; &nbsp;<\/p>\n","protected":false},"author":29,"featured_media":0,"parent":0,"menu_order":0,"comment_status":"closed","ping_status":"closed","template":"","meta":{"footnotes":""},"class_list":["post-12076","page","type-page","status-publish","hentry"],"_links":{"self":[{"href":"https:\/\/patchstrips.eu\/en\/wp-json\/wp\/v2\/pages\/12076","targetHints":{"allow":["GET"]}}],"collection":[{"href":"https:\/\/patchstrips.eu\/en\/wp-json\/wp\/v2\/pages"}],"about":[{"href":"https:\/\/patchstrips.eu\/en\/wp-json\/wp\/v2\/types\/page"}],"author":[{"embeddable":true,"href":"https:\/\/patchstrips.eu\/en\/wp-json\/wp\/v2\/users\/29"}],"replies":[{"embeddable":true,"href":"https:\/\/patchstrips.eu\/en\/wp-json\/wp\/v2\/comments?post=12076"}],"version-history":[{"count":6,"href":"https:\/\/patchstrips.eu\/en\/wp-json\/wp\/v2\/pages\/12076\/revisions"}],"predecessor-version":[{"id":12088,"href":"https:\/\/patchstrips.eu\/en\/wp-json\/wp\/v2\/pages\/12076\/revisions\/12088"}],"wp:attachment":[{"href":"https:\/\/patchstrips.eu\/en\/wp-json\/wp\/v2\/media?parent=12076"}],"curies":[{"name":"wp","href":"https:\/\/api.w.org\/{rel}","templated":true}]}}