{"id":12089,"date":"2022-11-17T09:16:42","date_gmt":"2022-11-17T08:16:42","guid":{"rendered":"https:\/\/patchstrips.eu\/faq\/"},"modified":"2022-11-17T09:16:42","modified_gmt":"2022-11-17T08:16:42","slug":"faq","status":"publish","type":"page","link":"https:\/\/patchstrips.eu\/fr\/faq\/","title":{"rendered":"FAQ"},"content":{"rendered":"\n  <div class=\"banner has-hover\" id=\"banner-833838852\">\n          <div class=\"banner-inner fill\">\n        <div class=\"banner-bg fill\" >\n            <img loading=\"lazy\" decoding=\"async\" width=\"1020\" height=\"765\" src=\"https:\/\/patchstrips.eu\/wp-content\/uploads\/2019\/04\/PATCHSTRIPS.Pic1_-1067x800.jpg\" class=\"bg attachment-large size-large\" alt=\"\" \/>                        <div class=\"overlay\"><\/div>            \n                    <\/div>\n\t\t\n        <div class=\"banner-layers container\">\n            <div class=\"fill banner-link\"><\/div>            \n   <div id=\"text-box-65544269\" class=\"text-box banner-layer x50 md-x50 lg-x50 y50 md-y50 lg-y50 res-text\">\n                                <div class=\"text-box-content text dark\">\n              \n              <div class=\"text-inner text-center\">\n                  \n<h3 class=\"uppercase\">PATCH : QUESTIONS &amp; R\u00c9PONSES<\/h3>\n<h4>Vous avez des questions, nous avons des r\u00e9ponses ! La transparence est importante pour nous, c&rsquo;est pourquoi nous r\u00e9pondons \u00e0 vos questions et aux plus fr\u00e9quentes.<\/h4>\n              <\/div>\n           <\/div>\n                            \n<style>\n#text-box-65544269 {\n  width: 84%;\n}\n#text-box-65544269 .text-box-content {\n  font-size: 100%;\n}\n<\/style>\n    <\/div>\n \n        <\/div>\n      <\/div>\n\n            \n<style>\n#banner-833838852 {\n  padding-top: 500px;\n}\n#banner-833838852 .overlay {\n  background-color: rgba(0, 0, 0, 0.42);\n}\n<\/style>\n  <\/div>\n\n\n<p>&nbsp;<\/p>\n<p>&nbsp;<\/p>\n<div class=\"accordion\">\n\t<div id=\"accordion-626380999\" class=\"accordion-item\">\n\t\t<a id=\"accordion-626380999-label\" class=\"accordion-title plain\" href=\"#accordion-item-puis-je-composter-tous-les-mat\u00e9riaux-d&#039;emballage-?\" aria-expanded=\"false\" aria-controls=\"accordion-626380999-content\">\n\t\t\t<button class=\"toggle\" aria-label=\"Basculer\"><i class=\"icon-angle-down\" aria-hidden=\"true\"><\/i><\/button>\n\t\t\t<span>Puis-je composter tous les mat\u00e9riaux d'emballage ?<\/span>\n\t\t<\/a>\n\t\t<div id=\"accordion-626380999-content\" class=\"accordion-inner\" aria-labelledby=\"accordion-626380999-label\">\n\t\t\t\n<p>Oui ! tous nos mat\u00e9riaux d&#8217;emballage sont certifi\u00e9s FSC et peuvent \u00eatre compost\u00e9s \u00e0 la maison ou dans le commerce.<\/p>\n\t\t<\/div>\n\t<\/div>\n\t\n\t<div id=\"accordion-1119903862\" class=\"accordion-item\">\n\t\t<a id=\"accordion-1119903862-label\" class=\"accordion-title plain\" href=\"#accordion-item-pourquoi-la-colle-patch-est-elle-bonne-pour-les-peaux-sensibles-?\" aria-expanded=\"false\" aria-controls=\"accordion-1119903862-content\">\n\t\t\t<button class=\"toggle\" aria-label=\"Basculer\"><i class=\"icon-angle-down\" aria-hidden=\"true\"><\/i><\/button>\n\t\t\t<span>Pourquoi la colle PATCH est-elle bonne pour les peaux sensibles ?<\/span>\n\t\t<\/a>\n\t\t<div id=\"accordion-1119903862-content\" class=\"accordion-inner\" aria-labelledby=\"accordion-1119903862-label\">\n\t\t\t\n<p>PATCH utilise notre formulation d&rsquo;adh\u00e9sif sensible \u00e0 la pression (PSA) sp\u00e9cialement cur\u00e9e, compos\u00e9e d&rsquo;une combinaison de min\u00e9raux et appliqu\u00e9e \u00e0 l&rsquo;aide d&rsquo;un proc\u00e9d\u00e9 nanotechnologique (on pense \u00e0 de minuscules ventouses) pour adh\u00e9rer en douceur \u00e0 la peau sans provoquer de r\u00e9actions. Parfait pour les types de peau sensibles.<\/p>\n\t\t<\/div>\n\t<\/div>\n\t\n\t<div id=\"accordion-2653821662\" class=\"accordion-item\">\n\t\t<a id=\"accordion-2653821662-label\" class=\"accordion-title plain\" href=\"#accordion-item-patch-est-il-s\u00fbr-?\" aria-expanded=\"false\" aria-controls=\"accordion-2653821662-content\">\n\t\t\t<button class=\"toggle\" aria-label=\"Basculer\"><i class=\"icon-angle-down\" aria-hidden=\"true\"><\/i><\/button>\n\t\t\t<span>PATCH est-il s\u00fbr ?<\/span>\n\t\t<\/a>\n\t\t<div id=\"accordion-2653821662-content\" class=\"accordion-inner\" aria-labelledby=\"accordion-2653821662-label\">\n\t\t\t\n<p>PATCH est un dispositif m\u00e9dical st\u00e9rile de CLASSE 1, utilis\u00e9 par Nutricare lors de la :<\/p>\n<p><strong>ATGA<\/strong> &#8211; Australian Therapeutic Goods Register<\/p>\n<p><strong>FDA USA<\/strong> &#8211; Food and Drug Administration<\/p>\n<p><strong>T\u00dcV S\u00dcD<\/strong> &#8211; Un leader mondial dans le domaine des tests de produits et de la certification.<\/p>\n<p><strong>CE<\/strong> &#8211; Conformit\u00e9 europ\u00e9enne<\/p>\n<p><strong>FDA &#8211; ASIA<\/strong> &#8211; Food and Drug Administration (FDA)<\/p>\n\t\t<\/div>\n\t<\/div>\n\t\n\t<div id=\"accordion-501140098\" class=\"accordion-item\">\n\t\t<a id=\"accordion-501140098-label\" class=\"accordion-title plain\" href=\"#accordion-item-patch-est-il-biod\u00e9gradable-?\" aria-expanded=\"false\" aria-controls=\"accordion-501140098-content\">\n\t\t\t<button class=\"toggle\" aria-label=\"Basculer\"><i class=\"icon-angle-down\" aria-hidden=\"true\"><\/i><\/button>\n\t\t\t<span>PATCH est-il biod\u00e9gradable ?<\/span>\n\t\t<\/a>\n\t\t<div id=\"accordion-501140098-content\" class=\"accordion-inner\" aria-labelledby=\"accordion-501140098-label\">\n\t\t\t\n<p>La r\u00e9ponse est tout simplement OUI ! PATCH est fabriqu\u00e9 \u00e0 partir de mat\u00e9riaux biod\u00e9gradables et recycl\u00e9s qui ne co\u00fbtent rien \u00e0 la plan\u00e8te.<\/p>\n\t\t<\/div>\n\t<\/div>\n\t\n\t<div id=\"accordion-508024336\" class=\"accordion-item\">\n\t\t<a id=\"accordion-508024336-label\" class=\"accordion-title plain\" href=\"#accordion-item-patch-est-il-compostable-?\" aria-expanded=\"false\" aria-controls=\"accordion-508024336-content\">\n\t\t\t<button class=\"toggle\" aria-label=\"Basculer\"><i class=\"icon-angle-down\" aria-hidden=\"true\"><\/i><\/button>\n\t\t\t<span>PATCH est-il compostable ?<\/span>\n\t\t<\/a>\n\t\t<div id=\"accordion-508024336-content\" class=\"accordion-inner\" aria-labelledby=\"accordion-508024336-label\">\n\t\t\t\n<p>L&rsquo;ensemble de l&#8217;emballage PATCH (y compris l&rsquo;enveloppe et le support) est compostable. Cependant, \u00e9tant donn\u00e9 que les bandelettes sont un dispositif m\u00e9dical enregistr\u00e9, elles doivent \u00eatre \u00e9limin\u00e9es conform\u00e9ment \u00e0 la r\u00e9glementation de votre municipalit\u00e9.<\/p>\n\t\t<\/div>\n\t<\/div>\n\t\n\t<div id=\"accordion-1678484360\" class=\"accordion-item\">\n\t\t<a id=\"accordion-1678484360-label\" class=\"accordion-title plain\" href=\"#accordion-item-le-pansement-patch-est-il-st\u00e9rile-?\" aria-expanded=\"false\" aria-controls=\"accordion-1678484360-content\">\n\t\t\t<button class=\"toggle\" aria-label=\"Basculer\"><i class=\"icon-angle-down\" aria-hidden=\"true\"><\/i><\/button>\n\t\t\t<span>Le pansement PATCH est-il st\u00e9rile ?<\/span>\n\t\t<\/a>\n\t\t<div id=\"accordion-1678484360-content\" class=\"accordion-inner\" aria-labelledby=\"accordion-1678484360-label\">\n\t\t\t\n<p>La r\u00e9ponse est OUI, nous sommes un dispositif m\u00e9dical de classe 1. Nous utilisons des \u00e9quipements de processus de st\u00e9rilisation EO avec une conformit\u00e9 totale.<\/p>\n\t\t<\/div>\n\t<\/div>\n\t\n\t<div id=\"accordion-47879966\" class=\"accordion-item\">\n\t\t<a id=\"accordion-47879966-label\" class=\"accordion-title plain\" href=\"#accordion-item-patch-est-il-respectueux-de-l&#039;environnement-?\" aria-expanded=\"false\" aria-controls=\"accordion-47879966-content\">\n\t\t\t<button class=\"toggle\" aria-label=\"Basculer\"><i class=\"icon-angle-down\" aria-hidden=\"true\"><\/i><\/button>\n\t\t\t<span>PATCH est-il respectueux de l'environnement ?<\/span>\n\t\t<\/a>\n\t\t<div id=\"accordion-47879966-content\" class=\"accordion-inner\" aria-labelledby=\"accordion-47879966-label\">\n\t\t\t\n<p>Nous sommes fiers de PATCH et de ce qu&rsquo;il repr\u00e9sente. Nous sommes heureux de pouvoir dire que PATCH a les composants \u00e9cologiques suivants :<\/p>\n<ul>\n<li>Notre tube est fabriqu\u00e9 \u00e0 partir de carton recycl\u00e9. L&rsquo;enveloppe ext\u00e9rieure des serviettes hygi\u00e9niques et le papier support sont biod\u00e9gradables.<\/li>\n<li>La serviette hygi\u00e9nique est compos\u00e9e \u00e0 100 % de fibres de bambou certifi\u00e9es et d&rsquo;un adh\u00e9sif sensible \u00e0 la pression (PSA) \u00e0 base min\u00e9rale.<\/li>\n<li>Les couleurs de tous les articles sont naturelles.<\/li>\n<\/ul>\n\t\t<\/div>\n\t<\/div>\n\t\n\t<div id=\"accordion-4131394760\" class=\"accordion-item\">\n\t\t<a id=\"accordion-4131394760-label\" class=\"accordion-title plain\" href=\"#accordion-item-patch-est-il-v\u00e9gan-?\" aria-expanded=\"false\" aria-controls=\"accordion-4131394760-content\">\n\t\t\t<button class=\"toggle\" aria-label=\"Basculer\"><i class=\"icon-angle-down\" aria-hidden=\"true\"><\/i><\/button>\n\t\t\t<span>PATCH est-il v\u00e9gan ?<\/span>\n\t\t<\/a>\n\t\t<div id=\"accordion-4131394760-content\" class=\"accordion-inner\" aria-labelledby=\"accordion-4131394760-label\">\n\t\t\t\n<p>Les patchs PATCH sont v\u00e9g\u00e9taliens ! Ils ne contiennent aucun d\u00e9riv\u00e9 animal et nous nous assurons qu&rsquo;aucun de nos \u00e9l\u00e9ments n&rsquo;est test\u00e9 sur les animaux.<\/p>\n\t\t<\/div>\n\t<\/div>\n\t\n\t<div id=\"accordion-187465463\" class=\"accordion-item\">\n\t\t<a id=\"accordion-187465463-label\" class=\"accordion-title plain\" href=\"#accordion-item-qu&#039;est-ce-que-le-merthiolate-et-le-thim\u00e9rosal-?\" aria-expanded=\"false\" aria-controls=\"accordion-187465463-content\">\n\t\t\t<button class=\"toggle\" aria-label=\"Basculer\"><i class=\"icon-angle-down\" aria-hidden=\"true\"><\/i><\/button>\n\t\t\t<span>Qu'est-ce que le merthiolate et le thim\u00e9rosal ?<\/span>\n\t\t<\/a>\n\t\t<div id=\"accordion-187465463-content\" class=\"accordion-inner\" aria-labelledby=\"accordion-187465463-label\">\n\t\t\t\n<p>Le merthiolate est le nom commercial du thimerosal, il s&rsquo;agit donc de la m\u00eame chose. Le merthiolate\/thimerosal est une substance chimique compos\u00e9e de mercure et de sodium. Elle a \u00e9t\u00e9 utilis\u00e9e dans de nombreux produits diff\u00e9rents comme germicide et agent de conservation.<\/p>\n\t\t<\/div>\n\t<\/div>\n\t\n\t<div id=\"accordion-1648731488\" class=\"accordion-item\">\n\t\t<a id=\"accordion-1648731488-label\" class=\"accordion-title plain\" href=\"#accordion-item-pourquoi-est-il-si-important-d&#039;\u00eatre-exempt-de-merthiolate\/thimerosal-?\" aria-expanded=\"false\" aria-controls=\"accordion-1648731488-content\">\n\t\t\t<button class=\"toggle\" aria-label=\"Basculer\"><i class=\"icon-angle-down\" aria-hidden=\"true\"><\/i><\/button>\n\t\t\t<span>Pourquoi est-il si important d'\u00eatre exempt de merthiolate\/thimerosal ?<\/span>\n\t\t<\/a>\n\t\t<div id=\"accordion-1648731488-content\" class=\"accordion-inner\" aria-labelledby=\"accordion-1648731488-label\">\n\t\t\t\n<p>L&#8217;empoisonnement au merthiolate peut se produire en cas d&rsquo;ingestion ou si une grande quantit\u00e9 de la substance entre en contact avec la peau. De nombreuses personnes pr\u00e9sentent des r\u00e9actions cutan\u00e9es l\u00e9g\u00e8res \u00e0 graves lorsqu&rsquo;elles sont expos\u00e9es \u00e0 de petites quantit\u00e9s de merthiolate contenues dans des produits courants de soin des plaies.<\/p>\n<p>PATCH ist v\u00f6llig frei von Merthiolat\/Thimerosal<\/p>\n\t\t<\/div>\n\t<\/div>\n\t\n\t<div id=\"accordion-3587158505\" class=\"accordion-item\">\n\t\t<a id=\"accordion-3587158505-label\" class=\"accordion-title plain\" href=\"#accordion-item-comment-patch-natural-aide-t-il-\u00e0-r\u00e9parer-les-petites-\u00e9corchures-?\" aria-expanded=\"false\" aria-controls=\"accordion-3587158505-content\">\n\t\t\t<button class=\"toggle\" aria-label=\"Basculer\"><i class=\"icon-angle-down\" aria-hidden=\"true\"><\/i><\/button>\n\t\t\t<span>Comment PATCH Natural aide-t-il \u00e0 r\u00e9parer les petites \u00e9corchures ?<\/span>\n\t\t<\/a>\n\t\t<div id=\"accordion-3587158505-content\" class=\"accordion-inner\" aria-labelledby=\"accordion-3587158505-label\">\n\t\t\t\n<p>PATCH Natural peut aider \u00e0 r\u00e9parer les petites \u00e9corchures, car il s&rsquo;agit d&rsquo;un pansement respirant efficace qui emp\u00eache les substances nocives\/les impuret\u00e9s d&rsquo;atteindre la zone de la plaie tout en laissant celle-ci respirer.<\/p>\n<p>Les fibres de bambou sont connues pour \u00eatre naturellement antimicrobiennes, ce qui peut \u00e9galement contribuer \u00e0 une cicatrisation plus saine.<\/p>\n\t\t<\/div>\n\t<\/div>\n\t\n\t<div id=\"accordion-233748590\" class=\"accordion-item\">\n\t\t<a id=\"accordion-233748590-label\" class=\"accordion-title plain\" href=\"#accordion-item-comment-le-charbon-actif-patch-aide-t-il-\u00e0-\u00e9liminer-les-impuret\u00e9s,-\u00e0-r\u00e9duire-les-rougeurs-et-\u00e0-r\u00e9parer-les-petites-\u00e9corchures-?\" aria-expanded=\"false\" aria-controls=\"accordion-233748590-content\">\n\t\t\t<button class=\"toggle\" aria-label=\"Basculer\"><i class=\"icon-angle-down\" aria-hidden=\"true\"><\/i><\/button>\n\t\t\t<span>Comment le charbon actif PATCH aide-t-il \u00e0 \u00e9liminer les impuret\u00e9s, \u00e0 r\u00e9duire les rougeurs et \u00e0 r\u00e9parer les petites \u00e9corchures ?<\/span>\n\t\t<\/a>\n\t\t<div id=\"accordion-233748590-content\" class=\"accordion-inner\" aria-labelledby=\"accordion-233748590-label\">\n\t\t\t\n<p>Le charbon actif est tr\u00e8s absorbant et agit comme un aimant sur les impuret\u00e9s pr\u00e9sentes dans la plaie.<\/p>\n<p>Cela peut alors favoriser la cicatrisation naturelle de la plaie par l&rsquo;organisme. Une fois les impuret\u00e9s extraites, l&rsquo;inflammation et les rougeurs sont r\u00e9duites et le risque d&rsquo;infection est minimis\u00e9, ce qui favorise une gu\u00e9rison plus s\u00fbre de la plaie.<\/p>\n\t\t<\/div>\n\t<\/div>\n\t\n\t<div id=\"accordion-3441546838\" class=\"accordion-item\">\n\t\t<a id=\"accordion-3441546838-label\" class=\"accordion-title plain\" href=\"#accordion-item-comment-l&#039;huile-de-noix-de-coco-aide-t-elle-\u00e0-soulager-les-petites-\u00e9corchures,-les-coupures-et-les-contusions-?\" aria-expanded=\"false\" aria-controls=\"accordion-3441546838-content\">\n\t\t\t<button class=\"toggle\" aria-label=\"Basculer\"><i class=\"icon-angle-down\" aria-hidden=\"true\"><\/i><\/button>\n\t\t\t<span>Comment l'huile de noix de coco aide-t-elle \u00e0 soulager les petites \u00e9corchures, les coupures et les contusions ?<\/span>\n\t\t<\/a>\n\t\t<div id=\"accordion-3441546838-content\" class=\"accordion-inner\" aria-labelledby=\"accordion-3441546838-label\">\n\t\t\t\n<p>L&rsquo;huile de noix de coco est riche en acide laurique, un acide gras aux propri\u00e9t\u00e9s antivirales, antifongiques, antimicrobiennes et anti-inflammatoires, ce qui en fait une solution id\u00e9ale pour le soin des plaies.<\/p>\n\t\t<\/div>\n\t<\/div>\n\t\n\t<div id=\"accordion-739968097\" class=\"accordion-item\">\n\t\t<a id=\"accordion-739968097-label\" class=\"accordion-title plain\" href=\"#accordion-item-comment-l&#039;aloe-vera-soulage-t-il-les-ampoules,-les-coupures-et-les-petites-\u00e9corchures-?\" aria-expanded=\"false\" aria-controls=\"accordion-739968097-content\">\n\t\t\t<button class=\"toggle\" aria-label=\"Basculer\"><i class=\"icon-angle-down\" aria-hidden=\"true\"><\/i><\/button>\n\t\t\t<span>Comment l'aloe vera soulage-t-il les ampoules, les coupures et les petites \u00e9corchures ?<\/span>\n\t\t<\/a>\n\t\t<div id=\"accordion-739968097-content\" class=\"accordion-inner\" aria-labelledby=\"accordion-739968097-label\">\n\t\t\t\n<p>L&rsquo;aloe vera contient deux compos\u00e9s naturels efficaces qui peuvent aider \u00e0 la cicatrisation des plaies.<\/p>\n<p>Les polysaccharides sont connus pour augmenter le mouvement des cellules, ce qui entra\u00eene une r\u00e9paration plus rapide et plus efficace des tissus.<\/p>\n<p>Les glycoprot\u00e9ines ne sont pas seulement analg\u00e9siques, elles peuvent \u00e9galement aider \u00e0 contr\u00f4ler la r\u00e9action inflammatoire.<\/p>\n\t\t<\/div>\n\t<\/div>\n\t\n\t<div id=\"accordion-3133576693\" class=\"accordion-item\">\n\t\t<a id=\"accordion-3133576693-label\" class=\"accordion-title plain\" href=\"#accordion-item-s&#039;agit-il-uniquement-des-ingr\u00e9dients-activ\u00e9s-sur-la-gaze-de-patch-ou-y-a-t-il-d&#039;autres-ingr\u00e9dients-?\" aria-expanded=\"false\" aria-controls=\"accordion-3133576693-content\">\n\t\t\t<button class=\"toggle\" aria-label=\"Basculer\"><i class=\"icon-angle-down\" aria-hidden=\"true\"><\/i><\/button>\n\t\t\t<span>S'agit-il uniquement des ingr\u00e9dients activ\u00e9s sur la gaze de PATCH ou y a-t-il d'autres ingr\u00e9dients ?<\/span>\n\t\t<\/a>\n\t\t<div id=\"accordion-3133576693-content\" class=\"accordion-inner\" aria-labelledby=\"accordion-3133576693-label\">\n\t\t\t\n<p>La gaze Natural PATCH est fabriqu\u00e9e \u00e0 partir de fibres de bambou 100 % bio.<\/p>\n<p>La gaze PATCH \u00e0 l&rsquo;huile de coco est fabriqu\u00e9e uniquement \u00e0 partir d&rsquo;huile de coco sur des fibres de bambou 100% biologiques.<\/p>\n<p>La gaze Aloe Vera PATCH est fabriqu\u00e9e uniquement \u00e0 partir d&rsquo;Aloe Vera sur des fibres de bambou 100% biologiques.<\/p>\n<p>Le charbon actif PATCH est compos\u00e9 uniquement de poudre de charbon actif, d&rsquo;une couche de cellulose perfor\u00e9e et biod\u00e9gradable (pour maintenir le charbon en place) et de fibres de bambou 100 % bio.<\/p>\n\t\t<\/div>\n\t<\/div>\n\t\n<\/div>\n","protected":false},"excerpt":{"rendered":"<p>&nbsp; &nbsp;<\/p>\n","protected":false},"author":29,"featured_media":0,"parent":0,"menu_order":0,"comment_status":"closed","ping_status":"closed","template":"","meta":{"footnotes":""},"class_list":["post-12089","page","type-page","status-publish","hentry"],"_links":{"self":[{"href":"https:\/\/patchstrips.eu\/fr\/wp-json\/wp\/v2\/pages\/12089","targetHints":{"allow":["GET"]}}],"collection":[{"href":"https:\/\/patchstrips.eu\/fr\/wp-json\/wp\/v2\/pages"}],"about":[{"href":"https:\/\/patchstrips.eu\/fr\/wp-json\/wp\/v2\/types\/page"}],"author":[{"embeddable":true,"href":"https:\/\/patchstrips.eu\/fr\/wp-json\/wp\/v2\/users\/29"}],"replies":[{"embeddable":true,"href":"https:\/\/patchstrips.eu\/fr\/wp-json\/wp\/v2\/comments?post=12089"}],"version-history":[{"count":3,"href":"https:\/\/patchstrips.eu\/fr\/wp-json\/wp\/v2\/pages\/12089\/revisions"}],"predecessor-version":[{"id":12092,"href":"https:\/\/patchstrips.eu\/fr\/wp-json\/wp\/v2\/pages\/12089\/revisions\/12092"}],"wp:attachment":[{"href":"https:\/\/patchstrips.eu\/fr\/wp-json\/wp\/v2\/media?parent=12089"}],"curies":[{"name":"wp","href":"https:\/\/api.w.org\/{rel}","templated":true}]}}