{"id":1743,"date":"2019-03-29T22:49:54","date_gmt":"2019-03-29T21:49:54","guid":{"rendered":"https:\/\/patchstrips.eu\/?page_id=1743"},"modified":"2019-04-23T12:25:35","modified_gmt":"2019-04-23T10:25:35","slug":"patch-variantes","status":"publish","type":"page","link":"https:\/\/patchstrips.eu\/fr\/patch-variantes\/","title":{"rendered":"PATCH Variantes"},"content":{"rendered":"\n\n  <div class=\"banner has-hover\" id=\"banner-1090801993\">\n          <div class=\"banner-inner fill\">\n        <div class=\"banner-bg fill\" >\n                                                \n                    <\/div>\n\t\t\n        <div class=\"banner-layers container\">\n            <div class=\"fill banner-link\"><\/div>            \n\n   <div id=\"text-box-381695477\" class=\"text-box banner-layer x50 md-x95 lg-x95 y75 md-y50 lg-y50 res-text\">\n                     <div data-animate=\"fadeInLeft\">           <div class=\"text-box-content text dark\">\n              \n              <div class=\"text-inner text-center\">\n                  \n\n<h3 class=\"uppercase\"><strong>PATCH Aloe Vera<\/strong><\/h3>\n<p>BAMBUS PLASTER<\/p>\n<p>Br\u00fblures l\u00e9g\u00e8res ou ampoules, PATCH Aloe vera est l&rsquo;enduit parfait pour les premiers soins car l&rsquo;Aloe vera dans l&rsquo;enduit a un effet calmant et apaisant.<span class=\"Apple-converted-space\">&nbsp;<\/span><\/p>\n<a href=\"\/produkte\/patch-aloe-vera\/\" class=\"button white\" style=\"border-radius:99px;\">\n\t\t<span>LE SHOP<\/span>\n\t<\/a>\n\n\n\n              <\/div>\n           <\/div>\n       <\/div>                     \n<style>\n#text-box-381695477 {\n  width: 80%;\n}\n#text-box-381695477 .text-box-content {\n  font-size: 100%;\n}\n@media (min-width:550px) {\n  #text-box-381695477 {\n    width: 41%;\n  }\n}\n<\/style>\n    <\/div>\n \n\t<div class=\"img has-hover x50 md-x5 lg-x5 y5 md-y50 lg-y50\" id=\"image_293840194\">\n\t\t<a class=\"\" href=\"\/produkte\/patch-aloe-vera\/\" >\t\t\t\t<div data-animate=\"fadeInRight\">\t\t<div class=\"img-inner dark\" >\n\t\t\t\t\t\t\t\t\t\n\t\t\t\t\t<\/div>\n\t\t<\/div>\t\t\t\t<\/a>\t\t\n<style>\n#image_293840194 {\n  width: 51%;\n}\n@media (min-width:550px) {\n  #image_293840194 {\n    width: 38%;\n  }\n}\n<\/style>\n\t<\/div>\n\t\n\n\t<div class=\"img has-hover x50 md-x5 lg-x0 y5 md-y50 lg-y50\" id=\"image_1841792161\">\n\t\t\t\t\t\t\t\t<div class=\"img-inner dark\" >\n\t\t\t<img loading=\"lazy\" decoding=\"async\" width=\"512\" height=\"512\" src=\"https:\/\/patchstrips.eu\/wp-content\/uploads\/2019\/04\/Patchstrips-Aloe-Vera.png\" class=\"attachment-large size-large\" alt=\"\" srcset=\"https:\/\/patchstrips.eu\/wp-content\/uploads\/2019\/04\/Patchstrips-Aloe-Vera.png 512w, https:\/\/patchstrips.eu\/wp-content\/uploads\/2019\/04\/Patchstrips-Aloe-Vera-280x280.png 280w, https:\/\/patchstrips.eu\/wp-content\/uploads\/2019\/04\/Patchstrips-Aloe-Vera-400x400.png 400w, https:\/\/patchstrips.eu\/wp-content\/uploads\/2019\/04\/Patchstrips-Aloe-Vera-500x500.png 500w, https:\/\/patchstrips.eu\/wp-content\/uploads\/2019\/04\/Patchstrips-Aloe-Vera-510x510.png 510w, https:\/\/patchstrips.eu\/wp-content\/uploads\/2019\/04\/Patchstrips-Aloe-Vera-100x100.png 100w\" sizes=\"auto, (max-width: 512px) 100vw, 512px\" \/>\t\t\t\t\t\t\n\t\t\t\t\t<\/div>\n\t\t\t\t\t\t\t\t\n<style>\n#image_1841792161 {\n  width: 48%;\n}\n@media (min-width:550px) {\n  #image_1841792161 {\n    width: 40%;\n  }\n}\n@media (min-width:850px) {\n  #image_1841792161 {\n    width: 43%;\n  }\n}\n<\/style>\n\t<\/div>\n\t\n\n\n        <\/div>\n      <\/div>\n\n            \n<style>\n#banner-1090801993 {\n  padding-top: 540px;\n  background-color: #65a22e;\n}\n#banner-1090801993 .overlay {\n  background-color: rgba(0, 0, 0, 0.3);\n}\n<\/style>\n  <\/div>\n\n\n\n  <div class=\"banner has-hover\" id=\"banner-1689860720\">\n          <div class=\"banner-inner fill\">\n        <div class=\"banner-bg fill\" >\n                                                \n                    <\/div>\n\t\t\n        <div class=\"banner-layers container\">\n            <div class=\"fill banner-link\"><\/div>            \n\n   <div id=\"text-box-9814608\" class=\"text-box banner-layer x50 md-x10 lg-x10 y80 md-y50 lg-y50 res-text\">\n                                <div class=\"text-box-content text dark\">\n              \n              <div class=\"text-inner text-center\">\n                  \n\n<h3><strong>PATCH HUILE DE COCO<\/strong><\/h3>\n<p>BAMBUS PLASTER<\/p>\n<p>PATCH \u00e0 l&rsquo;huile de coco a \u00e9t\u00e9 sp\u00e9cialement d\u00e9velopp\u00e9 par nos soins pour les enfants. Avec un merveilleux design panda et des ingr\u00e9dients \u00e0 base d&rsquo;huile de noix de coco pour la peau sensible des enfants. Convient \u00e9galement aux b\u00e9b\u00e9s.<span class=\"Apple-converted-space\">&nbsp;<\/span><\/p>\n<a href=\"\/produkte\/patch-kokosoel\/\" class=\"button white\" style=\"border-radius:99px;\">\n\t\t<span>LE SHOP<\/span>\n\t<\/a>\n\n\n\n              <\/div>\n           <\/div>\n                            \n<style>\n#text-box-9814608 {\n  width: 82%;\n}\n#text-box-9814608 .text-box-content {\n  font-size: 100%;\n}\n@media (min-width:550px) {\n  #text-box-9814608 {\n    width: 41%;\n  }\n}\n<\/style>\n    <\/div>\n \n\t<div class=\"img has-hover x50 md-x95 lg-x95 y5 md-y50 lg-y50\" id=\"image_1761324981\">\n\t\t<a class=\"\" href=\"\/produkte\/patch-kokosoel\/\" >\t\t\t\t<div data-animate=\"fadeInLeft\">\t\t<div class=\"img-inner dark\" >\n\t\t\t\t\t\t\t\t\t\n\t\t\t\t\t<\/div>\n\t\t<\/div>\t\t\t\t<\/a>\t\t\n<style>\n#image_1761324981 {\n  width: 51%;\n}\n@media (min-width:550px) {\n  #image_1761324981 {\n    width: 38%;\n  }\n}\n<\/style>\n\t<\/div>\n\t\n\n\t<div class=\"img has-hover x50 md-x95 lg-x100 y10 md-y50 lg-y50\" id=\"image_343796217\">\n\t\t\t\t\t\t\t\t<div class=\"img-inner dark\" >\n\t\t\t<img loading=\"lazy\" decoding=\"async\" width=\"512\" height=\"512\" src=\"https:\/\/patchstrips.eu\/wp-content\/uploads\/2019\/04\/Patcghstrips-kokos.png\" class=\"attachment-large size-large\" alt=\"\" srcset=\"https:\/\/patchstrips.eu\/wp-content\/uploads\/2019\/04\/Patcghstrips-kokos.png 512w, https:\/\/patchstrips.eu\/wp-content\/uploads\/2019\/04\/Patcghstrips-kokos-280x280.png 280w, https:\/\/patchstrips.eu\/wp-content\/uploads\/2019\/04\/Patcghstrips-kokos-400x400.png 400w, https:\/\/patchstrips.eu\/wp-content\/uploads\/2019\/04\/Patcghstrips-kokos-500x500.png 500w, https:\/\/patchstrips.eu\/wp-content\/uploads\/2019\/04\/Patcghstrips-kokos-510x510.png 510w, https:\/\/patchstrips.eu\/wp-content\/uploads\/2019\/04\/Patcghstrips-kokos-100x100.png 100w\" sizes=\"auto, (max-width: 512px) 100vw, 512px\" \/>\t\t\t\t\t\t\n\t\t\t\t\t<\/div>\n\t\t\t\t\t\t\t\t\n<style>\n#image_343796217 {\n  width: 48%;\n}\n@media (min-width:550px) {\n  #image_343796217 {\n    width: 40%;\n  }\n}\n@media (min-width:850px) {\n  #image_343796217 {\n    width: 43%;\n  }\n}\n<\/style>\n\t<\/div>\n\t\n\n\n        <\/div>\n      <\/div>\n\n            \n<style>\n#banner-1689860720 {\n  padding-top: 540px;\n  background-color: rgb(170, 172, 115);\n}\n<\/style>\n  <\/div>\n\n\n\n  <div class=\"banner has-hover has-parallax\" id=\"banner-1690596497\">\n          <div class=\"banner-inner fill\">\n        <div class=\"banner-bg fill\" data-parallax=\"-3\" data-parallax-container=\".banner\" data-parallax-background>\n                                                \n                    <\/div>\n\t\t\n        <div class=\"banner-layers container\">\n            <div class=\"fill banner-link\"><\/div>            \n\n   <div id=\"text-box-227471094\" class=\"text-box banner-layer x50 md-x95 lg-x95 y75 md-y50 lg-y50 res-text\">\n                                <div class=\"text-box-content text dark\">\n              \n              <div class=\"text-inner text-center\">\n                  \n\n<h3><strong>PATCH CHARBON ACTIF EN PLAQUES<span class=\"Apple-converted-space\">&nbsp;<\/span><\/strong><\/h3>\n<p>BAMBUS PLASTER<\/p>\n<p>Vous \u00eates un ventilateur d&rsquo;ext\u00e9rieur ou vous \u00eates en contact avec les clients toute la journ\u00e9e, le charbon actif PATCH est toujours beau et aide \u00e0 pr\u00e9venir l&rsquo;infection de votre blessure.<span class=\"Apple-converted-space\">&nbsp;<\/span><\/p>\n<a href=\"\/produkte\/patch-aktiv-kohle\/\" class=\"button white\" style=\"border-radius:99px;\">\n\t\t<span>LE SHOP<\/span>\n\t<\/a>\n\n\n\n              <\/div>\n           <\/div>\n                            \n<style>\n#text-box-227471094 {\n  width: 82%;\n}\n#text-box-227471094 .text-box-content {\n  font-size: 100%;\n}\n@media (min-width:550px) {\n  #text-box-227471094 {\n    width: 41%;\n  }\n}\n<\/style>\n    <\/div>\n \n\t<div class=\"img has-hover x50 md-x5 lg-x5 y5 md-y50 lg-y50\" id=\"image_10283751\">\n\t\t<a class=\"\" href=\"\/produkte\/patch-aktiv-kohle\/\" >\t\t\t\t<div data-animate=\"fadeInRight\">\t\t<div class=\"img-inner dark\" >\n\t\t\t\t\t\t\t\t\t\n\t\t\t\t\t<\/div>\n\t\t<\/div>\t\t\t\t<\/a>\t\t\n<style>\n#image_10283751 {\n  width: 51%;\n}\n@media (min-width:550px) {\n  #image_10283751 {\n    width: 38%;\n  }\n}\n<\/style>\n\t<\/div>\n\t\n\n\t<div class=\"img has-hover x50 md-x5 lg-x0 y5 md-y50 lg-y50\" id=\"image_272585583\">\n\t\t\t\t\t\t\t\t<div class=\"img-inner dark\" >\n\t\t\t<img loading=\"lazy\" decoding=\"async\" width=\"512\" height=\"512\" src=\"https:\/\/patchstrips.eu\/wp-content\/uploads\/2019\/04\/Patchstrips-Aktiv-Kohle.png\" class=\"attachment-large size-large\" alt=\"\" srcset=\"https:\/\/patchstrips.eu\/wp-content\/uploads\/2019\/04\/Patchstrips-Aktiv-Kohle.png 512w, https:\/\/patchstrips.eu\/wp-content\/uploads\/2019\/04\/Patchstrips-Aktiv-Kohle-280x280.png 280w, https:\/\/patchstrips.eu\/wp-content\/uploads\/2019\/04\/Patchstrips-Aktiv-Kohle-400x400.png 400w, https:\/\/patchstrips.eu\/wp-content\/uploads\/2019\/04\/Patchstrips-Aktiv-Kohle-500x500.png 500w, https:\/\/patchstrips.eu\/wp-content\/uploads\/2019\/04\/Patchstrips-Aktiv-Kohle-510x510.png 510w, https:\/\/patchstrips.eu\/wp-content\/uploads\/2019\/04\/Patchstrips-Aktiv-Kohle-100x100.png 100w\" sizes=\"auto, (max-width: 512px) 100vw, 512px\" \/>\t\t\t\t\t\t\n\t\t\t\t\t<\/div>\n\t\t\t\t\t\t\t\t\n<style>\n#image_272585583 {\n  width: 48%;\n}\n@media (min-width:550px) {\n  #image_272585583 {\n    width: 40%;\n  }\n}\n@media (min-width:850px) {\n  #image_272585583 {\n    width: 43%;\n  }\n}\n<\/style>\n\t<\/div>\n\t\n\n\n        <\/div>\n      <\/div>\n\n            \n<style>\n#banner-1690596497 {\n  padding-top: 540px;\n  background-color: rgb(0, 0, 0);\n}\n#banner-1690596497 .banner-bg img {\n  object-position: 60% 16%;\n}\n<\/style>\n  <\/div>\n\n\n\n  <div class=\"banner has-hover has-parallax\" id=\"banner-554763788\">\n          <div class=\"banner-inner fill\">\n        <div class=\"banner-bg fill\" data-parallax=\"-3\" data-parallax-container=\".banner\" data-parallax-background>\n                                                \n                    <\/div>\n\t\t\n        <div class=\"banner-layers container\">\n            <div class=\"fill banner-link\"><\/div>            \n\n   <div id=\"text-box-587257434\" class=\"text-box banner-layer x50 md-x10 lg-x10 y75 md-y50 lg-y50 res-text\">\n                                <div class=\"text-box-content text dark\">\n              \n              <div class=\"text-inner text-center\">\n                  \n\n<h3 class=\"uppercase\"><strong>PATCH NeutralE<\/strong><\/h3>\n<p>BAMBUS PLASTER<\/p>\n<p>Notre patch PATCH sans ingr\u00e9dients. Si vous voulez traiter une simple coupure, PATCH Neutral est le patch pour vous.<span class=\"Apple-converted-space\">&nbsp;<\/span><\/p>\n<a href=\"\/produkte\/patch-pflaster-neutral\/\" class=\"button white\" style=\"border-radius:99px;\">\n\t\t<span>LE SHOP<\/span>\n\t<\/a>\n\n\n\n              <\/div>\n           <\/div>\n                            \n<style>\n#text-box-587257434 {\n  width: 82%;\n}\n#text-box-587257434 .text-box-content {\n  font-size: 100%;\n}\n@media (min-width:550px) {\n  #text-box-587257434 {\n    width: 41%;\n  }\n}\n<\/style>\n    <\/div>\n \n\t<div class=\"img has-hover x50 md-x95 lg-x95 y5 md-y50 lg-y50\" id=\"image_417552242\">\n\t\t<a class=\"\" href=\"\/produkte\/patch-pflaster-neutral\/\" >\t\t\t\t<div data-animate=\"fadeInLeft\">\t\t<div class=\"img-inner dark\" >\n\t\t\t\t\t\t\t\t\t\n\t\t\t\t\t<\/div>\n\t\t<\/div>\t\t\t\t<\/a>\t\t\n<style>\n#image_417552242 {\n  width: 52%;\n}\n@media (min-width:550px) {\n  #image_417552242 {\n    width: 38%;\n  }\n}\n<\/style>\n\t<\/div>\n\t\n\n\t<div class=\"img has-hover x50 md-x95 lg-x100 y10 md-y50 lg-y50\" id=\"image_100759404\">\n\t\t\t\t\t\t\t\t<div class=\"img-inner dark\" >\n\t\t\t<img loading=\"lazy\" decoding=\"async\" width=\"512\" height=\"512\" src=\"https:\/\/patchstrips.eu\/wp-content\/uploads\/2019\/04\/Patchstrips-neutral.png\" class=\"attachment-large size-large\" alt=\"\" srcset=\"https:\/\/patchstrips.eu\/wp-content\/uploads\/2019\/04\/Patchstrips-neutral.png 512w, https:\/\/patchstrips.eu\/wp-content\/uploads\/2019\/04\/Patchstrips-neutral-280x280.png 280w, https:\/\/patchstrips.eu\/wp-content\/uploads\/2019\/04\/Patchstrips-neutral-400x400.png 400w, https:\/\/patchstrips.eu\/wp-content\/uploads\/2019\/04\/Patchstrips-neutral-500x500.png 500w, https:\/\/patchstrips.eu\/wp-content\/uploads\/2019\/04\/Patchstrips-neutral-510x510.png 510w, https:\/\/patchstrips.eu\/wp-content\/uploads\/2019\/04\/Patchstrips-neutral-100x100.png 100w\" sizes=\"auto, (max-width: 512px) 100vw, 512px\" \/>\t\t\t\t\t\t\n\t\t\t\t\t<\/div>\n\t\t\t\t\t\t\t\t\n<style>\n#image_100759404 {\n  width: 48%;\n}\n@media (min-width:550px) {\n  #image_100759404 {\n    width: 40%;\n  }\n}\n@media (min-width:850px) {\n  #image_100759404 {\n    width: 43%;\n  }\n}\n<\/style>\n\t<\/div>\n\t\n\n\n        <\/div>\n      <\/div>\n\n            \n<style>\n#banner-554763788 {\n  padding-top: 540px;\n  background-color: rgb(170, 172, 115);\n}\n#banner-554763788 .banner-bg img {\n  object-position: 60% 16%;\n}\n<\/style>\n  <\/div>\n\n\nNo images found.\n\n\n","protected":false},"excerpt":{"rendered":"","protected":false},"author":29,"featured_media":0,"parent":0,"menu_order":0,"comment_status":"closed","ping_status":"closed","template":"page-blank.php","meta":{"footnotes":""},"class_list":["post-1743","page","type-page","status-publish","hentry"],"_links":{"self":[{"href":"https:\/\/patchstrips.eu\/fr\/wp-json\/wp\/v2\/pages\/1743","targetHints":{"allow":["GET"]}}],"collection":[{"href":"https:\/\/patchstrips.eu\/fr\/wp-json\/wp\/v2\/pages"}],"about":[{"href":"https:\/\/patchstrips.eu\/fr\/wp-json\/wp\/v2\/types\/page"}],"author":[{"embeddable":true,"href":"https:\/\/patchstrips.eu\/fr\/wp-json\/wp\/v2\/users\/29"}],"replies":[{"embeddable":true,"href":"https:\/\/patchstrips.eu\/fr\/wp-json\/wp\/v2\/comments?post=1743"}],"version-history":[{"count":0,"href":"https:\/\/patchstrips.eu\/fr\/wp-json\/wp\/v2\/pages\/1743\/revisions"}],"wp:attachment":[{"href":"https:\/\/patchstrips.eu\/fr\/wp-json\/wp\/v2\/media?parent=1743"}],"curies":[{"name":"wp","href":"https:\/\/api.w.org\/{rel}","templated":true}]}}