{"id":1749,"date":"2019-03-29T23:06:17","date_gmt":"2019-03-29T22:06:17","guid":{"rendered":"https:\/\/patchstrips.eu\/?page_id=1749"},"modified":"2023-12-29T08:31:41","modified_gmt":"2023-12-29T07:31:41","slug":"sur-patch","status":"publish","type":"page","link":"https:\/\/patchstrips.eu\/fr\/sur-patch\/","title":{"rendered":"Sur Patch"},"content":{"rendered":"\n\t<section class=\"section\" id=\"section_411758861\">\n\t\t<div class=\"section-bg fill\" >\n\t\t\t\t\t\t\t\t\t\n\t\t\t\n\t<div class=\"is-border\"\n\t\tstyle=\"border-color:rgba(0, 0, 0, 0.13);border-width:1px 0px 1px 0px;\">\n\t<\/div>\n\n\t\t<\/div>\n\n\t\t\n\n\t\t<div class=\"section-content relative\">\n\t\t\t\n  <div class=\"banner-grid-wrapper\">\n  <div id=\"banner-grid-674002075\" class=\"banner-grid row row-grid row-small row-box-shadow-1\" data-packery-options=\"\">\n                      \n<div class=\"col grid-col small-12 large-4 grid-col-1\" ><div class=\"col-inner\">\n\n  <div class=\"banner has-hover\" id=\"banner-2080017743\">\n          <div class=\"banner-inner fill\">\n        <div class=\"banner-bg fill\" >\n            <img loading=\"lazy\" decoding=\"async\" width=\"600\" height=\"800\" src=\"https:\/\/patchstrips.eu\/wp-content\/uploads\/2019\/04\/PATCHSTRIPS.Pic_.3-600x800.jpg\" class=\"bg attachment-large size-large\" alt=\"\" \/>                        <div class=\"overlay\"><\/div>            \n                    <\/div>\n\t\t\n        <div class=\"banner-layers container\">\n            <a class=\"fill\" href=\"\/shop\/\"><div class=\"fill banner-link\"><\/div><\/a>            \n   <div id=\"text-box-125803595\" class=\"text-box banner-layer x50 md-x50 lg-x50 y5 md-y5 lg-y5 res-text\">\n                                <div class=\"text-box-content text dark\">\n              \n              <div class=\"text-inner text-center\">\n                  \n<h2><span style=\"color: #fafafa; font-size: 170%;\"><strong>des sparadraps maintenant en tout beaut\u00e9<span class=\"Apple-converted-space\">\u00a0<\/span><\/strong><\/span><\/h2>\n              <\/div>\n           <\/div>\n                            \n<style>\n#text-box-125803595 {\n  width: 70%;\n}\n#text-box-125803595 .text-box-content {\n  font-size: 100%;\n}\n<\/style>\n    <\/div>\n \n        <\/div>\n      <\/div>\n\n              <div class=\"height-fix is-invisible\"><img loading=\"lazy\" decoding=\"async\" width=\"600\" height=\"800\" src=\"https:\/\/patchstrips.eu\/wp-content\/uploads\/2019\/04\/PATCHSTRIPS.Pic_.3-600x800.jpg\" class=\"attachment-large size-large\" alt=\"\" srcset=\"https:\/\/patchstrips.eu\/wp-content\/uploads\/2019\/04\/PATCHSTRIPS.Pic_.3-600x800.jpg 600w, https:\/\/patchstrips.eu\/wp-content\/uploads\/2019\/04\/PATCHSTRIPS.Pic_.3-300x400.jpg 300w, https:\/\/patchstrips.eu\/wp-content\/uploads\/2019\/04\/PATCHSTRIPS.Pic_.3-768x1024.jpg 768w, https:\/\/patchstrips.eu\/wp-content\/uploads\/2019\/04\/PATCHSTRIPS.Pic_.3-500x667.jpg 500w, https:\/\/patchstrips.eu\/wp-content\/uploads\/2019\/04\/PATCHSTRIPS.Pic_.3-510x680.jpg 510w, https:\/\/patchstrips.eu\/wp-content\/uploads\/2019\/04\/PATCHSTRIPS.Pic_.3.jpg 900w\" sizes=\"auto, (max-width: 600px) 100vw, 600px\" \/><\/div>\n            \n<style>\n#banner-2080017743 .overlay {\n  background-color: rgba(0, 0, 0, 0.37);\n}\n#banner-2080017743 .banner-bg img {\n  object-position: 64% 30%;\n}\n<\/style>\n  <\/div>\n\n\n<\/div><\/div>\n<div class=\"col grid-col small-12 large-3 grid-col-1\" ><div class=\"col-inner\">\n\n  <div class=\"banner has-hover\" id=\"banner-471339297\">\n          <div class=\"banner-inner fill\">\n        <div class=\"banner-bg fill\" >\n            <img loading=\"lazy\" decoding=\"async\" width=\"600\" height=\"800\" src=\"https:\/\/patchstrips.eu\/wp-content\/uploads\/2019\/04\/PATCHSTRIPS.Pic2_-600x800.jpg\" class=\"bg attachment-large size-large\" alt=\"\" \/>                        <div class=\"overlay\"><\/div>            \n                    <\/div>\n\t\t\n        <div class=\"banner-layers container\">\n            <div class=\"fill banner-link\"><\/div>            \n   <div id=\"text-box-616299102\" class=\"text-box banner-layer x50 md-x50 lg-x50 y10 md-y10 lg-y10 res-text\">\n                                <div class=\"text-box-content text dark\">\n              \n              <div class=\"text-inner text-center\">\n                  \n<h2><span style=\"color: #fafafa; font-size: 170%;\"><strong>noir et le nouveau noir<\/strong><\/span><\/h2>\n              <\/div>\n           <\/div>\n                            \n<style>\n#text-box-616299102 {\n  width: 60%;\n}\n#text-box-616299102 .text-box-content {\n  font-size: 100%;\n}\n@media (min-width:550px) {\n  #text-box-616299102 {\n    width: 70%;\n  }\n}\n<\/style>\n    <\/div>\n \n        <\/div>\n      <\/div>\n\n              <div class=\"height-fix is-invisible\"><img loading=\"lazy\" decoding=\"async\" width=\"600\" height=\"800\" src=\"https:\/\/patchstrips.eu\/wp-content\/uploads\/2019\/04\/PATCHSTRIPS.Pic2_-600x800.jpg\" class=\"attachment-large size-large\" alt=\"\" srcset=\"https:\/\/patchstrips.eu\/wp-content\/uploads\/2019\/04\/PATCHSTRIPS.Pic2_-600x800.jpg 600w, https:\/\/patchstrips.eu\/wp-content\/uploads\/2019\/04\/PATCHSTRIPS.Pic2_-300x400.jpg 300w, https:\/\/patchstrips.eu\/wp-content\/uploads\/2019\/04\/PATCHSTRIPS.Pic2_-768x1024.jpg 768w, https:\/\/patchstrips.eu\/wp-content\/uploads\/2019\/04\/PATCHSTRIPS.Pic2_-500x667.jpg 500w, https:\/\/patchstrips.eu\/wp-content\/uploads\/2019\/04\/PATCHSTRIPS.Pic2_-510x680.jpg 510w, https:\/\/patchstrips.eu\/wp-content\/uploads\/2019\/04\/PATCHSTRIPS.Pic2_.jpg 900w\" sizes=\"auto, (max-width: 600px) 100vw, 600px\" \/><\/div>\n            \n<style>\n#banner-471339297 .overlay {\n  background-color: rgba(0, 0, 0, 0.37);\n}\n#banner-471339297 .banner-bg img {\n  object-position: 51% 56%;\n}\n<\/style>\n  <\/div>\n\n\n<\/div><\/div>\n<div class=\"col grid-col small-14 large-5 grid-col-1-3\" ><div class=\"col-inner\">\n\n  <div class=\"banner has-hover\" id=\"banner-1607602360\">\n          <div class=\"banner-inner fill\">\n        <div class=\"banner-bg fill\" >\n            <img loading=\"lazy\" decoding=\"async\" width=\"391\" height=\"400\" src=\"https:\/\/patchstrips.eu\/wp-content\/uploads\/2019\/04\/Patch-Strips-4-Pack-391x400.jpg\" class=\"bg attachment-medium size-medium\" alt=\"\" \/>                        <div class=\"overlay\"><\/div>            \n                    <\/div>\n\t\t\n        <div class=\"banner-layers container\">\n            <div class=\"fill banner-link\"><\/div>            \n   <div id=\"text-box-316746944\" class=\"text-box banner-layer x10 md-x10 lg-x10 y50 md-y80 lg-y80 res-text\">\n                                <div class=\"text-box-content text \">\n              \n              <div class=\"text-inner text-left\">\n                  \n<h3><span style=\"font-size: 150%; color: #fcf7f7;\"><strong>PATCH est exceptionnel et avec une effet durable<span class=\"Apple-converted-space\">\u00a0<\/span><\/strong><\/span><\/h3>\n              <\/div>\n           <\/div>\n                            \n<style>\n#text-box-316746944 {\n  width: 42%;\n}\n#text-box-316746944 .text-box-content {\n  font-size: 100%;\n}\n<\/style>\n    <\/div>\n \n        <\/div>\n      <\/div>\n\n              <div class=\"height-fix is-invisible\"><img loading=\"lazy\" decoding=\"async\" width=\"391\" height=\"400\" src=\"https:\/\/patchstrips.eu\/wp-content\/uploads\/2019\/04\/Patch-Strips-4-Pack-391x400.jpg\" class=\"attachment-medium size-medium\" alt=\"\" srcset=\"https:\/\/patchstrips.eu\/wp-content\/uploads\/2019\/04\/Patch-Strips-4-Pack-391x400.jpg 391w, https:\/\/patchstrips.eu\/wp-content\/uploads\/2019\/04\/Patch-Strips-4-Pack-768x786.jpg 768w, https:\/\/patchstrips.eu\/wp-content\/uploads\/2019\/04\/Patch-Strips-4-Pack-782x800.jpg 782w, https:\/\/patchstrips.eu\/wp-content\/uploads\/2019\/04\/Patch-Strips-4-Pack-500x512.jpg 500w, https:\/\/patchstrips.eu\/wp-content\/uploads\/2019\/04\/Patch-Strips-4-Pack-510x522.jpg 510w, https:\/\/patchstrips.eu\/wp-content\/uploads\/2019\/04\/Patch-Strips-4-Pack.jpg 1605w\" sizes=\"auto, (max-width: 391px) 100vw, 391px\" \/><\/div>\n            \n<style>\n#banner-1607602360 .overlay {\n  background-color: rgba(0, 0, 0, 0.37);\n}\n#banner-1607602360 .banner-bg img {\n  object-position: 48% 46%;\n}\n<\/style>\n  <\/div>\n\n\n<\/div><\/div>\n<div class=\"col grid-col small-12 large-5 grid-col-2-3\" ><div class=\"col-inner\">\n\n  <div class=\"banner has-hover\" id=\"banner-304617139\">\n          <div class=\"banner-inner fill\">\n        <div class=\"banner-bg fill\" >\n            <img loading=\"lazy\" decoding=\"async\" width=\"564\" height=\"564\" src=\"https:\/\/patchstrips.eu\/wp-content\/uploads\/2018\/11\/de90d3026c2fca6338a8cec7fa9ab5ce.jpg\" class=\"bg attachment-large size-large\" alt=\"\" \/>                        <div class=\"overlay\"><\/div>            \n                    <\/div>\n\t\t\n        <div class=\"banner-layers container\">\n            <div class=\"fill banner-link\"><\/div>            \n   <div id=\"text-box-431691568\" class=\"text-box banner-layer x50 md-x50 lg-x50 y50 md-y50 lg-y50 res-text\">\n                                <div class=\"text-box-content text dark\">\n              \n              <div class=\"text-inner text-center\">\n                  \n<h3><span style=\"color: #f2f2f2; font-size: 170%;\"><strong>PATCH est fait par des familles pour les familles<\/strong><\/span><\/h3>\n              <\/div>\n           <\/div>\n                            \n<style>\n#text-box-431691568 {\n  width: 60%;\n}\n#text-box-431691568 .text-box-content {\n  font-size: 100%;\n}\n@media (min-width:550px) {\n  #text-box-431691568 {\n    width: 70%;\n  }\n}\n<\/style>\n    <\/div>\n \n        <\/div>\n      <\/div>\n\n              <div class=\"height-fix is-invisible\"><img loading=\"lazy\" decoding=\"async\" width=\"564\" height=\"564\" src=\"https:\/\/patchstrips.eu\/wp-content\/uploads\/2018\/11\/de90d3026c2fca6338a8cec7fa9ab5ce.jpg\" class=\"attachment-large size-large\" alt=\"\" srcset=\"https:\/\/patchstrips.eu\/wp-content\/uploads\/2018\/11\/de90d3026c2fca6338a8cec7fa9ab5ce.jpg 564w, https:\/\/patchstrips.eu\/wp-content\/uploads\/2018\/11\/de90d3026c2fca6338a8cec7fa9ab5ce-280x280.jpg 280w, https:\/\/patchstrips.eu\/wp-content\/uploads\/2018\/11\/de90d3026c2fca6338a8cec7fa9ab5ce-400x400.jpg 400w, https:\/\/patchstrips.eu\/wp-content\/uploads\/2018\/11\/de90d3026c2fca6338a8cec7fa9ab5ce-500x500.jpg 500w, https:\/\/patchstrips.eu\/wp-content\/uploads\/2018\/11\/de90d3026c2fca6338a8cec7fa9ab5ce-510x510.jpg 510w, https:\/\/patchstrips.eu\/wp-content\/uploads\/2018\/11\/de90d3026c2fca6338a8cec7fa9ab5ce-100x100.jpg 100w\" sizes=\"auto, (max-width: 564px) 100vw, 564px\" \/><\/div>\n            \n<style>\n#banner-304617139 .overlay {\n  background-color: rgba(0, 0, 0, 0.37);\n}\n#banner-304617139 {\n  background-color: rgb(0, 0, 0);\n}\n#banner-304617139 .banner-bg img {\n  object-position: 71% 19%;\n}\n<\/style>\n  <\/div>\n\n\n<\/div><\/div>\n            <\/div>\n    <style>\n    #banner-grid-674002075 .grid-col-1{height: 617px}\n    #banner-grid-674002075 .grid-col-1-2{height: 308.5px}\n    #banner-grid-674002075 .grid-col-1-3{height:205.66666666667px}\n    #banner-grid-674002075 .grid-col-2-3{height: 411.33333333333px}\n    #banner-grid-674002075 .grid-col-1-4{height: 154.25px}\n    #banner-grid-674002075 .grid-col-3-4{height: 462.75px}\n\n\n    \n    \n\n  <\/style>\n    <\/div>\n  \n\t\t<\/div>\n\n\t\t\n<style>\n#section_411758861 {\n  padding-top: 30px;\n  padding-bottom: 30px;\n  background-color: rgb(237, 239, 241);\n}\n<\/style>\n\t<\/section>\n\t\n\n\t<section class=\"section\" id=\"section_1822889051\">\n\t\t<div class=\"section-bg fill\" >\n\t\t\t\t\t\t\t\t\t\n\t\t\t\n\t<div class=\"is-border\"\n\t\tstyle=\"border-color:rgb(235, 235, 235);border-width:1px 0px 0px 0px;\">\n\t<\/div>\n\n\t\t<\/div>\n\n\t\t\n\n\t\t<div class=\"section-content relative\">\n\t\t\t\n<div class=\"row row-large align-middle align-center\"  id=\"row-1497354201\">\n\n\t<div id=\"col-376908193\" class=\"col medium-6 small-12 large-6\"  >\n\t\t\t\t<div class=\"col-inner box-shadow-2 box-shadow-5-hover\" style=\"background-color:rgb(255, 255, 255);\" >\n\t\t\t\n\t\t\t\n<p><strong>NOTRE <span class=\"Apple-converted-space\">HISTOIRE<\/span><\/strong><\/p>\n<p>Notre histoire de PATCH<span class=\"Apple-converted-space\">&nbsp; <\/span>\u00e9tait n\u00e9e, quand James Dutton (le fonder de Nutricare) a remarqu\u00e9, que la peaux de son fils n\u2019a pas bien r\u00e9agir au sparadrap normale. James a penser longtemps sur cette probl\u00e8me et a essayer de d\u00e9couvrir, pourquoi c\u2019\u00e9tait comme \u00e7a. Il \u00e9tait choqu\u00e9 quand il a d\u00e9couvrit quelles sortes de produit chimique il avait cache dans les sparadrap normale.<\/p>\n<p>Puis la il a fait des recherches et a d\u00e9couvrir que cette probl\u00e8me n\u2019avais pas juste son fils, il avait beaucoup d\u2019autres personnes qui ont cette probl\u00e8me. Alors il a essayer de trouver des alternatives. Les recherches ont montre que une pourcentage \u00e9norme du monde ne peuvent pas portent des bandages normales. L&rsquo;autre c\u00f4te de motivation du James \u00e9tait r\u00e9veiller par l\u2019autre fils Xavier. Xavier a haie de mettre diff\u00e9rents sortes de cr\u00e8mes sur sa peaux. Oui, nous les parents peuvent \u00eatre tr\u00e8s cr\u00e9atif, quand on veut mettre une creme antibact\u00e9rien sur une sparadrap. Mais Xavier \u00e9tait tr\u00e8s souvent en col\u00e8re, quand on a essayer de le tromper. Finalement James avait le voeu, d\u2019avoir une produit qui ne fait pas des r\u00e9actions n\u00e9gatif au peaux et au m\u00eame temps qui aid\u00e9 au proc\u00e8s du r\u00e9g\u00e9n\u00e9ration d\u2019une blessure.<\/p>\n<p>Ca c\u2019est PATCH!! Patch est une alternative incroyable et comme \u00e7a nous enfants ne sont pas oblig\u00e9 de rester a la maison. Non. Ils peuvent continuer jouer au foot ou d\u00e9couvrir la nature. L\u2019id\u00e9e a commencer en australie, il avait le produit d\u00e9j\u00e0 dans 1000 magasines. Et maintenant depuis Juillet 2016 aussi sur le march\u00e9 mondiale.<\/p>\n\t\t<\/div>\n\t\t\t\t\n<style>\n#col-376908193 > .col-inner {\n  padding: 15px 15px 15px 15px;\n}\n<\/style>\n\t<\/div>\n\n\t\n\n\t<div id=\"col-718611038\" class=\"col medium-6 small-12 large-6\"  >\n\t\t\t\t<div class=\"col-inner text-center\"  >\n\t\t\t\n\t\t\t\n<p><strong>NOTRE MISSION<\/strong><\/p>\n<p>bien pour toi. Et bien pour la plan\u00e8te.<span class=\"Apple-converted-space\">&nbsp;<\/span><\/p>\n<p>Nous croyons que la r\u00e9duction de notre empreinte environnementale est la voie \u00e0 suivre et nous nous effor\u00e7ons de la r\u00e9duire autant que possible. C&rsquo;est pourquoi nous avons d\u00e9cid\u00e9 de travailler avec le bambou pour cette ligne de produits unique, c&rsquo;est pourquoi nous sommes si heureux de travailler avec le bambou c&rsquo;est la derni\u00e8re de la sc\u00e8ne d&rsquo;histoire naturelle.<\/p>\n<p>Le bambou est une ressource rapidement renouvelable et pousse beaucoup plus vite que n&rsquo;importe quel arbre. Nous prenons soin de n&rsquo;utiliser que des composants certifi\u00e9s biologiques pour que vous sachiez que nous ne prenons que les bons produits !<\/p>\n<p><span class=\"Apple-converted-space\">&nbsp; <\/span><\/p>\n\t\t<\/div>\n\t\t\t\t\t<\/div>\n\n\t\n<\/div>\n\t\t<\/div>\n\n\t\t\n<style>\n#section_1822889051 {\n  padding-top: 59px;\n  padding-bottom: 59px;\n  min-height: 300px;\n  background-color: rgb(240, 240, 240);\n}\n<\/style>\n\t<\/section>\n\t\n\n\t<section class=\"section\" id=\"section_810194093\">\n\t\t<div class=\"section-bg fill\" >\n\t\t\t\t\t\t\t\t\t<div class=\"section-bg-overlay absolute fill\"><\/div>\n\t\t\t\n\t<div class=\"is-border\"\n\t\tstyle=\"border-color:rgb(235, 235, 235);border-width:1px 0px 0px 0px;\">\n\t<\/div>\n\n\t\t<\/div>\n\n\t\t\n\n\t\t<div class=\"section-content relative\">\n\t\t\t\n<div class=\"row row-large align-middle align-center\"  id=\"row-1102792445\">\n\n\t<div id=\"col-7425549\" class=\"col medium-6 small-12 large-6\"  >\n\t\t\t\t<div class=\"col-inner text-center dark\"  >\n\t\t\t\n\t\t\t\n<h2><strong>PATCH SUPPORT\u00c9<\/strong><\/h2>\n<p>Nous sommes conscients de notre responsabilit\u00e9 et c&rsquo;est pourquoi une partie des b\u00e9n\u00e9fices des ventes de PATCH va \u00e0 des organisations qui veulent aussi changer quelque chose et qui ont besoin de soutien pour cela. Ensemble, nous pouvons faire une diff\u00e9rence !<span class=\"Apple-converted-space\">&nbsp;<\/span><\/p>\n<p>OSSTIMOR&nbsp; &nbsp; &nbsp;SEA SHEPPARD&nbsp; &nbsp; &nbsp;HAITI LIFE<\/p>\n\t<div class=\"img has-hover x md-x lg-x y md-y lg-y\" id=\"image_242835004\">\n\t\t\t\t\t\t\t\t<div class=\"img-inner dark\" >\n\t\t\t<img loading=\"lazy\" decoding=\"async\" width=\"180\" height=\"180\" src=\"https:\/\/patchstrips.eu\/wp-content\/uploads\/2018\/11\/patch_round_light_grey-02_9c097d39-1184-4db8-ba92-ec950f952997_180x.png\" class=\"attachment-large size-large\" alt=\"\" srcset=\"https:\/\/patchstrips.eu\/wp-content\/uploads\/2018\/11\/patch_round_light_grey-02_9c097d39-1184-4db8-ba92-ec950f952997_180x.png 180w, https:\/\/patchstrips.eu\/wp-content\/uploads\/2018\/11\/patch_round_light_grey-02_9c097d39-1184-4db8-ba92-ec950f952997_180x-100x100.png 100w\" sizes=\"auto, (max-width: 180px) 100vw, 180px\" \/>\t\t\t\t\t\t\n\t\t\t\t\t<\/div>\n\t\t\t\t\t\t\t\t\n<style>\n#image_242835004 {\n  width: 51%;\n}\n<\/style>\n\t<\/div>\n\t\n\t\t<\/div>\n\t\t\t\t\t<\/div>\n\n\t\n\n\t<div id=\"col-1118817748\" class=\"col medium-6 small-12 large-6\"  data-animate=\"flipInY\">\n\t\t\t\t<div class=\"col-inner text-left box-shadow-2 box-shadow-5-hover\" style=\"background-color:rgb(255, 255, 255);\" >\n\t\t\t\n\t\t\t\n<p><span style=\"color: #282828;\"><strong>OSTTIMOR LIVRE POUR LES VILLAGES<span class=\"Apple-converted-space\">&nbsp;<\/span><\/strong><\/span><\/p>\n<p>Patch soutient les communaut\u00e9s locales du Timor oriental par l&rsquo;entremise de l&rsquo;\u00c9quipe de la mission des jeunes anciens combattants. Cela offre aux petites communaut\u00e9s une alternative durable aux rubans adh\u00e9sifs m\u00e9dicaux avec des ressources naturelles.<span class=\"Apple-converted-space\">&nbsp;<\/span><\/p>\n<h5 class=\"h5--accent strong home--uppercase\"><span style=\"color: #333333;\"><strong>SEA SHEPPARD<\/strong><\/span><\/h5>\n<div class=\"rte\">\n<p>Nous soutenons les neuf navires de la flotte de Sea Sheppard. Nous sommes ravis de travailler avec des initiatives comme Sea Shepherd pour appuyer le travail incroyable qu&rsquo;ils font pour sauver la vie marine et prot\u00e9ger nos oc\u00e9ans.<span class=\"Apple-converted-space\">&nbsp;<\/span><\/p>\n<h5 class=\"h5--accent strong home--uppercase\"><strong><span style=\"color: #333333;\">HAITI&nbsp;<\/span>AIDE<span class=\"Apple-converted-space\">&nbsp;<\/span><\/strong><\/h5>\n<div class=\"rte\">\n<p>Nous aimons tout simplement Retail Global et son fondateur Phil Leahy. Patch soutient sa mission dans les r\u00e9gions pauvres d&rsquo;Ha\u00efti. En Ha\u00efti, les enfants re\u00e7oivent des ressources m\u00e9dicales st\u00e9riles et les familles b\u00e9n\u00e9ficient d&rsquo;un soutien.<\/p>\n<\/div>\n<\/div>\n\t\t<\/div>\n\t\t\t\t\n<style>\n#col-1118817748 > .col-inner {\n  padding: 15px 15px 15px 15px;\n}\n<\/style>\n\t<\/div>\n\n\t\n<\/div>\n\t\t<\/div>\n\n\t\t\n<style>\n#section_810194093 {\n  padding-top: 59px;\n  padding-bottom: 59px;\n  min-height: 300px;\n  background-color: rgb(171, 171, 171);\n}\n#section_810194093 .section-bg-overlay {\n  background-color: rgba(0, 0, 0, 0.64);\n}\n<\/style>\n\t<\/section>\n\t\n\n\t<section class=\"section\" id=\"section_926539978\">\n\t\t<div class=\"section-bg fill\" >\n\t\t\t\t\t\t\t\t\t\n\t\t\t\n\n\t\t<\/div>\n\n\t\t\n\n\t\t<div class=\"section-content relative\">\n\t\t\t\n<div class=\"row\"  id=\"row-249279213\">\n\n\t<div id=\"col-218584149\" class=\"col medium-3 small-6 large-3\"  >\n\t\t\t\t<div class=\"col-inner\"  >\n\t\t\t\n\t\t\t\n\t<div class=\"img has-hover x md-x lg-x y md-y lg-y\" id=\"image_1997696369\">\n\t\t\t\t\t\t\t\t<div class=\"img-inner dark\" >\n\t\t\t<img loading=\"lazy\" decoding=\"async\" width=\"180\" height=\"180\" src=\"https:\/\/patchstrips.eu\/wp-content\/uploads\/2018\/11\/patch_round_light_grey-06_bceac49c-0fea-4cb2-96e5-6600fd6e3c09_180x.png\" class=\"attachment-large size-large\" alt=\"\" srcset=\"https:\/\/patchstrips.eu\/wp-content\/uploads\/2018\/11\/patch_round_light_grey-06_bceac49c-0fea-4cb2-96e5-6600fd6e3c09_180x.png 180w, https:\/\/patchstrips.eu\/wp-content\/uploads\/2018\/11\/patch_round_light_grey-06_bceac49c-0fea-4cb2-96e5-6600fd6e3c09_180x-100x100.png 100w\" sizes=\"auto, (max-width: 180px) 100vw, 180px\" \/>\t\t\t\t\t\t\n\t\t\t\t\t<\/div>\n\t\t\t\t\t\t\t\t\n<style>\n#image_1997696369 {\n  width: 100%;\n}\n<\/style>\n\t<\/div>\n\t\n\t\t<\/div>\n\t\t\t\t\t<\/div>\n\n\t\n\n\t<div id=\"col-1751268583\" class=\"col medium-3 small-6 large-3\"  >\n\t\t\t\t<div class=\"col-inner\"  >\n\t\t\t\n\t\t\t\n\t<div class=\"img has-hover x md-x lg-x y md-y lg-y\" id=\"image_1329495832\">\n\t\t\t\t\t\t\t\t<div class=\"img-inner dark\" >\n\t\t\t<img loading=\"lazy\" decoding=\"async\" width=\"180\" height=\"180\" src=\"https:\/\/patchstrips.eu\/wp-content\/uploads\/2018\/11\/patch_round_light_grey-04_d83a8882-ea5e-4e69-b3a7-3b600fb0b7d8_180x.png\" class=\"attachment-large size-large\" alt=\"\" srcset=\"https:\/\/patchstrips.eu\/wp-content\/uploads\/2018\/11\/patch_round_light_grey-04_d83a8882-ea5e-4e69-b3a7-3b600fb0b7d8_180x.png 180w, https:\/\/patchstrips.eu\/wp-content\/uploads\/2018\/11\/patch_round_light_grey-04_d83a8882-ea5e-4e69-b3a7-3b600fb0b7d8_180x-100x100.png 100w\" sizes=\"auto, (max-width: 180px) 100vw, 180px\" \/>\t\t\t\t\t\t\n\t\t\t\t\t<\/div>\n\t\t\t\t\t\t\t\t\n<style>\n#image_1329495832 {\n  width: 100%;\n}\n<\/style>\n\t<\/div>\n\t\n\t\t<\/div>\n\t\t\t\t\t<\/div>\n\n\t\n\n\t<div id=\"col-297024901\" class=\"col medium-3 small-6 large-3\"  >\n\t\t\t\t<div class=\"col-inner\"  >\n\t\t\t\n\t\t\t\n\t<div class=\"img has-hover x md-x lg-x y md-y lg-y\" id=\"image_587595094\">\n\t\t\t\t\t\t\t\t<div class=\"img-inner dark\" >\n\t\t\t<img loading=\"lazy\" decoding=\"async\" width=\"180\" height=\"180\" src=\"https:\/\/patchstrips.eu\/wp-content\/uploads\/2018\/11\/patch_round_light_grey-01_c3255d69-d0ae-43c7-8538-e4fa4ee07da0_180x.png\" class=\"attachment-large size-large\" alt=\"\" srcset=\"https:\/\/patchstrips.eu\/wp-content\/uploads\/2018\/11\/patch_round_light_grey-01_c3255d69-d0ae-43c7-8538-e4fa4ee07da0_180x.png 180w, https:\/\/patchstrips.eu\/wp-content\/uploads\/2018\/11\/patch_round_light_grey-01_c3255d69-d0ae-43c7-8538-e4fa4ee07da0_180x-100x100.png 100w\" sizes=\"auto, (max-width: 180px) 100vw, 180px\" \/>\t\t\t\t\t\t\n\t\t\t\t\t<\/div>\n\t\t\t\t\t\t\t\t\n<style>\n#image_587595094 {\n  width: 100%;\n}\n<\/style>\n\t<\/div>\n\t\n\t\t<\/div>\n\t\t\t\t\t<\/div>\n\n\t\n<\/div>\n\t\t<\/div>\n\n\t\t\n<style>\n#section_926539978 {\n  padding-top: 30px;\n  padding-bottom: 30px;\n}\n<\/style>\n\t<\/section>\n\t\n\t\n  \n    <div class=\"row large-columns-5 medium-columns-3 small-columns-2 row-small has-shadow row-box-shadow-1 slider row-slider slider-nav-reveal slider-nav-push\"  data-flickity-options='{&quot;imagesLoaded&quot;: true, &quot;groupCells&quot;: &quot;100%&quot;, &quot;dragThreshold&quot; : 5, &quot;cellAlign&quot;: &quot;left&quot;,&quot;wrapAround&quot;: true,&quot;prevNextButtons&quot;: true,&quot;percentPosition&quot;: true,&quot;pageDots&quot;: false, &quot;rightToLeft&quot;: false, &quot;autoPlay&quot; : false}' >\n\n  <\/div>\n","protected":false},"excerpt":{"rendered":"","protected":false},"author":29,"featured_media":0,"parent":0,"menu_order":0,"comment_status":"closed","ping_status":"closed","template":"page-blank.php","meta":{"footnotes":""},"class_list":["post-1749","page","type-page","status-publish","hentry"],"_links":{"self":[{"href":"https:\/\/patchstrips.eu\/fr\/wp-json\/wp\/v2\/pages\/1749","targetHints":{"allow":["GET"]}}],"collection":[{"href":"https:\/\/patchstrips.eu\/fr\/wp-json\/wp\/v2\/pages"}],"about":[{"href":"https:\/\/patchstrips.eu\/fr\/wp-json\/wp\/v2\/types\/page"}],"author":[{"embeddable":true,"href":"https:\/\/patchstrips.eu\/fr\/wp-json\/wp\/v2\/users\/29"}],"replies":[{"embeddable":true,"href":"https:\/\/patchstrips.eu\/fr\/wp-json\/wp\/v2\/comments?post=1749"}],"version-history":[{"count":3,"href":"https:\/\/patchstrips.eu\/fr\/wp-json\/wp\/v2\/pages\/1749\/revisions"}],"predecessor-version":[{"id":12286,"href":"https:\/\/patchstrips.eu\/fr\/wp-json\/wp\/v2\/pages\/1749\/revisions\/12286"}],"wp:attachment":[{"href":"https:\/\/patchstrips.eu\/fr\/wp-json\/wp\/v2\/media?parent=1749"}],"curies":[{"name":"wp","href":"https:\/\/api.w.org\/{rel}","templated":true}]}}