{"id":1732,"date":"2018-11-12T22:02:02","date_gmt":"2018-11-12T21:02:02","guid":{"rendered":"https:\/\/patchstrips.eu\/produkt\/patch-aloe-vera\/"},"modified":"2024-03-25T08:51:30","modified_gmt":"2024-03-25T07:51:30","slug":"patch-aloe-vera","status":"publish","type":"product","link":"https:\/\/patchstrips.eu\/fr\/produkt\/patch-aloe-vera\/","title":{"rendered":"PATCH Aloe Vera"},"content":{"rendered":"<p>Patch Aloe Vera est pour les aventures entre nous.<span class=\"Apple-converted-space\">\u00a0<\/span><\/p>\n<p>Notre s\u00e9rie PATCH Aloe Vera est compos\u00e9e de fibres de bambou 100% organiques, la gaze est enrichie d&rsquo;extrait d&rsquo;Aloe Vera pour aider \u00e0 r\u00e9parer et apaiser les petites br\u00fblures, ampoules et abrasions.<span class=\"Apple-converted-space\">\u00a0<\/span><\/p>\n<p>Le timbre est exempt de produits chimiques, il offre donc une protection appropri\u00e9e et un soutien en douceur pour tous les types de peaux sensibles.<\/p>\n","protected":false},"excerpt":{"rendered":"<p>PATCH ALOE VERA<span class=\"Apple-converted-space\">\u00a0<\/span><\/p>\n<p>BAMBUS PLASTER Br\u00fblures l\u00e9g\u00e8res ou ampoules, PATCH Aloe vera est l&rsquo;enduit parfait pour les premiers soins car l&rsquo;Aloe vera dans l&rsquo;enduit a un effet calmant et apaisant.<span class=\"Apple-converted-space\">\u00a0<\/span><\/p>\n","protected":false},"featured_media":10861,"comment_status":"open","ping_status":"closed","template":"","meta":[],"product_brand":[],"product_cat":[148],"product_tag":[],"class_list":{"0":"post-1732","1":"product","2":"type-product","3":"status-publish","4":"has-post-thumbnail","6":"product_cat-le-patch-bambou-tubes","8":"first","9":"outofstock","10":"taxable","11":"shipping-taxable","12":"purchasable","13":"product-type-simple"},"_links":{"self":[{"href":"https:\/\/patchstrips.eu\/fr\/wp-json\/wp\/v2\/product\/1732","targetHints":{"allow":["GET"]}}],"collection":[{"href":"https:\/\/patchstrips.eu\/fr\/wp-json\/wp\/v2\/product"}],"about":[{"href":"https:\/\/patchstrips.eu\/fr\/wp-json\/wp\/v2\/types\/product"}],"replies":[{"embeddable":true,"href":"https:\/\/patchstrips.eu\/fr\/wp-json\/wp\/v2\/comments?post=1732"}],"wp:featuredmedia":[{"embeddable":true,"href":"https:\/\/patchstrips.eu\/fr\/wp-json\/wp\/v2\/media\/10861"}],"wp:attachment":[{"href":"https:\/\/patchstrips.eu\/fr\/wp-json\/wp\/v2\/media?parent=1732"}],"wp:term":[{"taxonomy":"product_brand","embeddable":true,"href":"https:\/\/patchstrips.eu\/fr\/wp-json\/wp\/v2\/product_brand?post=1732"},{"taxonomy":"product_cat","embeddable":true,"href":"https:\/\/patchstrips.eu\/fr\/wp-json\/wp\/v2\/product_cat?post=1732"},{"taxonomy":"product_tag","embeddable":true,"href":"https:\/\/patchstrips.eu\/fr\/wp-json\/wp\/v2\/product_tag?post=1732"}],"curies":[{"name":"wp","href":"https:\/\/api.w.org\/{rel}","templated":true}]}}