{"id":1763,"date":"2018-11-12T22:01:21","date_gmt":"2018-11-12T21:01:21","guid":{"rendered":"https:\/\/patchstrips.eu\/produkt\/patch-charbon-actif\/"},"modified":"2024-03-25T08:51:30","modified_gmt":"2024-03-25T07:51:30","slug":"patch-charbon-actif","status":"publish","type":"product","link":"https:\/\/patchstrips.eu\/fr\/produkt\/patch-charbon-actif\/","title":{"rendered":"PATCH Charbon Actif"},"content":{"rendered":"<p>Le charbon actif Patch est parfait pour les sportifs et les amateurs de sensations fortes.<span class=\"Apple-converted-space\">\u00a0<\/span><\/p>\n<p>Notre gamme de charbon actif est compos\u00e9e \u00e0 100% de fibres de bambou biologique, avec gaze de charbon actif pour traiter les impuret\u00e9s et les infections des petites plaies.<span class=\"Apple-converted-space\">\u00a0<\/span><\/p>\n<p><strong>Materielles <span class=\"Apple-converted-space\">\u00a0<\/span><\/strong><\/p>\n<p>Le charbon actif Patch est fabriqu\u00e9 \u00e0 partir de charbon de bambou activ\u00e9 pour soutenir le processus naturel de gu\u00e9rison. Ils sont anti-allerg\u00e9niques et conviennent aux personnes \u00e0 la peau sensible.<span class=\"Apple-converted-space\">\u00a0<\/span><\/p>\n<p>Fabriqu\u00e9 avec de la fibre de bambou doux et organique et de la gaze, avec un adh\u00e9sif hypoallerg\u00e9nique et sensible \u00e0 la pression (PSA) pour que vous puissiez continuer vos aventures.<span class=\"Apple-converted-space\">\u00a0<\/span><\/p>\n<p><strong>Avantages<\/strong><\/p>\n<p>Le charbon de bambou activ\u00e9 est tr\u00e8s absorbant et agit comme un aimant sur les impuret\u00e9s de la plaie. Cela aide ensuite \u00e0 la cicatrisation naturelle de la plaie. Une fois que les contaminants sont attir\u00e9s, l&rsquo;inflammation et la rougeur sont r\u00e9duites, minimisant ainsi le risque d&rsquo;infection pour une cicatrisation plus s\u00e9curitaire.<\/p>\n<p>Faites une d\u00e9claration avec nos patch patchs noirs et enregistrez toutes les aventures que vous rencontrez en cours de route.<\/p>\n","protected":false},"excerpt":{"rendered":"<p>PATCH Patch en bambou pour le soin des plaies avec des composants de charbon actif<span class=\"Apple-converted-space\">\u00a0<\/span><\/p>\n<p>Premiers soins pour les impuret\u00e9s l\u00e9g\u00e8res et les infections.<\/p>\n","protected":false},"featured_media":10843,"comment_status":"open","ping_status":"closed","template":"","meta":[],"product_brand":[],"product_cat":[148],"product_tag":[],"class_list":{"0":"post-1763","1":"product","2":"type-product","3":"status-publish","4":"has-post-thumbnail","6":"product_cat-le-patch-bambou-tubes","8":"first","9":"outofstock","10":"taxable","11":"shipping-taxable","12":"purchasable","13":"product-type-simple"},"_links":{"self":[{"href":"https:\/\/patchstrips.eu\/fr\/wp-json\/wp\/v2\/product\/1763","targetHints":{"allow":["GET"]}}],"collection":[{"href":"https:\/\/patchstrips.eu\/fr\/wp-json\/wp\/v2\/product"}],"about":[{"href":"https:\/\/patchstrips.eu\/fr\/wp-json\/wp\/v2\/types\/product"}],"replies":[{"embeddable":true,"href":"https:\/\/patchstrips.eu\/fr\/wp-json\/wp\/v2\/comments?post=1763"}],"wp:featuredmedia":[{"embeddable":true,"href":"https:\/\/patchstrips.eu\/fr\/wp-json\/wp\/v2\/media\/10843"}],"wp:attachment":[{"href":"https:\/\/patchstrips.eu\/fr\/wp-json\/wp\/v2\/media?parent=1763"}],"wp:term":[{"taxonomy":"product_brand","embeddable":true,"href":"https:\/\/patchstrips.eu\/fr\/wp-json\/wp\/v2\/product_brand?post=1763"},{"taxonomy":"product_cat","embeddable":true,"href":"https:\/\/patchstrips.eu\/fr\/wp-json\/wp\/v2\/product_cat?post=1763"},{"taxonomy":"product_tag","embeddable":true,"href":"https:\/\/patchstrips.eu\/fr\/wp-json\/wp\/v2\/product_tag?post=1763"}],"curies":[{"name":"wp","href":"https:\/\/api.w.org\/{rel}","templated":true}]}}