{"id":1767,"date":"2018-11-12T22:00:48","date_gmt":"2018-11-12T21:00:48","guid":{"rendered":"https:\/\/patchstrips.eu\/produkt\/patch-coconut-oil\/"},"modified":"2019-06-30T06:15:55","modified_gmt":"2019-06-30T04:15:55","slug":"patch-coconut-oil","status":"publish","type":"product","link":"https:\/\/patchstrips.eu\/fr\/produkt\/patch-coconut-oil\/","title":{"rendered":"PATCH Hule De Coco"},"content":{"rendered":"<p><strong>Patch Coconut Oil est con\u00e7u pour les futurs \u00e9co-guerriers de notre plan\u00e8te.<span class=\"Apple-converted-space\">\u00a0<\/span><\/strong><\/p>\n<p>Notre gamme Kids est compos\u00e9e de fibres de bambou 100% biologiques enrichies d&rsquo;huile de coco dans la gaze pour apaiser les \u00e9gratignures et les abrasions et apporter un soutien durable aux peaux sensibles.<span class=\"Apple-converted-space\">\u00a0<\/span><\/p>\n<p>Le mignon Panda Print a \u00e9t\u00e9 con\u00e7u pour r\u00e9conforter les enfants dans les petites situations d&rsquo;urgence. . . la consolation pour ainsi dire.<\/p>\n","protected":false},"excerpt":{"rendered":"<p>PATCH Bamboo Kids Patch Soin des plaies en bambou avec des ingr\u00e9dients \u00e0 base d&rsquo;huile de noix de coco<span class=\"Apple-converted-space\">\u00a0<\/span><\/p>\n<p>Premiers soins en cas d&rsquo;\u00e9gratignures et d&rsquo;abrasions<\/p>\n","protected":false},"featured_media":10879,"comment_status":"open","ping_status":"closed","template":"","meta":[],"product_brand":[],"product_cat":[148],"product_tag":[],"class_list":{"0":"post-1767","1":"product","2":"type-product","3":"status-publish","4":"has-post-thumbnail","6":"product_cat-le-patch-bambou-tubes","8":"first","9":"outofstock","10":"taxable","11":"shipping-taxable","12":"purchasable","13":"product-type-simple"},"_links":{"self":[{"href":"https:\/\/patchstrips.eu\/fr\/wp-json\/wp\/v2\/product\/1767","targetHints":{"allow":["GET"]}}],"collection":[{"href":"https:\/\/patchstrips.eu\/fr\/wp-json\/wp\/v2\/product"}],"about":[{"href":"https:\/\/patchstrips.eu\/fr\/wp-json\/wp\/v2\/types\/product"}],"replies":[{"embeddable":true,"href":"https:\/\/patchstrips.eu\/fr\/wp-json\/wp\/v2\/comments?post=1767"}],"wp:featuredmedia":[{"embeddable":true,"href":"https:\/\/patchstrips.eu\/fr\/wp-json\/wp\/v2\/media\/10879"}],"wp:attachment":[{"href":"https:\/\/patchstrips.eu\/fr\/wp-json\/wp\/v2\/media?parent=1767"}],"wp:term":[{"taxonomy":"product_brand","embeddable":true,"href":"https:\/\/patchstrips.eu\/fr\/wp-json\/wp\/v2\/product_brand?post=1767"},{"taxonomy":"product_cat","embeddable":true,"href":"https:\/\/patchstrips.eu\/fr\/wp-json\/wp\/v2\/product_cat?post=1767"},{"taxonomy":"product_tag","embeddable":true,"href":"https:\/\/patchstrips.eu\/fr\/wp-json\/wp\/v2\/product_tag?post=1767"}],"curies":[{"name":"wp","href":"https:\/\/api.w.org\/{rel}","templated":true}]}}