{"id":1770,"date":"2018-11-12T21:58:49","date_gmt":"2018-11-12T20:58:49","guid":{"rendered":"https:\/\/patchstrips.eu\/produkt\/1770\/"},"modified":"2024-12-04T10:46:06","modified_gmt":"2024-12-04T09:46:06","slug":"1770","status":"publish","type":"product","link":"https:\/\/patchstrips.eu\/fr\/produkt\/1770\/","title":{"rendered":"PATCH Neutrale\u00a0"},"content":{"rendered":"<p>Fabriqu\u00e9 avec de la fibre de bambou doux et organique et de la gaze, avec un adh\u00e9sif hypoallerg\u00e9nique et sensible \u00e0 la pression (PSA) pour que vous puissiez continuer vos aventures.<span class=\"Apple-converted-space\">\u00a0<\/span><\/p>\n<p>&nbsp;<\/p>\n","protected":false},"excerpt":{"rendered":"<p>PATCH Neutrale\u00a0BAMBUS PLASTER Notre patch PATCH sans ingr\u00e9dients. Si vous voulez traiter une simple coupure, PATCH Neutral est le patch pour vous.<span class=\"Apple-converted-space\">\u00a0<\/span><\/p>\n","protected":false},"featured_media":10897,"comment_status":"open","ping_status":"closed","template":"","meta":[],"product_brand":[],"product_cat":[148],"product_tag":[],"class_list":{"0":"post-1770","1":"product","2":"type-product","3":"status-publish","4":"has-post-thumbnail","6":"product_cat-le-patch-bambou-tubes","8":"first","9":"outofstock","10":"taxable","11":"shipping-taxable","12":"purchasable","13":"product-type-simple"},"_links":{"self":[{"href":"https:\/\/patchstrips.eu\/fr\/wp-json\/wp\/v2\/product\/1770","targetHints":{"allow":["GET"]}}],"collection":[{"href":"https:\/\/patchstrips.eu\/fr\/wp-json\/wp\/v2\/product"}],"about":[{"href":"https:\/\/patchstrips.eu\/fr\/wp-json\/wp\/v2\/types\/product"}],"replies":[{"embeddable":true,"href":"https:\/\/patchstrips.eu\/fr\/wp-json\/wp\/v2\/comments?post=1770"}],"wp:featuredmedia":[{"embeddable":true,"href":"https:\/\/patchstrips.eu\/fr\/wp-json\/wp\/v2\/media\/10897"}],"wp:attachment":[{"href":"https:\/\/patchstrips.eu\/fr\/wp-json\/wp\/v2\/media?parent=1770"}],"wp:term":[{"taxonomy":"product_brand","embeddable":true,"href":"https:\/\/patchstrips.eu\/fr\/wp-json\/wp\/v2\/product_brand?post=1770"},{"taxonomy":"product_cat","embeddable":true,"href":"https:\/\/patchstrips.eu\/fr\/wp-json\/wp\/v2\/product_cat?post=1770"},{"taxonomy":"product_tag","embeddable":true,"href":"https:\/\/patchstrips.eu\/fr\/wp-json\/wp\/v2\/product_tag?post=1770"}],"curies":[{"name":"wp","href":"https:\/\/api.w.org\/{rel}","templated":true}]}}